{"id":58021,"date":"2021-05-18T22:44:37","date_gmt":"2021-05-19T01:52:50","guid":{"rendered":"https:\/\/bodegagarzon.com\/?post_type=product&#038;p=58021"},"modified":"2021-06-25T13:59:52","modified_gmt":"2021-06-25T16:59:52","slug":"petit-clos-alvarinho-2020","status":"publish","type":"product","link":"https:\/\/bodegagarzon.com\/pt\/vinho\/petit-clos-alvarinho-2020\/","title":{"rendered":"Petit Clos Alvarinho 2020"},"content":{"rendered":"<p>Uma parcela \u00fanica, com um clone classe A, em uma posi\u00e7\u00e3o topogr\u00e1fica privilegiada para obter um vinho \u00fanico.<\/p>\n<p>&nbsp;<\/p>\n","protected":false},"excerpt":{"rendered":"<p>Uma parcela \u00fanica, com um clone classe A, em uma posi\u00e7\u00e3o topogr\u00e1fica privilegiada para obter um vinho \u00fanico. &nbsp;<\/p>\n","protected":false},"featured_media":69920,"comment_status":"open","ping_status":"closed","template":"","meta":{"inline_featured_image":false,"generate_page_header":""},"product_cat":[419],"product_tag":[],"anada":[915],"acf":[],"yoast_head":"<!-- This site is optimized with the Yoast SEO plugin v19.1 - https:\/\/yoast.com\/wordpress\/plugins\/seo\/ -->\n<title>Petit Clos Alvarinho 2020 - Bodega Garz\u00f3n<\/title>\n<meta name=\"robots\" content=\"index, follow, max-snippet:-1, max-image-preview:large, max-video-preview:-1\" \/>\n<link rel=\"canonical\" href=\"https:\/\/bodegagarzon.com\/pt\/vinho\/petit-clos-alvarinho-2020\/\" \/>\n<meta property=\"og:locale\" content=\"pt_PT\" \/>\n<meta property=\"og:type\" content=\"article\" \/>\n<meta property=\"og:title\" content=\"Petit Clos Alvarinho 2020 - Bodega Garz\u00f3n\" \/>\n<meta property=\"og:description\" content=\"Uma parcela \u00fanica, com um clone classe A, em uma posi\u00e7\u00e3o topogr\u00e1fica privilegiada para obter um vinho \u00fanico. &nbsp;\" \/>\n<meta property=\"og:url\" content=\"https:\/\/bodegagarzon.com\/pt\/vinho\/petit-clos-alvarinho-2020\/\" \/>\n<meta property=\"og:site_name\" content=\"Bodega Garz\u00f3n\" \/>\n<meta property=\"article:publisher\" content=\"https:\/\/www.facebook.com\/ExperienciasGarzon\/\" \/>\n<meta property=\"article:modified_time\" content=\"2021-06-25T16:59:52+00:00\" \/>\n<meta property=\"og:image\" content=\"https:\/\/bodegagarzon.com\/wp-content\/uploads\/2021\/05\/pet.png\" \/>\n\t<meta property=\"og:image:width\" content=\"300\" \/>\n\t<meta property=\"og:image:height\" content=\"762\" \/>\n\t<meta property=\"og:image:type\" content=\"image\/png\" \/>\n<meta name=\"twitter:card\" content=\"summary_large_image\" \/>\n<meta name=\"twitter:site\" content=\"@BodegaGarzon\" \/>\n<meta name=\"twitter:label1\" content=\"Tempo estimado de leitura\" \/>\n\t<meta name=\"twitter:data1\" content=\"1 minuto\" \/>\n<script type=\"application\/ld+json\" class=\"yoast-schema-graph\">{\"@context\":\"https:\/\/schema.org\",\"@graph\":[{\"@type\":\"WebSite\",\"@id\":\"https:\/\/bodegagarzon.com\/es\/#website\",\"url\":\"https:\/\/bodegagarzon.com\/es\/\",\"name\":\"Bodega Garz\u00f3n\",\"description\":\"Exclusivos y aut\u00e9nticos vinos uruguayos\",\"potentialAction\":[{\"@type\":\"SearchAction\",\"target\":{\"@type\":\"EntryPoint\",\"urlTemplate\":\"https:\/\/bodegagarzon.com\/es\/?s={search_term_string}\"},\"query-input\":\"required name=search_term_string\"}],\"inLanguage\":\"pt-PT\"},{\"@type\":\"ImageObject\",\"inLanguage\":\"pt-PT\",\"@id\":\"https:\/\/bodegagarzon.com\/pt\/vinho\/petit-clos-alvarinho-2020\/#primaryimage\",\"url\":\"https:\/\/bodegagarzon.com\/wp-content\/uploads\/2021\/05\/PCA.png\",\"contentUrl\":\"https:\/\/bodegagarzon.com\/wp-content\/uploads\/2021\/05\/PCA.png\",\"width\":300,\"height\":762,\"caption\":\"PC albari\u00f1o\"},{\"@type\":\"WebPage\",\"@id\":\"https:\/\/bodegagarzon.com\/pt\/vinho\/petit-clos-alvarinho-2020\/#webpage\",\"url\":\"https:\/\/bodegagarzon.com\/pt\/vinho\/petit-clos-alvarinho-2020\/\",\"name\":\"Petit Clos Alvarinho 2020 - Bodega Garz\u00f3n\",\"isPartOf\":{\"@id\":\"https:\/\/bodegagarzon.com\/es\/#website\"},\"primaryImageOfPage\":{\"@id\":\"https:\/\/bodegagarzon.com\/pt\/vinho\/petit-clos-alvarinho-2020\/#primaryimage\"},\"datePublished\":\"2021-05-19T01:52:50+00:00\",\"dateModified\":\"2021-06-25T16:59:52+00:00\",\"breadcrumb\":{\"@id\":\"https:\/\/bodegagarzon.com\/pt\/vinho\/petit-clos-alvarinho-2020\/#breadcrumb\"},\"inLanguage\":\"pt-PT\",\"potentialAction\":[{\"@type\":\"ReadAction\",\"target\":[\"https:\/\/bodegagarzon.com\/pt\/vinho\/petit-clos-alvarinho-2020\/\"]}]},{\"@type\":\"BreadcrumbList\",\"@id\":\"https:\/\/bodegagarzon.com\/pt\/vinho\/petit-clos-alvarinho-2020\/#breadcrumb\",\"itemListElement\":[{\"@type\":\"ListItem\",\"position\":1,\"name\":\"Tienda\",\"item\":\"https:\/\/bodegagarzon.com\/es\/tienda\/\"},{\"@type\":\"ListItem\",\"position\":2,\"name\":\"Petit Clos Alvarinho 2020\"}]}]}<\/script>\n<!-- \/ Yoast SEO plugin. -->","yoast_head_json":{"title":"Petit Clos Alvarinho 2020 - Bodega Garz\u00f3n","robots":{"index":"index","follow":"follow","max-snippet":"max-snippet:-1","max-image-preview":"max-image-preview:large","max-video-preview":"max-video-preview:-1"},"canonical":"https:\/\/bodegagarzon.com\/pt\/vinho\/petit-clos-alvarinho-2020\/","og_locale":"pt_PT","og_type":"article","og_title":"Petit Clos Alvarinho 2020 - Bodega Garz\u00f3n","og_description":"Uma parcela \u00fanica, com um clone classe A, em uma posi\u00e7\u00e3o topogr\u00e1fica privilegiada para obter um vinho \u00fanico. &nbsp;","og_url":"https:\/\/bodegagarzon.com\/pt\/vinho\/petit-clos-alvarinho-2020\/","og_site_name":"Bodega Garz\u00f3n","article_publisher":"https:\/\/www.facebook.com\/ExperienciasGarzon\/","article_modified_time":"2021-06-25T16:59:52+00:00","og_image":[{"width":300,"height":762,"url":"https:\/\/bodegagarzon.com\/wp-content\/uploads\/2021\/05\/pet.png","type":"image\/png"}],"twitter_card":"summary_large_image","twitter_site":"@BodegaGarzon","twitter_misc":{"Tempo estimado de leitura":"1 minuto"},"schema":{"@context":"https:\/\/schema.org","@graph":[{"@type":"WebSite","@id":"https:\/\/bodegagarzon.com\/es\/#website","url":"https:\/\/bodegagarzon.com\/es\/","name":"Bodega Garz\u00f3n","description":"Exclusivos y aut\u00e9nticos vinos uruguayos","potentialAction":[{"@type":"SearchAction","target":{"@type":"EntryPoint","urlTemplate":"https:\/\/bodegagarzon.com\/es\/?s={search_term_string}"},"query-input":"required name=search_term_string"}],"inLanguage":"pt-PT"},{"@type":"ImageObject","inLanguage":"pt-PT","@id":"https:\/\/bodegagarzon.com\/pt\/vinho\/petit-clos-alvarinho-2020\/#primaryimage","url":"https:\/\/bodegagarzon.com\/wp-content\/uploads\/2021\/05\/PCA.png","contentUrl":"https:\/\/bodegagarzon.com\/wp-content\/uploads\/2021\/05\/PCA.png","width":300,"height":762,"caption":"PC albari\u00f1o"},{"@type":"WebPage","@id":"https:\/\/bodegagarzon.com\/pt\/vinho\/petit-clos-alvarinho-2020\/#webpage","url":"https:\/\/bodegagarzon.com\/pt\/vinho\/petit-clos-alvarinho-2020\/","name":"Petit Clos Alvarinho 2020 - Bodega Garz\u00f3n","isPartOf":{"@id":"https:\/\/bodegagarzon.com\/es\/#website"},"primaryImageOfPage":{"@id":"https:\/\/bodegagarzon.com\/pt\/vinho\/petit-clos-alvarinho-2020\/#primaryimage"},"datePublished":"2021-05-19T01:52:50+00:00","dateModified":"2021-06-25T16:59:52+00:00","breadcrumb":{"@id":"https:\/\/bodegagarzon.com\/pt\/vinho\/petit-clos-alvarinho-2020\/#breadcrumb"},"inLanguage":"pt-PT","potentialAction":[{"@type":"ReadAction","target":["https:\/\/bodegagarzon.com\/pt\/vinho\/petit-clos-alvarinho-2020\/"]}]},{"@type":"BreadcrumbList","@id":"https:\/\/bodegagarzon.com\/pt\/vinho\/petit-clos-alvarinho-2020\/#breadcrumb","itemListElement":[{"@type":"ListItem","position":1,"name":"Tienda","item":"https:\/\/bodegagarzon.com\/es\/tienda\/"},{"@type":"ListItem","position":2,"name":"Petit Clos Alvarinho 2020"}]}]}},"_links":{"self":[{"href":"https:\/\/bodegagarzon.com\/pt\/wp-json\/wp\/v2\/product\/58021"}],"collection":[{"href":"https:\/\/bodegagarzon.com\/pt\/wp-json\/wp\/v2\/product"}],"about":[{"href":"https:\/\/bodegagarzon.com\/pt\/wp-json\/wp\/v2\/types\/product"}],"replies":[{"embeddable":true,"href":"https:\/\/bodegagarzon.com\/pt\/wp-json\/wp\/v2\/comments?post=58021"}],"wp:featuredmedia":[{"embeddable":true,"href":"https:\/\/bodegagarzon.com\/pt\/wp-json\/wp\/v2\/media\/69920"}],"wp:attachment":[{"href":"https:\/\/bodegagarzon.com\/pt\/wp-json\/wp\/v2\/media?parent=58021"}],"wp:term":[{"taxonomy":"product_cat","embeddable":true,"href":"https:\/\/bodegagarzon.com\/pt\/wp-json\/wp\/v2\/product_cat?post=58021"},{"taxonomy":"product_tag","embeddable":true,"href":"https:\/\/bodegagarzon.com\/pt\/wp-json\/wp\/v2\/product_tag?post=58021"},{"taxonomy":"anada","embeddable":true,"href":"https:\/\/bodegagarzon.com\/pt\/wp-json\/wp\/v2\/anada?post=58021"}],"curies":[{"name":"wp","href":"https:\/\/api.w.org\/{rel}","templated":true}]}}