{"id":21205,"date":"2018-11-26T13:35:22","date_gmt":"2018-11-26T12:35:22","guid":{"rendered":"https:\/\/bodegagarzon.com\/vino\/extra-brut\/"},"modified":"2025-03-25T13:24:34","modified_gmt":"2025-03-25T16:24:34","slug":"extra-brut","status":"publish","type":"product","link":"https:\/\/bodegagarzon.com\/pt\/vinho\/extra-brut\/","title":{"rendered":"Extra Brut"},"content":{"rendered":"","protected":false},"excerpt":{"rendered":"","protected":false},"featured_media":21564,"comment_status":"open","ping_status":"closed","template":"","meta":{"inline_featured_image":false,"generate_page_header":""},"product_cat":[752],"product_tag":[],"anada":[755],"acf":[],"yoast_head":"<!-- This site is optimized with the Yoast SEO plugin v19.1 - https:\/\/yoast.com\/wordpress\/plugins\/seo\/ -->\n<title>Vinho Espumante Extra Brut: Bodega Garz\u00f3n<\/title>\n<meta name=\"description\" content=\"O equil\u00edbrio perfeito que se expressa em nosso sabor. Conhe\u00e7a Sparkling Garz\u00f3n Extra Brut de Bodega Garz\u00f3n.\" \/>\n<meta name=\"robots\" content=\"index, follow, max-snippet:-1, max-image-preview:large, max-video-preview:-1\" \/>\n<link rel=\"canonical\" href=\"https:\/\/bodegagarzon.com\/pt\/vinho\/extra-brut\/\" \/>\n<meta property=\"og:locale\" content=\"pt_PT\" \/>\n<meta property=\"og:type\" content=\"article\" \/>\n<meta property=\"og:title\" content=\"Vinho Espumante Extra Brut: Bodega Garz\u00f3n\" \/>\n<meta property=\"og:description\" content=\"O equil\u00edbrio perfeito que se expressa em nosso sabor. Conhe\u00e7a Sparkling Garz\u00f3n Extra Brut de Bodega Garz\u00f3n.\" \/>\n<meta property=\"og:url\" content=\"https:\/\/bodegagarzon.com\/pt\/vinho\/extra-brut\/\" \/>\n<meta property=\"og:site_name\" content=\"Bodega Garz\u00f3n\" \/>\n<meta property=\"article:publisher\" content=\"https:\/\/www.facebook.com\/ExperienciasGarzon\/\" \/>\n<meta property=\"article:modified_time\" content=\"2025-03-25T16:24:34+00:00\" \/>\n<meta property=\"og:image\" content=\"https:\/\/bodegagarzon.com\/wp-content\/uploads\/2018\/11\/Garzo\u0301n-Sparkling-Extra-Brut-300x762.png\" \/>\n\t<meta property=\"og:image:width\" content=\"300\" \/>\n\t<meta property=\"og:image:height\" content=\"762\" \/>\n\t<meta property=\"og:image:type\" content=\"image\/png\" \/>\n<meta name=\"twitter:card\" content=\"summary_large_image\" \/>\n<meta name=\"twitter:site\" content=\"@BodegaGarzon\" \/>\n<script type=\"application\/ld+json\" class=\"yoast-schema-graph\">{\"@context\":\"https:\/\/schema.org\",\"@graph\":[{\"@type\":\"WebSite\",\"@id\":\"https:\/\/bodegagarzon.com\/es\/#website\",\"url\":\"https:\/\/bodegagarzon.com\/es\/\",\"name\":\"Bodega Garz\u00f3n\",\"description\":\"Exclusivos y aut\u00e9nticos vinos uruguayos\",\"potentialAction\":[{\"@type\":\"SearchAction\",\"target\":{\"@type\":\"EntryPoint\",\"urlTemplate\":\"https:\/\/bodegagarzon.com\/es\/?s={search_term_string}\"},\"query-input\":\"required name=search_term_string\"}],\"inLanguage\":\"pt-PT\"},{\"@type\":\"ImageObject\",\"inLanguage\":\"pt-PT\",\"@id\":\"https:\/\/bodegagarzon.com\/pt\/vinho\/extra-brut\/#primaryimage\",\"url\":\"https:\/\/bodegagarzon.com\/wp-content\/uploads\/2018\/11\/Garzo\u0301n-Sparkling-Extra-Brut-300x762.png\",\"contentUrl\":\"https:\/\/bodegagarzon.com\/wp-content\/uploads\/2018\/11\/Garzo\u0301n-Sparkling-Extra-Brut-300x762.png\",\"width\":300,\"height\":762},{\"@type\":\"WebPage\",\"@id\":\"https:\/\/bodegagarzon.com\/pt\/vinho\/extra-brut\/#webpage\",\"url\":\"https:\/\/bodegagarzon.com\/pt\/vinho\/extra-brut\/\",\"name\":\"Vinho Espumante Extra Brut: Bodega Garz\u00f3n\",\"isPartOf\":{\"@id\":\"https:\/\/bodegagarzon.com\/es\/#website\"},\"primaryImageOfPage\":{\"@id\":\"https:\/\/bodegagarzon.com\/pt\/vinho\/extra-brut\/#primaryimage\"},\"datePublished\":\"2018-11-26T12:35:22+00:00\",\"dateModified\":\"2025-03-25T16:24:34+00:00\",\"description\":\"O equil\u00edbrio perfeito que se expressa em nosso sabor. Conhe\u00e7a Sparkling Garz\u00f3n Extra Brut de Bodega Garz\u00f3n.\",\"breadcrumb\":{\"@id\":\"https:\/\/bodegagarzon.com\/pt\/vinho\/extra-brut\/#breadcrumb\"},\"inLanguage\":\"pt-PT\",\"potentialAction\":[{\"@type\":\"ReadAction\",\"target\":[\"https:\/\/bodegagarzon.com\/pt\/vinho\/extra-brut\/\"]}]},{\"@type\":\"BreadcrumbList\",\"@id\":\"https:\/\/bodegagarzon.com\/pt\/vinho\/extra-brut\/#breadcrumb\",\"itemListElement\":[{\"@type\":\"ListItem\",\"position\":1,\"name\":\"Tienda\",\"item\":\"https:\/\/bodegagarzon.com\/es\/tienda\/\"},{\"@type\":\"ListItem\",\"position\":2,\"name\":\"Extra Brut\"}]}]}<\/script>\n<!-- \/ Yoast SEO plugin. -->","yoast_head_json":{"title":"Vinho Espumante Extra Brut: Bodega Garz\u00f3n","description":"O equil\u00edbrio perfeito que se expressa em nosso sabor. Conhe\u00e7a Sparkling Garz\u00f3n Extra Brut de Bodega Garz\u00f3n.","robots":{"index":"index","follow":"follow","max-snippet":"max-snippet:-1","max-image-preview":"max-image-preview:large","max-video-preview":"max-video-preview:-1"},"canonical":"https:\/\/bodegagarzon.com\/pt\/vinho\/extra-brut\/","og_locale":"pt_PT","og_type":"article","og_title":"Vinho Espumante Extra Brut: Bodega Garz\u00f3n","og_description":"O equil\u00edbrio perfeito que se expressa em nosso sabor. Conhe\u00e7a Sparkling Garz\u00f3n Extra Brut de Bodega Garz\u00f3n.","og_url":"https:\/\/bodegagarzon.com\/pt\/vinho\/extra-brut\/","og_site_name":"Bodega Garz\u00f3n","article_publisher":"https:\/\/www.facebook.com\/ExperienciasGarzon\/","article_modified_time":"2025-03-25T16:24:34+00:00","og_image":[{"width":300,"height":762,"url":"https:\/\/bodegagarzon.com\/wp-content\/uploads\/2018\/11\/Garzo\u0301n-Sparkling-Extra-Brut-300x762.png","type":"image\/png"}],"twitter_card":"summary_large_image","twitter_site":"@BodegaGarzon","schema":{"@context":"https:\/\/schema.org","@graph":[{"@type":"WebSite","@id":"https:\/\/bodegagarzon.com\/es\/#website","url":"https:\/\/bodegagarzon.com\/es\/","name":"Bodega Garz\u00f3n","description":"Exclusivos y aut\u00e9nticos vinos uruguayos","potentialAction":[{"@type":"SearchAction","target":{"@type":"EntryPoint","urlTemplate":"https:\/\/bodegagarzon.com\/es\/?s={search_term_string}"},"query-input":"required name=search_term_string"}],"inLanguage":"pt-PT"},{"@type":"ImageObject","inLanguage":"pt-PT","@id":"https:\/\/bodegagarzon.com\/pt\/vinho\/extra-brut\/#primaryimage","url":"https:\/\/bodegagarzon.com\/wp-content\/uploads\/2018\/11\/Garzo\u0301n-Sparkling-Extra-Brut-300x762.png","contentUrl":"https:\/\/bodegagarzon.com\/wp-content\/uploads\/2018\/11\/Garzo\u0301n-Sparkling-Extra-Brut-300x762.png","width":300,"height":762},{"@type":"WebPage","@id":"https:\/\/bodegagarzon.com\/pt\/vinho\/extra-brut\/#webpage","url":"https:\/\/bodegagarzon.com\/pt\/vinho\/extra-brut\/","name":"Vinho Espumante Extra Brut: Bodega Garz\u00f3n","isPartOf":{"@id":"https:\/\/bodegagarzon.com\/es\/#website"},"primaryImageOfPage":{"@id":"https:\/\/bodegagarzon.com\/pt\/vinho\/extra-brut\/#primaryimage"},"datePublished":"2018-11-26T12:35:22+00:00","dateModified":"2025-03-25T16:24:34+00:00","description":"O equil\u00edbrio perfeito que se expressa em nosso sabor. Conhe\u00e7a Sparkling Garz\u00f3n Extra Brut de Bodega Garz\u00f3n.","breadcrumb":{"@id":"https:\/\/bodegagarzon.com\/pt\/vinho\/extra-brut\/#breadcrumb"},"inLanguage":"pt-PT","potentialAction":[{"@type":"ReadAction","target":["https:\/\/bodegagarzon.com\/pt\/vinho\/extra-brut\/"]}]},{"@type":"BreadcrumbList","@id":"https:\/\/bodegagarzon.com\/pt\/vinho\/extra-brut\/#breadcrumb","itemListElement":[{"@type":"ListItem","position":1,"name":"Tienda","item":"https:\/\/bodegagarzon.com\/es\/tienda\/"},{"@type":"ListItem","position":2,"name":"Extra Brut"}]}]}},"_links":{"self":[{"href":"https:\/\/bodegagarzon.com\/pt\/wp-json\/wp\/v2\/product\/21205"}],"collection":[{"href":"https:\/\/bodegagarzon.com\/pt\/wp-json\/wp\/v2\/product"}],"about":[{"href":"https:\/\/bodegagarzon.com\/pt\/wp-json\/wp\/v2\/types\/product"}],"replies":[{"embeddable":true,"href":"https:\/\/bodegagarzon.com\/pt\/wp-json\/wp\/v2\/comments?post=21205"}],"wp:featuredmedia":[{"embeddable":true,"href":"https:\/\/bodegagarzon.com\/pt\/wp-json\/wp\/v2\/media\/21564"}],"wp:attachment":[{"href":"https:\/\/bodegagarzon.com\/pt\/wp-json\/wp\/v2\/media?parent=21205"}],"wp:term":[{"taxonomy":"product_cat","embeddable":true,"href":"https:\/\/bodegagarzon.com\/pt\/wp-json\/wp\/v2\/product_cat?post=21205"},{"taxonomy":"product_tag","embeddable":true,"href":"https:\/\/bodegagarzon.com\/pt\/wp-json\/wp\/v2\/product_tag?post=21205"},{"taxonomy":"anada","embeddable":true,"href":"https:\/\/bodegagarzon.com\/pt\/wp-json\/wp\/v2\/anada?post=21205"}],"curies":[{"name":"wp","href":"https:\/\/api.w.org\/{rel}","templated":true}]}}