{"id":10890,"date":"2018-07-26T08:06:58","date_gmt":"2018-07-26T08:06:58","guid":{"rendered":"https:\/\/bodegagarzon.com\/vino\/balasto\/"},"modified":"2018-11-05T15:31:05","modified_gmt":"2018-11-05T15:31:05","slug":"balasto","status":"publish","type":"product","link":"https:\/\/bodegagarzon.com\/pt\/vinho\/balasto\/","title":{"rendered":"Balasto 2016"},"content":{"rendered":"<p><span style=\"font-weight: 400\">Este vinho \u00edcone \u00e9 um <\/span><i><span style=\"font-weight: 400\">assemblage<\/span><\/i><span style=\"font-weight: 400\"> das melhores uvas que representam a identidade de Garz\u00f3n em seu m\u00e1ximo esplendor.\u00a0<\/span><\/p>\n","protected":false},"excerpt":{"rendered":"<p><span style=\"font-weight: 400\">O balastro de Garz\u00f3n \u00e9 nosso tipo particular de solo de granito meteorizado, com excelente drenagem e permeabilidade, ideal para proporcionar eleg\u00e2ncia, complexidade, energia e vibra\u00e7\u00e3o a este grande vinho uruguaio<\/span><span style=\"font-weight: 400\">.<\/span><\/p>\n","protected":false},"featured_media":176,"comment_status":"open","ping_status":"closed","template":"","meta":{"inline_featured_image":false,"generate_page_header":""},"product_cat":[415],"product_tag":[],"anada":[427],"acf":[],"yoast_head":"<!-- This site is optimized with the Yoast SEO plugin v19.1 - https:\/\/yoast.com\/wordpress\/plugins\/seo\/ -->\n<title>Balasto - Bodega Garz\u00f3n. Comprar Balasto, vinho \u00edcone de Garz\u00f3n<\/title>\n<meta name=\"description\" content=\"Aqui pode comprar o vinho Balasto. Este vinho \u00edcone \u00e9 um assemblage das melhores uvas que representam a identidade de Garz\u00f3n em seu m\u00e1ximo esplendor.\u00a0\" \/>\n<meta name=\"robots\" content=\"index, follow, max-snippet:-1, max-image-preview:large, max-video-preview:-1\" \/>\n<link rel=\"canonical\" href=\"https:\/\/bodegagarzon.com\/pt\/vinho\/balasto\/\" \/>\n<meta property=\"og:locale\" content=\"pt_PT\" \/>\n<meta property=\"og:type\" content=\"article\" \/>\n<meta property=\"og:title\" content=\"Balasto - Bodega Garz\u00f3n. Comprar Balasto, vinho \u00edcone de Garz\u00f3n\" \/>\n<meta property=\"og:description\" content=\"Aqui pode comprar o vinho Balasto. Este vinho \u00edcone \u00e9 um assemblage das melhores uvas que representam a identidade de Garz\u00f3n em seu m\u00e1ximo esplendor.\u00a0\" \/>\n<meta property=\"og:url\" content=\"https:\/\/bodegagarzon.com\/pt\/vinho\/balasto\/\" \/>\n<meta property=\"og:site_name\" content=\"Bodega Garz\u00f3n\" \/>\n<meta property=\"article:publisher\" content=\"https:\/\/www.facebook.com\/ExperienciasGarzon\/\" \/>\n<meta property=\"article:modified_time\" content=\"2018-11-05T15:31:05+00:00\" \/>\n<meta property=\"og:image\" content=\"https:\/\/bodegagarzon.com\/wp-content\/uploads\/2018\/07\/balasto_2016_botellas.png\" \/>\n\t<meta property=\"og:image:width\" content=\"300\" \/>\n\t<meta property=\"og:image:height\" content=\"762\" \/>\n\t<meta property=\"og:image:type\" content=\"image\/png\" \/>\n<meta name=\"twitter:card\" content=\"summary_large_image\" \/>\n<meta name=\"twitter:site\" content=\"@BodegaGarzon\" \/>\n<script type=\"application\/ld+json\" class=\"yoast-schema-graph\">{\"@context\":\"https:\/\/schema.org\",\"@graph\":[{\"@type\":\"WebSite\",\"@id\":\"https:\/\/bodegagarzon.com\/es\/#website\",\"url\":\"https:\/\/bodegagarzon.com\/es\/\",\"name\":\"Bodega Garz\u00f3n\",\"description\":\"Exclusivos y aut\u00e9nticos vinos uruguayos\",\"potentialAction\":[{\"@type\":\"SearchAction\",\"target\":{\"@type\":\"EntryPoint\",\"urlTemplate\":\"https:\/\/bodegagarzon.com\/es\/?s={search_term_string}\"},\"query-input\":\"required name=search_term_string\"}],\"inLanguage\":\"pt-PT\"},{\"@type\":\"ImageObject\",\"inLanguage\":\"pt-PT\",\"@id\":\"https:\/\/bodegagarzon.com\/pt\/vinho\/balasto\/#primaryimage\",\"url\":\"https:\/\/bodegagarzon.com\/wp-content\/uploads\/2018\/07\/balasto_2016_botellas.png\",\"contentUrl\":\"https:\/\/bodegagarzon.com\/wp-content\/uploads\/2018\/07\/balasto_2016_botellas.png\",\"width\":300,\"height\":762},{\"@type\":\"WebPage\",\"@id\":\"https:\/\/bodegagarzon.com\/pt\/vinho\/balasto\/#webpage\",\"url\":\"https:\/\/bodegagarzon.com\/pt\/vinho\/balasto\/\",\"name\":\"Balasto - Bodega Garz\u00f3n. Comprar Balasto, vinho \u00edcone de Garz\u00f3n\",\"isPartOf\":{\"@id\":\"https:\/\/bodegagarzon.com\/es\/#website\"},\"primaryImageOfPage\":{\"@id\":\"https:\/\/bodegagarzon.com\/pt\/vinho\/balasto\/#primaryimage\"},\"datePublished\":\"2018-07-26T08:06:58+00:00\",\"dateModified\":\"2018-11-05T15:31:05+00:00\",\"description\":\"Aqui pode comprar o vinho Balasto. Este vinho \u00edcone \u00e9 um assemblage das melhores uvas que representam a identidade de Garz\u00f3n em seu m\u00e1ximo esplendor.\u00a0\",\"breadcrumb\":{\"@id\":\"https:\/\/bodegagarzon.com\/pt\/vinho\/balasto\/#breadcrumb\"},\"inLanguage\":\"pt-PT\",\"potentialAction\":[{\"@type\":\"ReadAction\",\"target\":[\"https:\/\/bodegagarzon.com\/pt\/vinho\/balasto\/\"]}]},{\"@type\":\"BreadcrumbList\",\"@id\":\"https:\/\/bodegagarzon.com\/pt\/vinho\/balasto\/#breadcrumb\",\"itemListElement\":[{\"@type\":\"ListItem\",\"position\":1,\"name\":\"Tienda\",\"item\":\"https:\/\/bodegagarzon.com\/es\/tienda\/\"},{\"@type\":\"ListItem\",\"position\":2,\"name\":\"Balasto 2016\"}]}]}<\/script>\n<!-- \/ Yoast SEO plugin. -->","yoast_head_json":{"title":"Balasto - Bodega Garz\u00f3n. Comprar Balasto, vinho \u00edcone de Garz\u00f3n","description":"Aqui pode comprar o vinho Balasto. Este vinho \u00edcone \u00e9 um assemblage das melhores uvas que representam a identidade de Garz\u00f3n em seu m\u00e1ximo esplendor.\u00a0","robots":{"index":"index","follow":"follow","max-snippet":"max-snippet:-1","max-image-preview":"max-image-preview:large","max-video-preview":"max-video-preview:-1"},"canonical":"https:\/\/bodegagarzon.com\/pt\/vinho\/balasto\/","og_locale":"pt_PT","og_type":"article","og_title":"Balasto - Bodega Garz\u00f3n. Comprar Balasto, vinho \u00edcone de Garz\u00f3n","og_description":"Aqui pode comprar o vinho Balasto. Este vinho \u00edcone \u00e9 um assemblage das melhores uvas que representam a identidade de Garz\u00f3n em seu m\u00e1ximo esplendor.\u00a0","og_url":"https:\/\/bodegagarzon.com\/pt\/vinho\/balasto\/","og_site_name":"Bodega Garz\u00f3n","article_publisher":"https:\/\/www.facebook.com\/ExperienciasGarzon\/","article_modified_time":"2018-11-05T15:31:05+00:00","og_image":[{"width":300,"height":762,"url":"https:\/\/bodegagarzon.com\/wp-content\/uploads\/2018\/07\/balasto_2016_botellas.png","type":"image\/png"}],"twitter_card":"summary_large_image","twitter_site":"@BodegaGarzon","schema":{"@context":"https:\/\/schema.org","@graph":[{"@type":"WebSite","@id":"https:\/\/bodegagarzon.com\/es\/#website","url":"https:\/\/bodegagarzon.com\/es\/","name":"Bodega Garz\u00f3n","description":"Exclusivos y aut\u00e9nticos vinos uruguayos","potentialAction":[{"@type":"SearchAction","target":{"@type":"EntryPoint","urlTemplate":"https:\/\/bodegagarzon.com\/es\/?s={search_term_string}"},"query-input":"required name=search_term_string"}],"inLanguage":"pt-PT"},{"@type":"ImageObject","inLanguage":"pt-PT","@id":"https:\/\/bodegagarzon.com\/pt\/vinho\/balasto\/#primaryimage","url":"https:\/\/bodegagarzon.com\/wp-content\/uploads\/2018\/07\/balasto_2016_botellas.png","contentUrl":"https:\/\/bodegagarzon.com\/wp-content\/uploads\/2018\/07\/balasto_2016_botellas.png","width":300,"height":762},{"@type":"WebPage","@id":"https:\/\/bodegagarzon.com\/pt\/vinho\/balasto\/#webpage","url":"https:\/\/bodegagarzon.com\/pt\/vinho\/balasto\/","name":"Balasto - Bodega Garz\u00f3n. Comprar Balasto, vinho \u00edcone de Garz\u00f3n","isPartOf":{"@id":"https:\/\/bodegagarzon.com\/es\/#website"},"primaryImageOfPage":{"@id":"https:\/\/bodegagarzon.com\/pt\/vinho\/balasto\/#primaryimage"},"datePublished":"2018-07-26T08:06:58+00:00","dateModified":"2018-11-05T15:31:05+00:00","description":"Aqui pode comprar o vinho Balasto. Este vinho \u00edcone \u00e9 um assemblage das melhores uvas que representam a identidade de Garz\u00f3n em seu m\u00e1ximo esplendor.\u00a0","breadcrumb":{"@id":"https:\/\/bodegagarzon.com\/pt\/vinho\/balasto\/#breadcrumb"},"inLanguage":"pt-PT","potentialAction":[{"@type":"ReadAction","target":["https:\/\/bodegagarzon.com\/pt\/vinho\/balasto\/"]}]},{"@type":"BreadcrumbList","@id":"https:\/\/bodegagarzon.com\/pt\/vinho\/balasto\/#breadcrumb","itemListElement":[{"@type":"ListItem","position":1,"name":"Tienda","item":"https:\/\/bodegagarzon.com\/es\/tienda\/"},{"@type":"ListItem","position":2,"name":"Balasto 2016"}]}]}},"_links":{"self":[{"href":"https:\/\/bodegagarzon.com\/pt\/wp-json\/wp\/v2\/product\/10890"}],"collection":[{"href":"https:\/\/bodegagarzon.com\/pt\/wp-json\/wp\/v2\/product"}],"about":[{"href":"https:\/\/bodegagarzon.com\/pt\/wp-json\/wp\/v2\/types\/product"}],"replies":[{"embeddable":true,"href":"https:\/\/bodegagarzon.com\/pt\/wp-json\/wp\/v2\/comments?post=10890"}],"wp:featuredmedia":[{"embeddable":true,"href":"https:\/\/bodegagarzon.com\/pt\/wp-json\/wp\/v2\/media\/176"}],"wp:attachment":[{"href":"https:\/\/bodegagarzon.com\/pt\/wp-json\/wp\/v2\/media?parent=10890"}],"wp:term":[{"taxonomy":"product_cat","embeddable":true,"href":"https:\/\/bodegagarzon.com\/pt\/wp-json\/wp\/v2\/product_cat?post=10890"},{"taxonomy":"product_tag","embeddable":true,"href":"https:\/\/bodegagarzon.com\/pt\/wp-json\/wp\/v2\/product_tag?post=10890"},{"taxonomy":"anada","embeddable":true,"href":"https:\/\/bodegagarzon.com\/pt\/wp-json\/wp\/v2\/anada?post=10890"}],"curies":[{"name":"wp","href":"https:\/\/api.w.org\/{rel}","templated":true}]}}