{"id":17332,"date":"2018-09-07T11:40:28","date_gmt":"2018-09-07T11:40:28","guid":{"rendered":"https:\/\/bodegagarzon.com\/?page_id=17332"},"modified":"2018-09-07T11:40:28","modified_gmt":"2018-09-07T11:40:28","slug":"termos-e-condicoes","status":"publish","type":"page","link":"https:\/\/bodegagarzon.com\/pt\/termos-e-condicoes\/","title":{"rendered":"Termos e Condi\u00e7\u00f5es"},"content":{"rendered":"<h2>VENDA<\/h2>\n<p>Opera\u00e7\u00e3o Bodegagarzon.com est\u00e1 localizado na Rep\u00fablica Oriental do Uruguai.<br \/>As vendas em nossa loja on-line est\u00e3o limitados exclusivamente ao territ\u00f3rio da Rep\u00fablica Oriental do Uruguai.<\/p>\n<p>venda exclusiva com mais de 18 anos.<\/p>\n<p>Os pre\u00e7os s\u00e3o expressos em pesos uruguaios.<\/p>\n<p>A venda m\u00ednimo \u00e9 de duas caixas de 6 vinhos cada. As caixas est\u00e3o fechados (um tipo de vinho por caixa, 6 garrafas do mesmo produto), ainda que as duas caixas podem ser de diferentes variedades cada, por exemplo, uma caixa de Tannat Garz\u00f3n e uma caixa de Albari\u00f1o Garz\u00f3n uma venda m\u00ednima de duas caixas.<\/p>\n<p>Vendas feitas por Bodega Garzon est\u00e3o com Bill no consumidor final, embora o usur\u00e1rio pode solicitar uma notifica\u00e7\u00e3o a ser cobrado a um nome da empresa particular.<\/p>\n<h2><a href=\"#entrega\" name=\"entrega\"> <\/a> ENTREGA<\/h2>\n<p>As entregas para os departamentos de Montevid\u00e9u, Maldonado e Rocha s\u00e3o com frete gr\u00e1tis e Bodega Garz\u00f3n feita diretamente dentro de 72 horas \u00fateis ap\u00f3s o recebimento confirmou a compra e pagamento do mesmo.<br \/>Entregas em outros departamentos s\u00e3o realizadas por El Correo Uruguayo e os prazos come\u00e7am a ter efeito ap\u00f3s o recebimento da compra e confirmou o pagamento do mesmo, de acordo com a tabela abaixo:<\/p>\n<table class=\"table table-stripped\">\n<thead>\n<tr>\n<th>Departamento<\/th>\n<th>Entrega Est\u00e1ndar<\/th>\n<th>Entrega Prioritaria<\/th>\n<\/tr>\n<\/thead>\n<tbody>\n<tr>\n<td>Artigas<\/td>\n<td>72 hs<\/td>\n<td>48 hs<\/td>\n<\/tr>\n<tr>\n<td>Canelones<\/td>\n<td>72 hs<\/td>\n<td>48 hs<\/td>\n<\/tr>\n<tr>\n<td>Cerro Largo<\/td>\n<td>72 hs<\/td>\n<td>48 hs<\/td>\n<\/tr>\n<tr>\n<td>Colonia<\/td>\n<td>72 hs<\/td>\n<td>48 hs<\/td>\n<\/tr>\n<tr>\n<td>Durazno<\/td>\n<td>72 hs<\/td>\n<td>48 hs<\/td>\n<\/tr>\n<tr>\n<td>Flores<\/td>\n<td>72 hs<\/td>\n<td>48 hs<\/td>\n<\/tr>\n<tr>\n<td>Florida<\/td>\n<td>72 hs<\/td>\n<td>48 hs<\/td>\n<\/tr>\n<tr>\n<td>Lavalleja<\/td>\n<td>72 hs<\/td>\n<td>48 hs<\/td>\n<\/tr>\n<tr>\n<td>Paysand\u00fa<\/td>\n<td>72 hs<\/td>\n<td>48 hs<\/td>\n<\/tr>\n<tr>\n<td>R\u00edo Negro<\/td>\n<td>72 hs<\/td>\n<td>48 hs<\/td>\n<\/tr>\n<tr>\n<td>Rivera<\/td>\n<td>72 hs<\/td>\n<td>48 hs<\/td>\n<\/tr>\n<tr>\n<td>Salto<\/td>\n<td>72 hs<\/td>\n<td>48 hs<\/td>\n<\/tr>\n<tr>\n<td>San Jos\u00e9<\/td>\n<td>72 hs<\/td>\n<td>48 hs<\/td>\n<\/tr>\n<tr>\n<td>Soriano<\/td>\n<td>72 hs<\/td>\n<td>48 hs<\/td>\n<\/tr>\n<tr>\n<td>Tacuaremb\u00f3<\/td>\n<td>72 hs<\/td>\n<td>48 hs<\/td>\n<\/tr>\n<tr>\n<td>Treinta y Tres<\/td>\n<td>72 hs<\/td>\n<td>48 hs<\/td>\n<\/tr>\n<\/tbody>\n<\/table>\n<p>Para os departamentos com custo de transporte 1 pre\u00e7o do transporte para compras entre 2 e 4 caixas foram contados.<\/p>\n<p>Compras entre 5 e 8 casos pagos dois custos de transporte, entre 9 e 12 caixas de 3 custos de transporte entre 13 e 16 caixas pagos 4 custa transfer\u00eancias, entre 17 e 20 caixas de 5 custos de transporte entre 21 e 24 caixas de 6 Custos transporte, entre 25 e 28 caixas de 7 custos de transporte entre 29 e 32 caixas de 8 custos de transporte entre 33 e 36 caixas de 9 custos de envio. Para as vendas superiores a 36 caixas verificar os custos de envio para o nosso departamento de vendas no tel 42 24 17 59 &#8211; int 2822 de segunda a sexta-feira das 8 \u00e0s 17 horas.<\/p>\n<p>Ordens ordens em Bodega Garzon fecham \u00e0s 12:00 a cada dia \u00fatil.<\/p>\n<p>Isto implica que todas as ordens recebidas depois que o tempo vai come\u00e7ar a cumprir a sua margem de entrega a partir do pr\u00f3ximo dia \u00fatil.<\/p>\n<p>N\u00e3o entregas s\u00e3o feitas aos s\u00e1bados, domingos ou feriados.<\/p>\n<p>Eles n\u00e3o s\u00e3o garantidos ou fixo ou aproximar coordenar os hor\u00e1rios de entrega.<\/p>\n<h2><a href=\"#cientes-usuarios\" name=\"cientes-usuarios\"> <\/a> CLIENTES-USU\u00c1RIOS<\/h2>\n<p>Ao utilizar os servi\u00e7os de nossa empresa, o cliente (como usu\u00e1rio da plataforma electr\u00f3nica) concorda em fornecer certos dados necess\u00e1rios para criar uma conta e restringir o acesso a terceiros para o dispositivo a partir do qual voc\u00ea acessa o nosso site. O usu\u00e1rio deve tomar todas as precau\u00e7\u00f5es necess\u00e1rias e acess\u00edvel, a fim de assegurar e garantir a sua senha, sendo de inteira responsabilidade do usu\u00e1rio gerenciar sua senha e a divulga\u00e7\u00e3o de terceiros ou utiliz\u00e1-lo de forma inadequada . \u00c9 da exclusiva responsabilidade do usu\u00e1rio verificar que os dados fornecidos pela empresa s\u00e3o correctas e completas, e tem a capacidade jur\u00eddica exigida por lei para melhorar validamente essas opera\u00e7\u00f5es, sendo tamb\u00e9m necess\u00e1rio informar imediatamente quando ocorrer qualquer actualiza\u00e7\u00e3o e \/ ou modifica\u00e7\u00e3o dos dados fornecidos. O usu\u00e1rio pode acessar e editar suas informa\u00e7\u00f5es pessoais e verificar o seu hist\u00f3rico de pedidos a partir da se\u00e7\u00e3o Minha conta.<br \/>Bodega Garzon reserva-se o direito de negar acesso a um usu\u00e1rio de seus servi\u00e7os, e de cancelar qualquer conta e \/ ou remover ou modificar qualquer conte\u00fado se o usu\u00e1rio n\u00e3o cumprir com a legisla\u00e7\u00e3o aplic\u00e1vel ou fornecer informa\u00e7\u00f5es falsas para fazer sua compra.<\/p>\n<h2><a href=\"#forma-de-pago\" name=\"forma-de-pago\"> <\/a> PAGAMENTO<\/h2>\n<p>cancelamento de pagamento atrav\u00e9s da rede de recolha Abitab \u00e9 aceito como pagamento Cart\u00e3o de cr\u00e9dito Visa e Mastercard, tamb\u00e9m.<\/p>\n<p>Transa\u00e7\u00f5es em bodegagarzon.com s\u00e3o verificados on-line ao fazer sua compra, atrav\u00e9s do reencaminhamento do nosso site para sites seguros cart\u00f5es de cr\u00e9dito operante (devem ser impedidos de compra concreto decide deve contactar o cart\u00e3o de cr\u00e9dito ou o banco que emitiu o cart\u00e3o).<\/p>\n<p>O Bodega Garzon n\u00e3o tem acesso a informa\u00e7\u00f5es sobre cart\u00f5es de cr\u00e9dito uma vez que as mesmas opera\u00e7\u00f5es s\u00e3o realizadas atrav\u00e9s de re abordar o processamento First Data (Mastercar) e Visanet (VISA), a fim de bridar transa\u00e7\u00f5es seguras.<\/p>\n<p>O prazo para fazer o pagamento no caso de Abitab, uma vez confirmada a compra on-line \u00e9 de 24 horas de trabalho, ap\u00f3s o qual o bilhete expirar\u00e3o pagamento Abitab.<\/p>\n<p>Pagamentos feitos atrav\u00e9s Abitab pode refletir at\u00e9 24 horas ap\u00f3s feito o mesmo, por isso, se voc\u00ea escolher esse m\u00e9todo de pagamento \u00e9 conveniente para relatar o pagamento feito a Bodega Garzon atrav\u00e9s de 4224 17 59 int 2822 de um modo de acelerar emiss\u00e3o do seu compra.<\/p>\n<h2><a href=\"#cambios-y-devoluciones\" name=\"cambios-y-devoluciones\"> <\/a> ALTERA\u00c7OES E RETORNA<\/h2>\n<p>Devido \u00e0 natureza dos nossos produtos e para garantir que oferecer-lhe um produto de alta qualidade, devolu\u00e7\u00f5es ou mudan\u00e7as f\u00edsicas ser\u00e3o aceitas somente nos seguintes casos:<\/p>\n<ol>\n<li>Quando os itens s\u00e3o selados, na sua original fechada.<\/li>\n<li>Quando os itens recebidos ter qualquer f\u00e1brica danos<\/li>\n<li>Quando os itens s\u00e3o diferentes dos especificados em seu pedido.<\/li>\n<\/ol>\n<p>Ele estar\u00e1 dispon\u00edvel no prazo de 5 dias \u00fateis a partir da data de recebimento da ordem para retornar ou fazer uma mudan\u00e7a.Para fazer uma mudan\u00e7a ou devolu\u00e7\u00e3o, dever\u00e1 contactar-nos. Visite nossa p\u00e1gina Contactos para os nossos n\u00fameros de telefone e hor\u00e1rios de funcionamento. Ap\u00f3s contacto com os iremos fornecer as instru\u00e7\u00f5es de retorno para o seu produto.<\/p>\n<p>Todos os itens devem estar na embalagem original e em perfeito estado. Reservamo-nos o direito de recusar qualquer retorno, reembolso ou trocas que n\u00e3o s\u00e3o razoavelmente sob estas condi\u00e7\u00f5es.<\/p>\n<p>Nenhum pagamento Fee \u00e9 reembols\u00e1vel. Voc\u00ea \u00e9 respons\u00e1vel pelos custos de transporte e de seguro para o retorno. Todos os reembolsos a um cart\u00e3o de cr\u00e9dito ou uma conta PayPal voc\u00ea ser\u00e1 deduzida uma taxa de 4% de repovoamento. Se voc\u00ea tem solicitado uma mudan\u00e7a de produto, reservamo-nos o direito, a nosso crit\u00e9rio para encontrar um substituto aceit\u00e1vel ou reembolsar seu dinheiro de acordo com os termos acima, se um interc\u00e2mbio adequado n\u00e3o est\u00e1 dispon\u00edvel.<\/p>\n<p><span style=\"font-size: 11pt; font-family: 'Trebuchet MS'; color: #000000; background-color: transparent; font-weight: 400; font-style: normal; font-variant: normal; text-decoration: none; vertical-align: baseline; white-space: pre-wrap;\"> <\/span><\/p>\n","protected":false},"excerpt":{"rendered":"<p>VENDA Opera\u00e7\u00e3o Bodegagarzon.com est\u00e1 localizado na Rep\u00fablica Oriental do Uruguai.As vendas em nossa loja on-line est\u00e3o limitados exclusivamente ao territ\u00f3rio da Rep\u00fablica Oriental do Uruguai. venda exclusiva com mais de 18 anos. Os pre\u00e7os s\u00e3o expressos em pesos uruguaios. A venda m\u00ednimo \u00e9 de duas caixas de 6 vinhos cada. As caixas est\u00e3o fechados (um tipo de vinho por caixa, &#8230; <a title=\"Termos e Condi\u00e7\u00f5es\" class=\"read-more\" href=\"https:\/\/bodegagarzon.com\/pt\/termos-e-condicoes\/\" aria-label=\"Mais em Termos e Condi\u00e7\u00f5es\">&nbsp;<\/a><\/p>\n","protected":false},"author":1,"featured_media":0,"parent":0,"menu_order":0,"comment_status":"closed","ping_status":"closed","template":"","meta":{"inline_featured_image":false,"generate_page_header":""},"acf":[],"yoast_head":"<!-- This site is optimized with the Yoast SEO plugin v19.1 - https:\/\/yoast.com\/wordpress\/plugins\/seo\/ -->\n<title>Termos e Condi\u00e7\u00f5es - Bodega Garz\u00f3n<\/title>\n<meta name=\"description\" content=\"Termos e Condi\u00e7\u00f5es en Bodega Garz\u00f3n. Descubre m\u00e1s en nuestra web BodegaGarzon.com\" \/>\n<meta name=\"robots\" content=\"index, follow, max-snippet:-1, max-image-preview:large, max-video-preview:-1\" \/>\n<link rel=\"canonical\" href=\"https:\/\/bodegagarzon.com\/pt\/termos-e-condicoes\/\" \/>\n<meta property=\"og:locale\" content=\"pt_PT\" \/>\n<meta property=\"og:type\" content=\"article\" \/>\n<meta property=\"og:title\" content=\"Termos e Condi\u00e7\u00f5es - Bodega Garz\u00f3n\" \/>\n<meta property=\"og:description\" content=\"Termos e Condi\u00e7\u00f5es en Bodega Garz\u00f3n. Descubre m\u00e1s en nuestra web BodegaGarzon.com\" \/>\n<meta property=\"og:url\" content=\"https:\/\/bodegagarzon.com\/pt\/termos-e-condicoes\/\" \/>\n<meta property=\"og:site_name\" content=\"Bodega Garz\u00f3n\" \/>\n<meta property=\"article:publisher\" content=\"https:\/\/www.facebook.com\/ExperienciasGarzon\/\" \/>\n<meta name=\"twitter:card\" content=\"summary_large_image\" \/>\n<meta name=\"twitter:site\" content=\"@BodegaGarzon\" \/>\n<meta name=\"twitter:label1\" content=\"Tempo estimado de leitura\" \/>\n\t<meta name=\"twitter:data1\" content=\"5 minutos\" \/>\n<script type=\"application\/ld+json\" class=\"yoast-schema-graph\">{\"@context\":\"https:\/\/schema.org\",\"@graph\":[{\"@type\":\"WebSite\",\"@id\":\"https:\/\/bodegagarzon.com\/es\/#website\",\"url\":\"https:\/\/bodegagarzon.com\/es\/\",\"name\":\"Bodega Garz\u00f3n\",\"description\":\"Exclusivos y aut\u00e9nticos vinos uruguayos\",\"potentialAction\":[{\"@type\":\"SearchAction\",\"target\":{\"@type\":\"EntryPoint\",\"urlTemplate\":\"https:\/\/bodegagarzon.com\/es\/?s={search_term_string}\"},\"query-input\":\"required name=search_term_string\"}],\"inLanguage\":\"pt-PT\"},{\"@type\":\"WebPage\",\"@id\":\"https:\/\/bodegagarzon.com\/pt\/termos-e-condicoes\/#webpage\",\"url\":\"https:\/\/bodegagarzon.com\/pt\/termos-e-condicoes\/\",\"name\":\"Termos e Condi\u00e7\u00f5es - Bodega Garz\u00f3n\",\"isPartOf\":{\"@id\":\"https:\/\/bodegagarzon.com\/es\/#website\"},\"datePublished\":\"2018-09-07T11:40:28+00:00\",\"dateModified\":\"2018-09-07T11:40:28+00:00\",\"description\":\"Termos e Condi\u00e7\u00f5es en Bodega Garz\u00f3n. Descubre m\u00e1s en nuestra web BodegaGarzon.com\",\"breadcrumb\":{\"@id\":\"https:\/\/bodegagarzon.com\/pt\/termos-e-condicoes\/#breadcrumb\"},\"inLanguage\":\"pt-PT\",\"potentialAction\":[{\"@type\":\"ReadAction\",\"target\":[\"https:\/\/bodegagarzon.com\/pt\/termos-e-condicoes\/\"]}]},{\"@type\":\"BreadcrumbList\",\"@id\":\"https:\/\/bodegagarzon.com\/pt\/termos-e-condicoes\/#breadcrumb\",\"itemListElement\":[{\"@type\":\"ListItem\",\"position\":1,\"name\":\"Termos e Condi\u00e7\u00f5es\"}]}]}<\/script>\n<!-- \/ Yoast SEO plugin. -->","yoast_head_json":{"title":"Termos e Condi\u00e7\u00f5es - Bodega Garz\u00f3n","description":"Termos e Condi\u00e7\u00f5es en Bodega Garz\u00f3n. Descubre m\u00e1s en nuestra web BodegaGarzon.com","robots":{"index":"index","follow":"follow","max-snippet":"max-snippet:-1","max-image-preview":"max-image-preview:large","max-video-preview":"max-video-preview:-1"},"canonical":"https:\/\/bodegagarzon.com\/pt\/termos-e-condicoes\/","og_locale":"pt_PT","og_type":"article","og_title":"Termos e Condi\u00e7\u00f5es - Bodega Garz\u00f3n","og_description":"Termos e Condi\u00e7\u00f5es en Bodega Garz\u00f3n. Descubre m\u00e1s en nuestra web BodegaGarzon.com","og_url":"https:\/\/bodegagarzon.com\/pt\/termos-e-condicoes\/","og_site_name":"Bodega Garz\u00f3n","article_publisher":"https:\/\/www.facebook.com\/ExperienciasGarzon\/","twitter_card":"summary_large_image","twitter_site":"@BodegaGarzon","twitter_misc":{"Tempo estimado de leitura":"5 minutos"},"schema":{"@context":"https:\/\/schema.org","@graph":[{"@type":"WebSite","@id":"https:\/\/bodegagarzon.com\/es\/#website","url":"https:\/\/bodegagarzon.com\/es\/","name":"Bodega Garz\u00f3n","description":"Exclusivos y aut\u00e9nticos vinos uruguayos","potentialAction":[{"@type":"SearchAction","target":{"@type":"EntryPoint","urlTemplate":"https:\/\/bodegagarzon.com\/es\/?s={search_term_string}"},"query-input":"required name=search_term_string"}],"inLanguage":"pt-PT"},{"@type":"WebPage","@id":"https:\/\/bodegagarzon.com\/pt\/termos-e-condicoes\/#webpage","url":"https:\/\/bodegagarzon.com\/pt\/termos-e-condicoes\/","name":"Termos e Condi\u00e7\u00f5es - Bodega Garz\u00f3n","isPartOf":{"@id":"https:\/\/bodegagarzon.com\/es\/#website"},"datePublished":"2018-09-07T11:40:28+00:00","dateModified":"2018-09-07T11:40:28+00:00","description":"Termos e Condi\u00e7\u00f5es en Bodega Garz\u00f3n. Descubre m\u00e1s en nuestra web BodegaGarzon.com","breadcrumb":{"@id":"https:\/\/bodegagarzon.com\/pt\/termos-e-condicoes\/#breadcrumb"},"inLanguage":"pt-PT","potentialAction":[{"@type":"ReadAction","target":["https:\/\/bodegagarzon.com\/pt\/termos-e-condicoes\/"]}]},{"@type":"BreadcrumbList","@id":"https:\/\/bodegagarzon.com\/pt\/termos-e-condicoes\/#breadcrumb","itemListElement":[{"@type":"ListItem","position":1,"name":"Termos e Condi\u00e7\u00f5es"}]}]}},"_links":{"self":[{"href":"https:\/\/bodegagarzon.com\/pt\/wp-json\/wp\/v2\/pages\/17332"}],"collection":[{"href":"https:\/\/bodegagarzon.com\/pt\/wp-json\/wp\/v2\/pages"}],"about":[{"href":"https:\/\/bodegagarzon.com\/pt\/wp-json\/wp\/v2\/types\/page"}],"author":[{"embeddable":true,"href":"https:\/\/bodegagarzon.com\/pt\/wp-json\/wp\/v2\/users\/1"}],"replies":[{"embeddable":true,"href":"https:\/\/bodegagarzon.com\/pt\/wp-json\/wp\/v2\/comments?post=17332"}],"version-history":[{"count":0,"href":"https:\/\/bodegagarzon.com\/pt\/wp-json\/wp\/v2\/pages\/17332\/revisions"}],"wp:attachment":[{"href":"https:\/\/bodegagarzon.com\/pt\/wp-json\/wp\/v2\/media?parent=17332"}],"curies":[{"name":"wp","href":"https:\/\/api.w.org\/{rel}","templated":true}]}}