{"id":164,"date":"2018-06-27T14:13:39","date_gmt":"2018-06-27T14:13:39","guid":{"rendered":"https:\/\/bodegagarzon.com\/pagina-ejemplo\/"},"modified":"2020-03-30T10:14:40","modified_gmt":"2020-03-30T13:14:40","slug":"pagina-ejemplo","status":"publish","type":"page","link":"https:\/\/bodegagarzon.com\/pt\/","title":{"rendered":"Home"},"content":{"rendered":"<p>&nbsp;<\/p>\n","protected":false},"excerpt":{"rendered":"<p>&nbsp;<\/p>\n","protected":false},"author":1,"featured_media":166,"parent":0,"menu_order":0,"comment_status":"closed","ping_status":"closed","template":"template-homepage.php","meta":{"inline_featured_image":false,"generate_page_header":""},"acf":[],"yoast_head":"<!-- This site is optimized with the Yoast SEO plugin v19.1 - https:\/\/yoast.com\/wordpress\/plugins\/seo\/ -->\n<title>Vinhos Uruguaios Exclusivos e aut\u00eanticos - Bodega Garz\u00f3n<\/title>\n<meta name=\"description\" content=\"Bodega Garz\u00f3n \u00e9 uma das Bodegas do Uruguai com mais tradi\u00e7\u00e3o. Vinhos uruguaios de qualidade para o desfrute de todos os sentidos. Entre e experimente.\" \/>\n<meta name=\"robots\" content=\"index, follow, max-snippet:-1, max-image-preview:large, max-video-preview:-1\" \/>\n<link rel=\"canonical\" href=\"https:\/\/bodegagarzon.com\/pt\/\" \/>\n<meta property=\"og:locale\" content=\"pt_PT\" \/>\n<meta property=\"og:type\" content=\"article\" \/>\n<meta property=\"og:title\" content=\"Vinhos Uruguaios Exclusivos e aut\u00eanticos - Bodega Garz\u00f3n\" \/>\n<meta property=\"og:description\" content=\"Bodega Garz\u00f3n \u00e9 uma das Bodegas do Uruguai com mais tradi\u00e7\u00e3o. Vinhos uruguaios de qualidade para o desfrute de todos os sentidos. Entre e experimente.\" \/>\n<meta property=\"og:url\" content=\"https:\/\/bodegagarzon.com\/pt\/\" \/>\n<meta property=\"og:site_name\" content=\"Bodega Garz\u00f3n\" \/>\n<meta property=\"article:publisher\" content=\"https:\/\/www.facebook.com\/ExperienciasGarzon\/\" \/>\n<meta property=\"article:modified_time\" content=\"2020-03-30T13:14:40+00:00\" \/>\n<meta property=\"og:image\" content=\"https:\/\/bodegagarzon.com\/wp-content\/uploads\/2018\/07\/CabezalFondo5.jpg\" \/>\n\t<meta property=\"og:image:width\" content=\"1920\" \/>\n\t<meta property=\"og:image:height\" content=\"1077\" \/>\n\t<meta property=\"og:image:type\" content=\"image\/jpeg\" \/>\n<meta name=\"twitter:card\" content=\"summary_large_image\" \/>\n<meta name=\"twitter:site\" content=\"@BodegaGarzon\" \/>\n<script type=\"application\/ld+json\" class=\"yoast-schema-graph\">{\"@context\":\"https:\/\/schema.org\",\"@graph\":[{\"@type\":\"WebSite\",\"@id\":\"https:\/\/bodegagarzon.com\/es\/#website\",\"url\":\"https:\/\/bodegagarzon.com\/es\/\",\"name\":\"Bodega Garz\u00f3n\",\"description\":\"Exclusivos y aut\u00e9nticos vinos uruguayos\",\"potentialAction\":[{\"@type\":\"SearchAction\",\"target\":{\"@type\":\"EntryPoint\",\"urlTemplate\":\"https:\/\/bodegagarzon.com\/es\/?s={search_term_string}\"},\"query-input\":\"required name=search_term_string\"}],\"inLanguage\":\"pt-PT\"},{\"@type\":\"ImageObject\",\"inLanguage\":\"pt-PT\",\"@id\":\"https:\/\/bodegagarzon.com\/pt\/#primaryimage\",\"url\":\"https:\/\/bodegagarzon.com\/wp-content\/uploads\/2018\/07\/CabezalFondo5.jpg\",\"contentUrl\":\"https:\/\/bodegagarzon.com\/wp-content\/uploads\/2018\/07\/CabezalFondo5.jpg\",\"width\":1920,\"height\":1077,\"caption\":\"Cabezal Fondo 5\"},{\"@type\":\"WebPage\",\"@id\":\"https:\/\/bodegagarzon.com\/pt\/#webpage\",\"url\":\"https:\/\/bodegagarzon.com\/pt\/\",\"name\":\"Vinhos Uruguaios Exclusivos e aut\u00eanticos - Bodega Garz\u00f3n\",\"isPartOf\":{\"@id\":\"https:\/\/bodegagarzon.com\/es\/#website\"},\"primaryImageOfPage\":{\"@id\":\"https:\/\/bodegagarzon.com\/pt\/#primaryimage\"},\"datePublished\":\"2018-06-27T14:13:39+00:00\",\"dateModified\":\"2020-03-30T13:14:40+00:00\",\"description\":\"Bodega Garz\u00f3n \u00e9 uma das Bodegas do Uruguai com mais tradi\u00e7\u00e3o. Vinhos uruguaios de qualidade para o desfrute de todos os sentidos. Entre e experimente.\",\"breadcrumb\":{\"@id\":\"https:\/\/bodegagarzon.com\/pt\/#breadcrumb\"},\"inLanguage\":\"pt-PT\",\"potentialAction\":[{\"@type\":\"ReadAction\",\"target\":[\"https:\/\/bodegagarzon.com\/pt\/\"]}]},{\"@type\":\"BreadcrumbList\",\"@id\":\"https:\/\/bodegagarzon.com\/pt\/#breadcrumb\",\"itemListElement\":[{\"@type\":\"ListItem\",\"position\":1,\"name\":\"Home\"}]}]}<\/script>\n<!-- \/ Yoast SEO plugin. -->","yoast_head_json":{"title":"Vinhos Uruguaios Exclusivos e aut\u00eanticos - Bodega Garz\u00f3n","description":"Bodega Garz\u00f3n \u00e9 uma das Bodegas do Uruguai com mais tradi\u00e7\u00e3o. Vinhos uruguaios de qualidade para o desfrute de todos os sentidos. Entre e experimente.","robots":{"index":"index","follow":"follow","max-snippet":"max-snippet:-1","max-image-preview":"max-image-preview:large","max-video-preview":"max-video-preview:-1"},"canonical":"https:\/\/bodegagarzon.com\/pt\/","og_locale":"pt_PT","og_type":"article","og_title":"Vinhos Uruguaios Exclusivos e aut\u00eanticos - Bodega Garz\u00f3n","og_description":"Bodega Garz\u00f3n \u00e9 uma das Bodegas do Uruguai com mais tradi\u00e7\u00e3o. Vinhos uruguaios de qualidade para o desfrute de todos os sentidos. Entre e experimente.","og_url":"https:\/\/bodegagarzon.com\/pt\/","og_site_name":"Bodega Garz\u00f3n","article_publisher":"https:\/\/www.facebook.com\/ExperienciasGarzon\/","article_modified_time":"2020-03-30T13:14:40+00:00","og_image":[{"width":1920,"height":1077,"url":"https:\/\/bodegagarzon.com\/wp-content\/uploads\/2018\/07\/CabezalFondo5.jpg","type":"image\/jpeg"}],"twitter_card":"summary_large_image","twitter_site":"@BodegaGarzon","schema":{"@context":"https:\/\/schema.org","@graph":[{"@type":"WebSite","@id":"https:\/\/bodegagarzon.com\/es\/#website","url":"https:\/\/bodegagarzon.com\/es\/","name":"Bodega Garz\u00f3n","description":"Exclusivos y aut\u00e9nticos vinos uruguayos","potentialAction":[{"@type":"SearchAction","target":{"@type":"EntryPoint","urlTemplate":"https:\/\/bodegagarzon.com\/es\/?s={search_term_string}"},"query-input":"required name=search_term_string"}],"inLanguage":"pt-PT"},{"@type":"ImageObject","inLanguage":"pt-PT","@id":"https:\/\/bodegagarzon.com\/pt\/#primaryimage","url":"https:\/\/bodegagarzon.com\/wp-content\/uploads\/2018\/07\/CabezalFondo5.jpg","contentUrl":"https:\/\/bodegagarzon.com\/wp-content\/uploads\/2018\/07\/CabezalFondo5.jpg","width":1920,"height":1077,"caption":"Cabezal Fondo 5"},{"@type":"WebPage","@id":"https:\/\/bodegagarzon.com\/pt\/#webpage","url":"https:\/\/bodegagarzon.com\/pt\/","name":"Vinhos Uruguaios Exclusivos e aut\u00eanticos - Bodega Garz\u00f3n","isPartOf":{"@id":"https:\/\/bodegagarzon.com\/es\/#website"},"primaryImageOfPage":{"@id":"https:\/\/bodegagarzon.com\/pt\/#primaryimage"},"datePublished":"2018-06-27T14:13:39+00:00","dateModified":"2020-03-30T13:14:40+00:00","description":"Bodega Garz\u00f3n \u00e9 uma das Bodegas do Uruguai com mais tradi\u00e7\u00e3o. Vinhos uruguaios de qualidade para o desfrute de todos os sentidos. Entre e experimente.","breadcrumb":{"@id":"https:\/\/bodegagarzon.com\/pt\/#breadcrumb"},"inLanguage":"pt-PT","potentialAction":[{"@type":"ReadAction","target":["https:\/\/bodegagarzon.com\/pt\/"]}]},{"@type":"BreadcrumbList","@id":"https:\/\/bodegagarzon.com\/pt\/#breadcrumb","itemListElement":[{"@type":"ListItem","position":1,"name":"Home"}]}]}},"_links":{"self":[{"href":"https:\/\/bodegagarzon.com\/pt\/wp-json\/wp\/v2\/pages\/164"}],"collection":[{"href":"https:\/\/bodegagarzon.com\/pt\/wp-json\/wp\/v2\/pages"}],"about":[{"href":"https:\/\/bodegagarzon.com\/pt\/wp-json\/wp\/v2\/types\/page"}],"author":[{"embeddable":true,"href":"https:\/\/bodegagarzon.com\/pt\/wp-json\/wp\/v2\/users\/1"}],"replies":[{"embeddable":true,"href":"https:\/\/bodegagarzon.com\/pt\/wp-json\/wp\/v2\/comments?post=164"}],"version-history":[{"count":8,"href":"https:\/\/bodegagarzon.com\/pt\/wp-json\/wp\/v2\/pages\/164\/revisions"}],"predecessor-version":[{"id":39510,"href":"https:\/\/bodegagarzon.com\/pt\/wp-json\/wp\/v2\/pages\/164\/revisions\/39510"}],"wp:featuredmedia":[{"embeddable":true,"href":"https:\/\/bodegagarzon.com\/pt\/wp-json\/wp\/v2\/media\/166"}],"wp:attachment":[{"href":"https:\/\/bodegagarzon.com\/pt\/wp-json\/wp\/v2\/media?parent=164"}],"curies":[{"name":"wp","href":"https:\/\/api.w.org\/{rel}","templated":true}]}}