{"id":15102,"date":"2018-08-21T11:45:31","date_gmt":"2018-08-21T11:45:31","guid":{"rendered":"https:\/\/bodegagarzon.com\/politica-de-privacidad\/"},"modified":"2019-07-22T08:31:15","modified_gmt":"2019-07-22T11:31:15","slug":"protecao-de-dados-pessoais","status":"publish","type":"page","link":"https:\/\/bodegagarzon.com\/pt\/protecao-de-dados-pessoais\/","title":{"rendered":"Protec\u00e7\u00e3o dos dados pessoais"},"content":{"rendered":"<p>Ao fornecer os seus dados pessoais a Bodega Garz\u00f3n, voc\u00ea d\u00e1 o seu consentimento expresso, livre e informado para que eles sejam tratados por Bodega Garz\u00f3n, bem como por terceiros designados por Bodega Garz\u00f3n, para responder \u00e0s suas perguntas e enviar-lhe informa\u00e7\u00f5es relacionadas com a nossa actividade e o sector vin\u00edcola e outras actividades comerciais. Voc\u00ea pode, a qualquer momento, solicitar que seu nome seja removido do nosso banco de dados, escrevendo para <a href=\"mailto:info@bodegagarzon.com\">info@bodegagarzon.com<\/a>.<\/p>\n<p>Em conformidade com o disposto na Lei 18.331 sobre a protec\u00e7\u00e3o de dados, o titular dos dados pessoais tem o direito de aceder gratuitamente aos mesmos num prazo n\u00e3o inferior a seis (6) meses. Voc\u00ea tamb\u00e9m pode solicitar a qualquer momento a remo\u00e7\u00e3o ou bloqueio de seu nome do banco de dados.<\/p>\n<h3 dir=\"ltr\">Information for European citizens<\/h3>\n<p dir=\"ltr\">Our Privacy Policy is in compliance with Regulation (EU) 2016 679 of the European Parliament and of the Council of 27 April 2016 on the protection of natural persons with regard to the processing of personal data and on the free movement of such data. Besides, the personal data that you provide to us may be processed in the Eastern Republic of Uruguay, a \u201csafe country\u201d under the provisions of the \u201c2012\/484\/EU: Commission Implementing Decision of 21 August 2012 pursuant to Directive 95\/46\/EC of the European Parliament and of the Council on the adequate protection of personal data by the Eastern Republic of Uruguay with regard to automated processing of personal data\u201d.<\/p>\n<p dir=\"ltr\">Our Privacy Policy was designed to inform the Data Subject according to the principles of lawfulness, loyalty and transparency.<\/p>\n<h3 dir=\"ltr\">Controller<\/h3>\n<p dir=\"ltr\">COMPANY NAME: AGROLAND S.A.<\/p>\n<p dir=\"ltr\">ID NUMBER: RUT 214081990017<\/p>\n<p dir=\"ltr\">REGISTERED OFFICE: Ruta 9 Km. 175 \u2013 Garz\u00f3n, Maldonado \u2013 Uruguay<\/p>\n<p dir=\"ltr\">E-mail:\u00a0<a href=\"mailto:info@bodegagarzon.com\">info@bodegagarzon.com<\/a><\/p>\n<p dir=\"ltr\">Telephone: (+598) 4224 1759<\/p>\n<p dir=\"ltr\">Which is the purpose of my personal data processing?<\/p>\n<p dir=\"ltr\">AGROLAND S.A. processes the information and personal data that you voluntarily provide us with the purpose of managing its accommodation reservation system. In addition AGROLAND S.A. will process your personal data to manage the delivery of information that you previously have requested us in the contact tab, as well as to send you additional and\/or promotional information about our products.<\/p>\n<h3 dir=\"ltr\">How long my personal data will be stored?<\/h3>\n<p dir=\"ltr\">Your personal data will be stored in our systems to the necessary extent of time mandatory required by law according to the commercial and\/or consumer relationships entered into.<\/p>\n<p dir=\"ltr\">For general purposes of communication \u2013 for example: questions, comments, etc. \u2013 your personal data will be stored to the necessary extent of time required to send you the information that you have requested, and until you expressly communicate us your decision of suppression of your personal data from our systems, or the cancellation of subscription to our newsletter and\/or promotional communications.<\/p>\n<h3 dir=\"ltr\">How do you legitimate my personal data processing?<\/h3>\n<p dir=\"ltr\">The legal basis for your personal data processing is the express consent given by yourself. The personal data that we require from you are appropriate, pertinent and in a quantity and quality strictly necessary to perform the services that you have expressly required from us.<\/p>\n<h3 dir=\"ltr\">Are there any recipients of personal data other than you?<\/h3>\n<p dir=\"ltr\">No. Your personal data will not be disclosed to third parties, unless expressly authorized by yourself or due to legal obligations.<\/p>\n<h3 dir=\"ltr\">Which rights do I have when I provide my personal data to you?<\/h3>\n<p dir=\"ltr\">Once you have voluntarily submitted your personal data to us, you have the following rights:<\/p>\n<ul>\n<li dir=\"ltr\">\n<p dir=\"ltr\">To request access to your personal data.<\/p>\n<\/li>\n<li dir=\"ltr\">\n<p dir=\"ltr\">To ask for rectification or to erase your personal data.<\/p>\n<\/li>\n<li dir=\"ltr\">\n<p dir=\"ltr\">To exercise objection to be subject of automated processing decisions.<\/p>\n<\/li>\n<li dir=\"ltr\">\n<p dir=\"ltr\">To ask for restriction of processing.<\/p>\n<\/li>\n<li dir=\"ltr\">\n<p dir=\"ltr\">To have personal data portability.<\/p>\n<\/li>\n<\/ul>\n<p dir=\"ltr\">You may exercise your rights sending a written notification and attaching a copy of your ID card or an official identification document to\u00a0<a href=\"mailto:info@bodegagarzon.com\">info@bodegagarzon.com<\/a>\u00a0or to AGROLAND S.A., Ruta 9 Km. 175 \u2013 Garz\u00f3n, Maldonado \u2013 Uruguay<\/p>\n<h3 dir=\"ltr\">May I withdraw my consent?<\/h3>\n<p dir=\"ltr\">Yes. You have the right to withdraw your consent at any given time without affecting the lawfulness of processing based on your consent before its withdrawal. Such withdrawal shall be sent in writing to\u00a0<a href=\"mailto:info@bodegagarzon.com\">info@bodegagarzon.com<\/a>\u00a0or to AGROLAND S.A., Ruta 9 Km. 175 \u2013 Garz\u00f3n, Maldonado \u2013 Uruguay.<\/p>\n<h3 dir=\"ltr\">Where to claim if I think that my personal data are not being correctly processed?<\/h3>\n<p dir=\"ltr\">You can submit your claim to\u00a0<a href=\"mailto:info@bodegagarzon.com\">info@bodegagarzon.com<\/a>\u00a0and we will provide you a prompt and clear response.<\/p>\n<h3 dir=\"ltr\">Security and update of my personal data<\/h3>\n<p dir=\"ltr\">AGROLAND S.A. has implemented state of the art technical and organizational schemes and systems in full compliance with applicable law in order to protect and preserve your personal data from alteration, loss and\/or unauthorized access or processing.<\/p>\n<p dir=\"ltr\">We will keep your personal data updated as long as you let us know any modification on them by written notification at\u00a0<a href=\"mailto:info@bodegagarzon.com\">info@bodegagarzon.com<\/a>.<\/p>\n<h3 dir=\"ltr\">Confidentiality<\/h3>\n<p dir=\"ltr\">All the staff members of AGROLAND S.A. who participate in any of your personal data processing stages, perform its activities according to strict due care standards and confidentiality policies.<\/p>\n<h3>Cookies<\/h3>\n<p>Cookies are small pieces of information that are memorized on the computer\u2019s hard drive by the browser. The cookies we use do not provide us with personal data about you. This website uses analytical and profiling cookies. Processing is carried out with the help of electronic tools aimed at defining the profile or personality of the individual, or at analysing habits or choices of usage, that is, to monitor the use of electronic communication services, with the exception of the processes that are technically indispensable for providing said services. The website uses profiling cookies, with the objective of sending advertising communications based on preferences demonstrated by the individual user when he\/she navigates the website, in order to guarantee a better service for the user.<\/p>\n","protected":false},"excerpt":{"rendered":"<p>Ao fornecer os seus dados pessoais a Bodega Garz\u00f3n, voc\u00ea d\u00e1 o seu consentimento expresso, livre e informado para que eles sejam tratados por Bodega Garz\u00f3n, bem como por terceiros designados por Bodega Garz\u00f3n, para responder \u00e0s suas perguntas e enviar-lhe informa\u00e7\u00f5es relacionadas com a nossa actividade e o sector vin\u00edcola e outras actividades comerciais. Voc\u00ea pode, a qualquer momento, &#8230; <a title=\"Protec\u00e7\u00e3o dos dados pessoais\" class=\"read-more\" href=\"https:\/\/bodegagarzon.com\/pt\/protecao-de-dados-pessoais\/\" aria-label=\"Mais em Protec\u00e7\u00e3o dos dados pessoais\">&nbsp;<\/a><\/p>\n","protected":false},"author":1,"featured_media":0,"parent":0,"menu_order":0,"comment_status":"closed","ping_status":"closed","template":"template-normal.php","meta":{"inline_featured_image":false,"generate_page_header":""},"acf":[],"yoast_head":"<!-- This site is optimized with the Yoast SEO plugin v19.1 - https:\/\/yoast.com\/wordpress\/plugins\/seo\/ -->\n<title>Protec\u00e7\u00e3o dos dados pessoais - Bodega Garz\u00f3n<\/title>\n<meta name=\"description\" content=\"Protec\u00e7\u00e3o dos dados pessoais en Bodega Garz\u00f3n. Descubre m\u00e1s en nuestra web BodegaGarzon.com\" \/>\n<meta name=\"robots\" content=\"index, follow, max-snippet:-1, max-image-preview:large, max-video-preview:-1\" \/>\n<link rel=\"canonical\" href=\"https:\/\/bodegagarzon.com\/pt\/protecao-de-dados-pessoais\/\" \/>\n<meta property=\"og:locale\" content=\"pt_PT\" \/>\n<meta property=\"og:type\" content=\"article\" \/>\n<meta property=\"og:title\" content=\"Protec\u00e7\u00e3o dos dados pessoais - Bodega Garz\u00f3n\" \/>\n<meta property=\"og:description\" content=\"Protec\u00e7\u00e3o dos dados pessoais en Bodega Garz\u00f3n. Descubre m\u00e1s en nuestra web BodegaGarzon.com\" \/>\n<meta property=\"og:url\" content=\"https:\/\/bodegagarzon.com\/pt\/protecao-de-dados-pessoais\/\" \/>\n<meta property=\"og:site_name\" content=\"Bodega Garz\u00f3n\" \/>\n<meta property=\"article:publisher\" content=\"https:\/\/www.facebook.com\/ExperienciasGarzon\/\" \/>\n<meta property=\"article:modified_time\" content=\"2019-07-22T11:31:15+00:00\" \/>\n<meta name=\"twitter:card\" content=\"summary_large_image\" \/>\n<meta name=\"twitter:site\" content=\"@BodegaGarzon\" \/>\n<meta name=\"twitter:label1\" content=\"Tempo estimado de leitura\" \/>\n\t<meta name=\"twitter:data1\" content=\"5 minutos\" \/>\n<script type=\"application\/ld+json\" class=\"yoast-schema-graph\">{\"@context\":\"https:\/\/schema.org\",\"@graph\":[{\"@type\":\"WebSite\",\"@id\":\"https:\/\/bodegagarzon.com\/es\/#website\",\"url\":\"https:\/\/bodegagarzon.com\/es\/\",\"name\":\"Bodega Garz\u00f3n\",\"description\":\"Exclusivos y aut\u00e9nticos vinos uruguayos\",\"potentialAction\":[{\"@type\":\"SearchAction\",\"target\":{\"@type\":\"EntryPoint\",\"urlTemplate\":\"https:\/\/bodegagarzon.com\/es\/?s={search_term_string}\"},\"query-input\":\"required name=search_term_string\"}],\"inLanguage\":\"pt-PT\"},{\"@type\":\"WebPage\",\"@id\":\"https:\/\/bodegagarzon.com\/pt\/protecao-de-dados-pessoais\/#webpage\",\"url\":\"https:\/\/bodegagarzon.com\/pt\/protecao-de-dados-pessoais\/\",\"name\":\"Protec\u00e7\u00e3o dos dados pessoais - Bodega Garz\u00f3n\",\"isPartOf\":{\"@id\":\"https:\/\/bodegagarzon.com\/es\/#website\"},\"datePublished\":\"2018-08-21T11:45:31+00:00\",\"dateModified\":\"2019-07-22T11:31:15+00:00\",\"description\":\"Protec\u00e7\u00e3o dos dados pessoais en Bodega Garz\u00f3n. Descubre m\u00e1s en nuestra web BodegaGarzon.com\",\"breadcrumb\":{\"@id\":\"https:\/\/bodegagarzon.com\/pt\/protecao-de-dados-pessoais\/#breadcrumb\"},\"inLanguage\":\"pt-PT\",\"potentialAction\":[{\"@type\":\"ReadAction\",\"target\":[\"https:\/\/bodegagarzon.com\/pt\/protecao-de-dados-pessoais\/\"]}]},{\"@type\":\"BreadcrumbList\",\"@id\":\"https:\/\/bodegagarzon.com\/pt\/protecao-de-dados-pessoais\/#breadcrumb\",\"itemListElement\":[{\"@type\":\"ListItem\",\"position\":1,\"name\":\"Protec\u00e7\u00e3o dos dados pessoais\"}]}]}<\/script>\n<!-- \/ Yoast SEO plugin. -->","yoast_head_json":{"title":"Protec\u00e7\u00e3o dos dados pessoais - Bodega Garz\u00f3n","description":"Protec\u00e7\u00e3o dos dados pessoais en Bodega Garz\u00f3n. Descubre m\u00e1s en nuestra web BodegaGarzon.com","robots":{"index":"index","follow":"follow","max-snippet":"max-snippet:-1","max-image-preview":"max-image-preview:large","max-video-preview":"max-video-preview:-1"},"canonical":"https:\/\/bodegagarzon.com\/pt\/protecao-de-dados-pessoais\/","og_locale":"pt_PT","og_type":"article","og_title":"Protec\u00e7\u00e3o dos dados pessoais - Bodega Garz\u00f3n","og_description":"Protec\u00e7\u00e3o dos dados pessoais en Bodega Garz\u00f3n. Descubre m\u00e1s en nuestra web BodegaGarzon.com","og_url":"https:\/\/bodegagarzon.com\/pt\/protecao-de-dados-pessoais\/","og_site_name":"Bodega Garz\u00f3n","article_publisher":"https:\/\/www.facebook.com\/ExperienciasGarzon\/","article_modified_time":"2019-07-22T11:31:15+00:00","twitter_card":"summary_large_image","twitter_site":"@BodegaGarzon","twitter_misc":{"Tempo estimado de leitura":"5 minutos"},"schema":{"@context":"https:\/\/schema.org","@graph":[{"@type":"WebSite","@id":"https:\/\/bodegagarzon.com\/es\/#website","url":"https:\/\/bodegagarzon.com\/es\/","name":"Bodega Garz\u00f3n","description":"Exclusivos y aut\u00e9nticos vinos uruguayos","potentialAction":[{"@type":"SearchAction","target":{"@type":"EntryPoint","urlTemplate":"https:\/\/bodegagarzon.com\/es\/?s={search_term_string}"},"query-input":"required name=search_term_string"}],"inLanguage":"pt-PT"},{"@type":"WebPage","@id":"https:\/\/bodegagarzon.com\/pt\/protecao-de-dados-pessoais\/#webpage","url":"https:\/\/bodegagarzon.com\/pt\/protecao-de-dados-pessoais\/","name":"Protec\u00e7\u00e3o dos dados pessoais - Bodega Garz\u00f3n","isPartOf":{"@id":"https:\/\/bodegagarzon.com\/es\/#website"},"datePublished":"2018-08-21T11:45:31+00:00","dateModified":"2019-07-22T11:31:15+00:00","description":"Protec\u00e7\u00e3o dos dados pessoais en Bodega Garz\u00f3n. Descubre m\u00e1s en nuestra web BodegaGarzon.com","breadcrumb":{"@id":"https:\/\/bodegagarzon.com\/pt\/protecao-de-dados-pessoais\/#breadcrumb"},"inLanguage":"pt-PT","potentialAction":[{"@type":"ReadAction","target":["https:\/\/bodegagarzon.com\/pt\/protecao-de-dados-pessoais\/"]}]},{"@type":"BreadcrumbList","@id":"https:\/\/bodegagarzon.com\/pt\/protecao-de-dados-pessoais\/#breadcrumb","itemListElement":[{"@type":"ListItem","position":1,"name":"Protec\u00e7\u00e3o dos dados pessoais"}]}]}},"_links":{"self":[{"href":"https:\/\/bodegagarzon.com\/pt\/wp-json\/wp\/v2\/pages\/15102"}],"collection":[{"href":"https:\/\/bodegagarzon.com\/pt\/wp-json\/wp\/v2\/pages"}],"about":[{"href":"https:\/\/bodegagarzon.com\/pt\/wp-json\/wp\/v2\/types\/page"}],"author":[{"embeddable":true,"href":"https:\/\/bodegagarzon.com\/pt\/wp-json\/wp\/v2\/users\/1"}],"replies":[{"embeddable":true,"href":"https:\/\/bodegagarzon.com\/pt\/wp-json\/wp\/v2\/comments?post=15102"}],"version-history":[{"count":4,"href":"https:\/\/bodegagarzon.com\/pt\/wp-json\/wp\/v2\/pages\/15102\/revisions"}],"predecessor-version":[{"id":29565,"href":"https:\/\/bodegagarzon.com\/pt\/wp-json\/wp\/v2\/pages\/15102\/revisions\/29565"}],"wp:attachment":[{"href":"https:\/\/bodegagarzon.com\/pt\/wp-json\/wp\/v2\/media?parent=15102"}],"curies":[{"name":"wp","href":"https:\/\/api.w.org\/{rel}","templated":true}]}}