{"id":10852,"date":"2018-07-12T12:48:08","date_gmt":"2018-07-12T12:48:08","guid":{"rendered":"https:\/\/bodegagarzon.com\/vinos\/"},"modified":"2025-10-29T14:51:06","modified_gmt":"2025-10-29T17:51:06","slug":"vinhos","status":"publish","type":"page","link":"https:\/\/bodegagarzon.com\/pt\/vinhos\/","title":{"rendered":"Vinhos"},"content":{"rendered":"","protected":false},"excerpt":{"rendered":"","protected":false},"author":1,"featured_media":0,"parent":0,"menu_order":0,"comment_status":"closed","ping_status":"closed","template":"template-vinos.php","meta":{"inline_featured_image":false,"generate_page_header":""},"acf":[],"yoast_head":"<!-- This site is optimized with the Yoast SEO plugin v19.1 - https:\/\/yoast.com\/wordpress\/plugins\/seo\/ -->\n<title>Vinhos - Tienda online de Bodega Garz\u00f3n - Vinos Bodega Garz\u00f3n<\/title>\n<meta name=\"description\" content=\"Vinhos en Bodega Garz\u00f3n. Visite la tienda online de vinos de Bodega Garz\u00f3n y reg\u00e1lese el placer de saborear algunos de los vinos de Uruguay m\u00e1s exquisitos y premiados del mundo.\" \/>\n<meta name=\"robots\" content=\"index, follow, max-snippet:-1, max-image-preview:large, max-video-preview:-1\" \/>\n<link rel=\"canonical\" href=\"https:\/\/bodegagarzon.com\/pt\/vinhos\/\" \/>\n<meta property=\"og:locale\" content=\"pt_PT\" \/>\n<meta property=\"og:type\" content=\"article\" \/>\n<meta property=\"og:title\" content=\"Vinhos - Tienda online de Bodega Garz\u00f3n - Vinos Bodega Garz\u00f3n\" \/>\n<meta property=\"og:description\" content=\"Vinhos en Bodega Garz\u00f3n. Visite la tienda online de vinos de Bodega Garz\u00f3n y reg\u00e1lese el placer de saborear algunos de los vinos de Uruguay m\u00e1s exquisitos y premiados del mundo.\" \/>\n<meta property=\"og:url\" content=\"https:\/\/bodegagarzon.com\/pt\/vinhos\/\" \/>\n<meta property=\"og:site_name\" content=\"Bodega Garz\u00f3n\" \/>\n<meta property=\"article:publisher\" content=\"https:\/\/www.facebook.com\/ExperienciasGarzon\/\" \/>\n<meta property=\"article:modified_time\" content=\"2025-10-29T17:51:06+00:00\" \/>\n<meta name=\"twitter:card\" content=\"summary_large_image\" \/>\n<meta name=\"twitter:site\" content=\"@BodegaGarzon\" \/>\n<script type=\"application\/ld+json\" class=\"yoast-schema-graph\">{\"@context\":\"https:\/\/schema.org\",\"@graph\":[{\"@type\":\"WebSite\",\"@id\":\"https:\/\/bodegagarzon.com\/es\/#website\",\"url\":\"https:\/\/bodegagarzon.com\/es\/\",\"name\":\"Bodega Garz\u00f3n\",\"description\":\"Exclusivos y aut\u00e9nticos vinos uruguayos\",\"potentialAction\":[{\"@type\":\"SearchAction\",\"target\":{\"@type\":\"EntryPoint\",\"urlTemplate\":\"https:\/\/bodegagarzon.com\/es\/?s={search_term_string}\"},\"query-input\":\"required name=search_term_string\"}],\"inLanguage\":\"pt-PT\"},{\"@type\":\"WebPage\",\"@id\":\"https:\/\/bodegagarzon.com\/pt\/vinhos\/#webpage\",\"url\":\"https:\/\/bodegagarzon.com\/pt\/vinhos\/\",\"name\":\"Vinhos - Tienda online de Bodega Garz\u00f3n - Vinos Bodega Garz\u00f3n\",\"isPartOf\":{\"@id\":\"https:\/\/bodegagarzon.com\/es\/#website\"},\"datePublished\":\"2018-07-12T12:48:08+00:00\",\"dateModified\":\"2025-10-29T17:51:06+00:00\",\"description\":\"Vinhos en Bodega Garz\u00f3n. Visite la tienda online de vinos de Bodega Garz\u00f3n y reg\u00e1lese el placer de saborear algunos de los vinos de Uruguay m\u00e1s exquisitos y premiados del mundo.\",\"breadcrumb\":{\"@id\":\"https:\/\/bodegagarzon.com\/pt\/vinhos\/#breadcrumb\"},\"inLanguage\":\"pt-PT\",\"potentialAction\":[{\"@type\":\"ReadAction\",\"target\":[\"https:\/\/bodegagarzon.com\/pt\/vinhos\/\"]}]},{\"@type\":\"BreadcrumbList\",\"@id\":\"https:\/\/bodegagarzon.com\/pt\/vinhos\/#breadcrumb\",\"itemListElement\":[{\"@type\":\"ListItem\",\"position\":1,\"name\":\"Vinhos\"}]}]}<\/script>\n<!-- \/ Yoast SEO plugin. -->","yoast_head_json":{"title":"Vinhos - Tienda online de Bodega Garz\u00f3n - Vinos Bodega Garz\u00f3n","description":"Vinhos en Bodega Garz\u00f3n. Visite la tienda online de vinos de Bodega Garz\u00f3n y reg\u00e1lese el placer de saborear algunos de los vinos de Uruguay m\u00e1s exquisitos y premiados del mundo.","robots":{"index":"index","follow":"follow","max-snippet":"max-snippet:-1","max-image-preview":"max-image-preview:large","max-video-preview":"max-video-preview:-1"},"canonical":"https:\/\/bodegagarzon.com\/pt\/vinhos\/","og_locale":"pt_PT","og_type":"article","og_title":"Vinhos - Tienda online de Bodega Garz\u00f3n - Vinos Bodega Garz\u00f3n","og_description":"Vinhos en Bodega Garz\u00f3n. Visite la tienda online de vinos de Bodega Garz\u00f3n y reg\u00e1lese el placer de saborear algunos de los vinos de Uruguay m\u00e1s exquisitos y premiados del mundo.","og_url":"https:\/\/bodegagarzon.com\/pt\/vinhos\/","og_site_name":"Bodega Garz\u00f3n","article_publisher":"https:\/\/www.facebook.com\/ExperienciasGarzon\/","article_modified_time":"2025-10-29T17:51:06+00:00","twitter_card":"summary_large_image","twitter_site":"@BodegaGarzon","schema":{"@context":"https:\/\/schema.org","@graph":[{"@type":"WebSite","@id":"https:\/\/bodegagarzon.com\/es\/#website","url":"https:\/\/bodegagarzon.com\/es\/","name":"Bodega Garz\u00f3n","description":"Exclusivos y aut\u00e9nticos vinos uruguayos","potentialAction":[{"@type":"SearchAction","target":{"@type":"EntryPoint","urlTemplate":"https:\/\/bodegagarzon.com\/es\/?s={search_term_string}"},"query-input":"required name=search_term_string"}],"inLanguage":"pt-PT"},{"@type":"WebPage","@id":"https:\/\/bodegagarzon.com\/pt\/vinhos\/#webpage","url":"https:\/\/bodegagarzon.com\/pt\/vinhos\/","name":"Vinhos - Tienda online de Bodega Garz\u00f3n - Vinos Bodega Garz\u00f3n","isPartOf":{"@id":"https:\/\/bodegagarzon.com\/es\/#website"},"datePublished":"2018-07-12T12:48:08+00:00","dateModified":"2025-10-29T17:51:06+00:00","description":"Vinhos en Bodega Garz\u00f3n. Visite la tienda online de vinos de Bodega Garz\u00f3n y reg\u00e1lese el placer de saborear algunos de los vinos de Uruguay m\u00e1s exquisitos y premiados del mundo.","breadcrumb":{"@id":"https:\/\/bodegagarzon.com\/pt\/vinhos\/#breadcrumb"},"inLanguage":"pt-PT","potentialAction":[{"@type":"ReadAction","target":["https:\/\/bodegagarzon.com\/pt\/vinhos\/"]}]},{"@type":"BreadcrumbList","@id":"https:\/\/bodegagarzon.com\/pt\/vinhos\/#breadcrumb","itemListElement":[{"@type":"ListItem","position":1,"name":"Vinhos"}]}]}},"_links":{"self":[{"href":"https:\/\/bodegagarzon.com\/pt\/wp-json\/wp\/v2\/pages\/10852"}],"collection":[{"href":"https:\/\/bodegagarzon.com\/pt\/wp-json\/wp\/v2\/pages"}],"about":[{"href":"https:\/\/bodegagarzon.com\/pt\/wp-json\/wp\/v2\/types\/page"}],"author":[{"embeddable":true,"href":"https:\/\/bodegagarzon.com\/pt\/wp-json\/wp\/v2\/users\/1"}],"replies":[{"embeddable":true,"href":"https:\/\/bodegagarzon.com\/pt\/wp-json\/wp\/v2\/comments?post=10852"}],"version-history":[{"count":8,"href":"https:\/\/bodegagarzon.com\/pt\/wp-json\/wp\/v2\/pages\/10852\/revisions"}],"predecessor-version":[{"id":91879,"href":"https:\/\/bodegagarzon.com\/pt\/wp-json\/wp\/v2\/pages\/10852\/revisions\/91879"}],"wp:attachment":[{"href":"https:\/\/bodegagarzon.com\/pt\/wp-json\/wp\/v2\/media?parent=10852"}],"curies":[{"name":"wp","href":"https:\/\/api.w.org\/{rel}","templated":true}]}}