{"id":82724,"date":"2024-04-18T00:30:38","date_gmt":"2024-04-18T03:30:38","guid":{"rendered":"https:\/\/bodegagarzon.com\/?post_type=product&#038;p=82724"},"modified":"2025-08-07T15:03:00","modified_gmt":"2025-08-07T18:03:00","slug":"merlot-2022","status":"publish","type":"product","link":"https:\/\/bodegagarzon.com\/es\/vino\/merlot-2022\/","title":{"rendered":"Merlot 2022"},"content":{"rendered":"<p>De color rojo rub\u00ed intenso, este Merlot se abre en nariz expresando un agradable aroma que recuerda a ciruela y ar\u00e1ndanos, junto con una suave textura y taninos amables que lo hacen un vino persistente y perfectamente equilibrado.<\/p>\n<p>&nbsp;<\/p>\n","protected":false},"excerpt":{"rendered":"<p>De color rojo rub\u00ed intenso, este Merlot se abre en nariz expresando un agradable aroma que recuerda a ciruela y ar\u00e1ndanos, junto con una suave textura y taninos amables que lo hacen un vino persistente y perfectamente equilibrado. &nbsp;<\/p>\n","protected":false},"featured_media":69141,"comment_status":"open","ping_status":"closed","template":"","meta":{"inline_featured_image":false,"generate_page_header":""},"product_cat":[49],"product_tag":[],"anada":[152],"acf":[],"yoast_head":"<!-- This site is optimized with the Yoast SEO plugin v19.1 - https:\/\/yoast.com\/wordpress\/plugins\/seo\/ -->\n<title>Merlot 2022 - Bodega Garz\u00f3n<\/title>\n<meta name=\"robots\" content=\"index, follow, max-snippet:-1, max-image-preview:large, max-video-preview:-1\" \/>\n<link rel=\"canonical\" href=\"https:\/\/bodegagarzon.com\/es\/vino\/merlot-2022\/\" \/>\n<meta property=\"og:locale\" content=\"es_ES\" \/>\n<meta property=\"og:type\" content=\"article\" \/>\n<meta property=\"og:title\" content=\"Merlot 2022 - Bodega Garz\u00f3n\" \/>\n<meta property=\"og:description\" content=\"De color rojo rub\u00ed intenso, este Merlot se abre en nariz expresando un agradable aroma que recuerda a ciruela y ar\u00e1ndanos, junto con una suave textura y taninos amables que lo hacen un vino persistente y perfectamente equilibrado. &nbsp;\" \/>\n<meta property=\"og:url\" content=\"https:\/\/bodegagarzon.com\/es\/vino\/merlot-2022\/\" \/>\n<meta property=\"og:site_name\" content=\"Bodega Garz\u00f3n\" \/>\n<meta property=\"article:publisher\" content=\"https:\/\/www.facebook.com\/ExperienciasGarzon\/\" \/>\n<meta property=\"article:modified_time\" content=\"2025-08-07T18:03:00+00:00\" \/>\n<meta property=\"og:image\" content=\"https:\/\/bodegagarzon.com\/wp-content\/uploads\/2022\/08\/merlotok.png\" \/>\n\t<meta property=\"og:image:width\" content=\"300\" \/>\n\t<meta property=\"og:image:height\" content=\"762\" \/>\n\t<meta property=\"og:image:type\" content=\"image\/png\" \/>\n<meta name=\"twitter:card\" content=\"summary_large_image\" \/>\n<meta name=\"twitter:site\" content=\"@BodegaGarzon\" \/>\n<meta name=\"twitter:label1\" content=\"Tiempo de lectura\" \/>\n\t<meta name=\"twitter:data1\" content=\"1 minuto\" \/>\n<script type=\"application\/ld+json\" class=\"yoast-schema-graph\">{\"@context\":\"https:\/\/schema.org\",\"@graph\":[{\"@type\":\"WebSite\",\"@id\":\"https:\/\/bodegagarzon.com\/es\/#website\",\"url\":\"https:\/\/bodegagarzon.com\/es\/\",\"name\":\"Bodega Garz\u00f3n\",\"description\":\"Exclusivos y aut\u00e9nticos vinos uruguayos\",\"potentialAction\":[{\"@type\":\"SearchAction\",\"target\":{\"@type\":\"EntryPoint\",\"urlTemplate\":\"https:\/\/bodegagarzon.com\/es\/?s={search_term_string}\"},\"query-input\":\"required name=search_term_string\"}],\"inLanguage\":\"es\"},{\"@type\":\"ImageObject\",\"inLanguage\":\"es\",\"@id\":\"https:\/\/bodegagarzon.com\/es\/vino\/merlot-2022\/#primaryimage\",\"url\":\"https:\/\/bodegagarzon.com\/wp-content\/uploads\/2022\/08\/merlotok.png\",\"contentUrl\":\"https:\/\/bodegagarzon.com\/wp-content\/uploads\/2022\/08\/merlotok.png\",\"width\":300,\"height\":762,\"caption\":\"merlot 2019\"},{\"@type\":\"WebPage\",\"@id\":\"https:\/\/bodegagarzon.com\/es\/vino\/merlot-2022\/#webpage\",\"url\":\"https:\/\/bodegagarzon.com\/es\/vino\/merlot-2022\/\",\"name\":\"Merlot 2022 - Bodega Garz\u00f3n\",\"isPartOf\":{\"@id\":\"https:\/\/bodegagarzon.com\/es\/#website\"},\"primaryImageOfPage\":{\"@id\":\"https:\/\/bodegagarzon.com\/es\/vino\/merlot-2022\/#primaryimage\"},\"datePublished\":\"2024-04-18T03:30:38+00:00\",\"dateModified\":\"2025-08-07T18:03:00+00:00\",\"breadcrumb\":{\"@id\":\"https:\/\/bodegagarzon.com\/es\/vino\/merlot-2022\/#breadcrumb\"},\"inLanguage\":\"es\",\"potentialAction\":[{\"@type\":\"ReadAction\",\"target\":[\"https:\/\/bodegagarzon.com\/es\/vino\/merlot-2022\/\"]}]},{\"@type\":\"BreadcrumbList\",\"@id\":\"https:\/\/bodegagarzon.com\/es\/vino\/merlot-2022\/#breadcrumb\",\"itemListElement\":[{\"@type\":\"ListItem\",\"position\":1,\"name\":\"Tienda\",\"item\":\"https:\/\/bodegagarzon.com\/es\/tienda\/\"},{\"@type\":\"ListItem\",\"position\":2,\"name\":\"Merlot 2022\"}]}]}<\/script>\n<!-- \/ Yoast SEO plugin. -->","yoast_head_json":{"title":"Merlot 2022 - Bodega Garz\u00f3n","robots":{"index":"index","follow":"follow","max-snippet":"max-snippet:-1","max-image-preview":"max-image-preview:large","max-video-preview":"max-video-preview:-1"},"canonical":"https:\/\/bodegagarzon.com\/es\/vino\/merlot-2022\/","og_locale":"es_ES","og_type":"article","og_title":"Merlot 2022 - Bodega Garz\u00f3n","og_description":"De color rojo rub\u00ed intenso, este Merlot se abre en nariz expresando un agradable aroma que recuerda a ciruela y ar\u00e1ndanos, junto con una suave textura y taninos amables que lo hacen un vino persistente y perfectamente equilibrado. &nbsp;","og_url":"https:\/\/bodegagarzon.com\/es\/vino\/merlot-2022\/","og_site_name":"Bodega Garz\u00f3n","article_publisher":"https:\/\/www.facebook.com\/ExperienciasGarzon\/","article_modified_time":"2025-08-07T18:03:00+00:00","og_image":[{"width":300,"height":762,"url":"https:\/\/bodegagarzon.com\/wp-content\/uploads\/2022\/08\/merlotok.png","type":"image\/png"}],"twitter_card":"summary_large_image","twitter_site":"@BodegaGarzon","twitter_misc":{"Tiempo de lectura":"1 minuto"},"schema":{"@context":"https:\/\/schema.org","@graph":[{"@type":"WebSite","@id":"https:\/\/bodegagarzon.com\/es\/#website","url":"https:\/\/bodegagarzon.com\/es\/","name":"Bodega Garz\u00f3n","description":"Exclusivos y aut\u00e9nticos vinos uruguayos","potentialAction":[{"@type":"SearchAction","target":{"@type":"EntryPoint","urlTemplate":"https:\/\/bodegagarzon.com\/es\/?s={search_term_string}"},"query-input":"required name=search_term_string"}],"inLanguage":"es"},{"@type":"ImageObject","inLanguage":"es","@id":"https:\/\/bodegagarzon.com\/es\/vino\/merlot-2022\/#primaryimage","url":"https:\/\/bodegagarzon.com\/wp-content\/uploads\/2022\/08\/merlotok.png","contentUrl":"https:\/\/bodegagarzon.com\/wp-content\/uploads\/2022\/08\/merlotok.png","width":300,"height":762,"caption":"merlot 2019"},{"@type":"WebPage","@id":"https:\/\/bodegagarzon.com\/es\/vino\/merlot-2022\/#webpage","url":"https:\/\/bodegagarzon.com\/es\/vino\/merlot-2022\/","name":"Merlot 2022 - Bodega Garz\u00f3n","isPartOf":{"@id":"https:\/\/bodegagarzon.com\/es\/#website"},"primaryImageOfPage":{"@id":"https:\/\/bodegagarzon.com\/es\/vino\/merlot-2022\/#primaryimage"},"datePublished":"2024-04-18T03:30:38+00:00","dateModified":"2025-08-07T18:03:00+00:00","breadcrumb":{"@id":"https:\/\/bodegagarzon.com\/es\/vino\/merlot-2022\/#breadcrumb"},"inLanguage":"es","potentialAction":[{"@type":"ReadAction","target":["https:\/\/bodegagarzon.com\/es\/vino\/merlot-2022\/"]}]},{"@type":"BreadcrumbList","@id":"https:\/\/bodegagarzon.com\/es\/vino\/merlot-2022\/#breadcrumb","itemListElement":[{"@type":"ListItem","position":1,"name":"Tienda","item":"https:\/\/bodegagarzon.com\/es\/tienda\/"},{"@type":"ListItem","position":2,"name":"Merlot 2022"}]}]}},"_links":{"self":[{"href":"https:\/\/bodegagarzon.com\/es\/wp-json\/wp\/v2\/product\/82724"}],"collection":[{"href":"https:\/\/bodegagarzon.com\/es\/wp-json\/wp\/v2\/product"}],"about":[{"href":"https:\/\/bodegagarzon.com\/es\/wp-json\/wp\/v2\/types\/product"}],"replies":[{"embeddable":true,"href":"https:\/\/bodegagarzon.com\/es\/wp-json\/wp\/v2\/comments?post=82724"}],"wp:featuredmedia":[{"embeddable":true,"href":"https:\/\/bodegagarzon.com\/es\/wp-json\/wp\/v2\/media\/69141"}],"wp:attachment":[{"href":"https:\/\/bodegagarzon.com\/es\/wp-json\/wp\/v2\/media?parent=82724"}],"wp:term":[{"taxonomy":"product_cat","embeddable":true,"href":"https:\/\/bodegagarzon.com\/es\/wp-json\/wp\/v2\/product_cat?post=82724"},{"taxonomy":"product_tag","embeddable":true,"href":"https:\/\/bodegagarzon.com\/es\/wp-json\/wp\/v2\/product_tag?post=82724"},{"taxonomy":"anada","embeddable":true,"href":"https:\/\/bodegagarzon.com\/es\/wp-json\/wp\/v2\/anada?post=82724"}],"curies":[{"name":"wp","href":"https:\/\/api.w.org\/{rel}","templated":true}]}}