{"id":82558,"date":"2024-04-10T10:46:56","date_gmt":"2024-04-10T13:46:56","guid":{"rendered":"https:\/\/bodegagarzon.com\/?post_type=product&#038;p=82558"},"modified":"2024-04-30T14:52:44","modified_gmt":"2024-04-30T17:52:44","slug":"pack-tannat-x4","status":"publish","type":"product","link":"https:\/\/bodegagarzon.com\/es\/vino\/pack-tannat-x4\/","title":{"rendered":"Pack Tannat x4"},"content":{"rendered":"<p>Contiene:<\/p>\n<ul>\n<li data-pm-slice=\"1 1 []\">1 Garz\u00f3n Tannat Petit Clos.<\/li>\n<li data-pm-slice=\"1 1 []\">1 Garz\u00f3n Tannat Single Vineyard.<\/li>\n<li data-pm-slice=\"1 1 []\">1 Garz\u00f3n Tannat Reserva.<\/li>\n<li data-pm-slice=\"1 1 []\">1 Garz\u00f3n Tannat de Corte Estate.<\/li>\n<\/ul>\n<p><strong>Precio especial: $ 4.590.<br \/>\n<\/strong><strong>20% OFF.<\/strong><\/p>\n<p><strong> Env\u00edo gratis.\u00a0<\/strong><\/p>\n","protected":false},"excerpt":{"rendered":"<p>Contiene: 1 Garz\u00f3n Tannat Petit Clos. 1 Garz\u00f3n Tannat Single Vineyard. 1 Garz\u00f3n Tannat Reserva. 1 Garz\u00f3n Tannat de Corte Estate. Precio especial: $ 4.590. 20% OFF. Env\u00edo gratis.\u00a0<\/p>\n","protected":false},"featured_media":82559,"comment_status":"open","ping_status":"closed","template":"","meta":{"inline_featured_image":false,"generate_page_header":""},"product_cat":[747],"product_tag":[],"anada":[],"acf":[],"yoast_head":"<!-- This site is optimized with the Yoast SEO plugin v19.1 - https:\/\/yoast.com\/wordpress\/plugins\/seo\/ -->\n<title>Pack Tannat x4 - Bodega Garz\u00f3n<\/title>\n<meta name=\"robots\" content=\"index, follow, max-snippet:-1, max-image-preview:large, max-video-preview:-1\" \/>\n<link rel=\"canonical\" href=\"https:\/\/bodegagarzon.com\/es\/vino\/pack-tannat-x4\/\" \/>\n<meta property=\"og:locale\" content=\"es_ES\" \/>\n<meta property=\"og:type\" content=\"article\" \/>\n<meta property=\"og:title\" content=\"Pack Tannat x4 - Bodega Garz\u00f3n\" \/>\n<meta property=\"og:description\" content=\"Contiene: 1 Garz\u00f3n Tannat Petit Clos. 1 Garz\u00f3n Tannat Single Vineyard. 1 Garz\u00f3n Tannat Reserva. 1 Garz\u00f3n Tannat de Corte Estate. Precio especial: $ 4.590. 20% OFF. Env\u00edo gratis.\u00a0\" \/>\n<meta property=\"og:url\" content=\"https:\/\/bodegagarzon.com\/es\/vino\/pack-tannat-x4\/\" \/>\n<meta property=\"og:site_name\" content=\"Bodega Garz\u00f3n\" \/>\n<meta property=\"article:publisher\" content=\"https:\/\/www.facebook.com\/ExperienciasGarzon\/\" \/>\n<meta property=\"article:modified_time\" content=\"2024-04-30T17:52:44+00:00\" \/>\n<meta property=\"og:image\" content=\"https:\/\/bodegagarzon.com\/wp-content\/uploads\/2024\/04\/Pack_Tannat_WEB_X4.png\" \/>\n\t<meta property=\"og:image:width\" content=\"1500\" \/>\n\t<meta property=\"og:image:height\" content=\"600\" \/>\n\t<meta property=\"og:image:type\" content=\"image\/png\" \/>\n<meta name=\"twitter:card\" content=\"summary_large_image\" \/>\n<meta name=\"twitter:site\" content=\"@BodegaGarzon\" \/>\n<meta name=\"twitter:label1\" content=\"Tiempo de lectura\" \/>\n\t<meta name=\"twitter:data1\" content=\"1 minuto\" \/>\n<script type=\"application\/ld+json\" class=\"yoast-schema-graph\">{\"@context\":\"https:\/\/schema.org\",\"@graph\":[{\"@type\":\"WebSite\",\"@id\":\"https:\/\/bodegagarzon.com\/es\/#website\",\"url\":\"https:\/\/bodegagarzon.com\/es\/\",\"name\":\"Bodega Garz\u00f3n\",\"description\":\"Exclusivos y aut\u00e9nticos vinos uruguayos\",\"potentialAction\":[{\"@type\":\"SearchAction\",\"target\":{\"@type\":\"EntryPoint\",\"urlTemplate\":\"https:\/\/bodegagarzon.com\/es\/?s={search_term_string}\"},\"query-input\":\"required name=search_term_string\"}],\"inLanguage\":\"es\"},{\"@type\":\"ImageObject\",\"inLanguage\":\"es\",\"@id\":\"https:\/\/bodegagarzon.com\/es\/vino\/pack-tannat-x4\/#primaryimage\",\"url\":\"https:\/\/bodegagarzon.com\/wp-content\/uploads\/2024\/04\/Pack_Tannat_WEB_X4.png\",\"contentUrl\":\"https:\/\/bodegagarzon.com\/wp-content\/uploads\/2024\/04\/Pack_Tannat_WEB_X4.png\",\"width\":1500,\"height\":600,\"caption\":\"pack tannat x4\"},{\"@type\":\"WebPage\",\"@id\":\"https:\/\/bodegagarzon.com\/es\/vino\/pack-tannat-x4\/#webpage\",\"url\":\"https:\/\/bodegagarzon.com\/es\/vino\/pack-tannat-x4\/\",\"name\":\"Pack Tannat x4 - Bodega Garz\u00f3n\",\"isPartOf\":{\"@id\":\"https:\/\/bodegagarzon.com\/es\/#website\"},\"primaryImageOfPage\":{\"@id\":\"https:\/\/bodegagarzon.com\/es\/vino\/pack-tannat-x4\/#primaryimage\"},\"datePublished\":\"2024-04-10T13:46:56+00:00\",\"dateModified\":\"2024-04-30T17:52:44+00:00\",\"breadcrumb\":{\"@id\":\"https:\/\/bodegagarzon.com\/es\/vino\/pack-tannat-x4\/#breadcrumb\"},\"inLanguage\":\"es\",\"potentialAction\":[{\"@type\":\"ReadAction\",\"target\":[\"https:\/\/bodegagarzon.com\/es\/vino\/pack-tannat-x4\/\"]}]},{\"@type\":\"BreadcrumbList\",\"@id\":\"https:\/\/bodegagarzon.com\/es\/vino\/pack-tannat-x4\/#breadcrumb\",\"itemListElement\":[{\"@type\":\"ListItem\",\"position\":1,\"name\":\"Tienda\",\"item\":\"https:\/\/bodegagarzon.com\/es\/tienda\/\"},{\"@type\":\"ListItem\",\"position\":2,\"name\":\"Pack Tannat x4\"}]}]}<\/script>\n<!-- \/ Yoast SEO plugin. -->","yoast_head_json":{"title":"Pack Tannat x4 - Bodega Garz\u00f3n","robots":{"index":"index","follow":"follow","max-snippet":"max-snippet:-1","max-image-preview":"max-image-preview:large","max-video-preview":"max-video-preview:-1"},"canonical":"https:\/\/bodegagarzon.com\/es\/vino\/pack-tannat-x4\/","og_locale":"es_ES","og_type":"article","og_title":"Pack Tannat x4 - Bodega Garz\u00f3n","og_description":"Contiene: 1 Garz\u00f3n Tannat Petit Clos. 1 Garz\u00f3n Tannat Single Vineyard. 1 Garz\u00f3n Tannat Reserva. 1 Garz\u00f3n Tannat de Corte Estate. Precio especial: $ 4.590. 20% OFF. Env\u00edo gratis.\u00a0","og_url":"https:\/\/bodegagarzon.com\/es\/vino\/pack-tannat-x4\/","og_site_name":"Bodega Garz\u00f3n","article_publisher":"https:\/\/www.facebook.com\/ExperienciasGarzon\/","article_modified_time":"2024-04-30T17:52:44+00:00","og_image":[{"width":1500,"height":600,"url":"https:\/\/bodegagarzon.com\/wp-content\/uploads\/2024\/04\/Pack_Tannat_WEB_X4.png","type":"image\/png"}],"twitter_card":"summary_large_image","twitter_site":"@BodegaGarzon","twitter_misc":{"Tiempo de lectura":"1 minuto"},"schema":{"@context":"https:\/\/schema.org","@graph":[{"@type":"WebSite","@id":"https:\/\/bodegagarzon.com\/es\/#website","url":"https:\/\/bodegagarzon.com\/es\/","name":"Bodega Garz\u00f3n","description":"Exclusivos y aut\u00e9nticos vinos uruguayos","potentialAction":[{"@type":"SearchAction","target":{"@type":"EntryPoint","urlTemplate":"https:\/\/bodegagarzon.com\/es\/?s={search_term_string}"},"query-input":"required name=search_term_string"}],"inLanguage":"es"},{"@type":"ImageObject","inLanguage":"es","@id":"https:\/\/bodegagarzon.com\/es\/vino\/pack-tannat-x4\/#primaryimage","url":"https:\/\/bodegagarzon.com\/wp-content\/uploads\/2024\/04\/Pack_Tannat_WEB_X4.png","contentUrl":"https:\/\/bodegagarzon.com\/wp-content\/uploads\/2024\/04\/Pack_Tannat_WEB_X4.png","width":1500,"height":600,"caption":"pack tannat x4"},{"@type":"WebPage","@id":"https:\/\/bodegagarzon.com\/es\/vino\/pack-tannat-x4\/#webpage","url":"https:\/\/bodegagarzon.com\/es\/vino\/pack-tannat-x4\/","name":"Pack Tannat x4 - Bodega Garz\u00f3n","isPartOf":{"@id":"https:\/\/bodegagarzon.com\/es\/#website"},"primaryImageOfPage":{"@id":"https:\/\/bodegagarzon.com\/es\/vino\/pack-tannat-x4\/#primaryimage"},"datePublished":"2024-04-10T13:46:56+00:00","dateModified":"2024-04-30T17:52:44+00:00","breadcrumb":{"@id":"https:\/\/bodegagarzon.com\/es\/vino\/pack-tannat-x4\/#breadcrumb"},"inLanguage":"es","potentialAction":[{"@type":"ReadAction","target":["https:\/\/bodegagarzon.com\/es\/vino\/pack-tannat-x4\/"]}]},{"@type":"BreadcrumbList","@id":"https:\/\/bodegagarzon.com\/es\/vino\/pack-tannat-x4\/#breadcrumb","itemListElement":[{"@type":"ListItem","position":1,"name":"Tienda","item":"https:\/\/bodegagarzon.com\/es\/tienda\/"},{"@type":"ListItem","position":2,"name":"Pack Tannat x4"}]}]}},"_links":{"self":[{"href":"https:\/\/bodegagarzon.com\/es\/wp-json\/wp\/v2\/product\/82558"}],"collection":[{"href":"https:\/\/bodegagarzon.com\/es\/wp-json\/wp\/v2\/product"}],"about":[{"href":"https:\/\/bodegagarzon.com\/es\/wp-json\/wp\/v2\/types\/product"}],"replies":[{"embeddable":true,"href":"https:\/\/bodegagarzon.com\/es\/wp-json\/wp\/v2\/comments?post=82558"}],"wp:featuredmedia":[{"embeddable":true,"href":"https:\/\/bodegagarzon.com\/es\/wp-json\/wp\/v2\/media\/82559"}],"wp:attachment":[{"href":"https:\/\/bodegagarzon.com\/es\/wp-json\/wp\/v2\/media?parent=82558"}],"wp:term":[{"taxonomy":"product_cat","embeddable":true,"href":"https:\/\/bodegagarzon.com\/es\/wp-json\/wp\/v2\/product_cat?post=82558"},{"taxonomy":"product_tag","embeddable":true,"href":"https:\/\/bodegagarzon.com\/es\/wp-json\/wp\/v2\/product_tag?post=82558"},{"taxonomy":"anada","embeddable":true,"href":"https:\/\/bodegagarzon.com\/es\/wp-json\/wp\/v2\/anada?post=82558"}],"curies":[{"name":"wp","href":"https:\/\/api.w.org\/{rel}","templated":true}]}}