{"id":69471,"date":"2022-08-17T11:18:25","date_gmt":"2022-08-17T14:18:25","guid":{"rendered":"https:\/\/bodegagarzon.com\/?post_type=product&#038;p=69471"},"modified":"2022-09-08T12:08:36","modified_gmt":"2022-09-08T15:08:36","slug":"pack-tannat-single-vineyard-2020","status":"publish","type":"product","link":"https:\/\/bodegagarzon.com\/es\/vino\/pack-tannat-single-vineyard-2020\/","title":{"rendered":"Pack Tannat Single Vineyard 2020"},"content":{"rendered":"<p>Contiene:<\/p>\n<ul>\n<li data-pm-slice=\"1 1 []\">3 Garz\u00f3n Tannat Single Vineyard 2020.<\/li>\n<\/ul>\n<p><strong>Precio especial: $ 3.120.<br \/>\n<\/strong><strong>20% OFF.<\/strong><\/p>\n<p>Env\u00edo gratis.<\/p>\n","protected":false},"excerpt":{"rendered":"<p>Contiene: 3 Garz\u00f3n Tannat Single Vineyard 2020. Precio especial: $ 3.120. 20% OFF. Env\u00edo gratis.<\/p>\n","protected":false},"featured_media":69473,"comment_status":"open","ping_status":"closed","template":"","meta":{"inline_featured_image":false,"generate_page_header":""},"product_cat":[747],"product_tag":[],"anada":[],"acf":[],"yoast_head":"<!-- This site is optimized with the Yoast SEO plugin v19.1 - https:\/\/yoast.com\/wordpress\/plugins\/seo\/ -->\n<title>Pack Tannat Single Vineyard 2020 - Bodega Garz\u00f3n<\/title>\n<meta name=\"robots\" content=\"index, follow, max-snippet:-1, max-image-preview:large, max-video-preview:-1\" \/>\n<link rel=\"canonical\" href=\"https:\/\/bodegagarzon.com\/es\/vino\/pack-tannat-single-vineyard-2020\/\" \/>\n<meta property=\"og:locale\" content=\"es_ES\" \/>\n<meta property=\"og:type\" content=\"article\" \/>\n<meta property=\"og:title\" content=\"Pack Tannat Single Vineyard 2020 - Bodega Garz\u00f3n\" \/>\n<meta property=\"og:description\" content=\"Contiene: 3 Garz\u00f3n Tannat Single Vineyard 2020. Precio especial: $ 3.120. 20% OFF. Env\u00edo gratis.\" \/>\n<meta property=\"og:url\" content=\"https:\/\/bodegagarzon.com\/es\/vino\/pack-tannat-single-vineyard-2020\/\" \/>\n<meta property=\"og:site_name\" content=\"Bodega Garz\u00f3n\" \/>\n<meta property=\"article:publisher\" content=\"https:\/\/www.facebook.com\/ExperienciasGarzon\/\" \/>\n<meta property=\"article:modified_time\" content=\"2022-09-08T15:08:36+00:00\" \/>\n<meta property=\"og:image\" content=\"https:\/\/bodegagarzon.com\/wp-content\/uploads\/2022\/08\/Packs_Agosto_3SV_WEB.png\" \/>\n\t<meta property=\"og:image:width\" content=\"1500\" \/>\n\t<meta property=\"og:image:height\" content=\"600\" \/>\n\t<meta property=\"og:image:type\" content=\"image\/png\" \/>\n<meta name=\"twitter:card\" content=\"summary_large_image\" \/>\n<meta name=\"twitter:site\" content=\"@BodegaGarzon\" \/>\n<meta name=\"twitter:label1\" content=\"Tiempo de lectura\" \/>\n\t<meta name=\"twitter:data1\" content=\"1 minuto\" \/>\n<script type=\"application\/ld+json\" class=\"yoast-schema-graph\">{\"@context\":\"https:\/\/schema.org\",\"@graph\":[{\"@type\":\"WebSite\",\"@id\":\"https:\/\/bodegagarzon.com\/es\/#website\",\"url\":\"https:\/\/bodegagarzon.com\/es\/\",\"name\":\"Bodega Garz\u00f3n\",\"description\":\"Exclusivos y aut\u00e9nticos vinos uruguayos\",\"potentialAction\":[{\"@type\":\"SearchAction\",\"target\":{\"@type\":\"EntryPoint\",\"urlTemplate\":\"https:\/\/bodegagarzon.com\/es\/?s={search_term_string}\"},\"query-input\":\"required name=search_term_string\"}],\"inLanguage\":\"es\"},{\"@type\":\"ImageObject\",\"inLanguage\":\"es\",\"@id\":\"https:\/\/bodegagarzon.com\/es\/vino\/pack-tannat-single-vineyard-2020\/#primaryimage\",\"url\":\"https:\/\/bodegagarzon.com\/wp-content\/uploads\/2022\/08\/Packs_Agosto_3SV_WEB.png\",\"contentUrl\":\"https:\/\/bodegagarzon.com\/wp-content\/uploads\/2022\/08\/Packs_Agosto_3SV_WEB.png\",\"width\":1500,\"height\":600,\"caption\":\"pack especial\"},{\"@type\":\"WebPage\",\"@id\":\"https:\/\/bodegagarzon.com\/es\/vino\/pack-tannat-single-vineyard-2020\/#webpage\",\"url\":\"https:\/\/bodegagarzon.com\/es\/vino\/pack-tannat-single-vineyard-2020\/\",\"name\":\"Pack Tannat Single Vineyard 2020 - Bodega Garz\u00f3n\",\"isPartOf\":{\"@id\":\"https:\/\/bodegagarzon.com\/es\/#website\"},\"primaryImageOfPage\":{\"@id\":\"https:\/\/bodegagarzon.com\/es\/vino\/pack-tannat-single-vineyard-2020\/#primaryimage\"},\"datePublished\":\"2022-08-17T14:18:25+00:00\",\"dateModified\":\"2022-09-08T15:08:36+00:00\",\"breadcrumb\":{\"@id\":\"https:\/\/bodegagarzon.com\/es\/vino\/pack-tannat-single-vineyard-2020\/#breadcrumb\"},\"inLanguage\":\"es\",\"potentialAction\":[{\"@type\":\"ReadAction\",\"target\":[\"https:\/\/bodegagarzon.com\/es\/vino\/pack-tannat-single-vineyard-2020\/\"]}]},{\"@type\":\"BreadcrumbList\",\"@id\":\"https:\/\/bodegagarzon.com\/es\/vino\/pack-tannat-single-vineyard-2020\/#breadcrumb\",\"itemListElement\":[{\"@type\":\"ListItem\",\"position\":1,\"name\":\"Tienda\",\"item\":\"https:\/\/bodegagarzon.com\/es\/tienda\/\"},{\"@type\":\"ListItem\",\"position\":2,\"name\":\"Pack Tannat Single Vineyard 2020\"}]}]}<\/script>\n<!-- \/ Yoast SEO plugin. -->","yoast_head_json":{"title":"Pack Tannat Single Vineyard 2020 - Bodega Garz\u00f3n","robots":{"index":"index","follow":"follow","max-snippet":"max-snippet:-1","max-image-preview":"max-image-preview:large","max-video-preview":"max-video-preview:-1"},"canonical":"https:\/\/bodegagarzon.com\/es\/vino\/pack-tannat-single-vineyard-2020\/","og_locale":"es_ES","og_type":"article","og_title":"Pack Tannat Single Vineyard 2020 - Bodega Garz\u00f3n","og_description":"Contiene: 3 Garz\u00f3n Tannat Single Vineyard 2020. Precio especial: $ 3.120. 20% OFF. Env\u00edo gratis.","og_url":"https:\/\/bodegagarzon.com\/es\/vino\/pack-tannat-single-vineyard-2020\/","og_site_name":"Bodega Garz\u00f3n","article_publisher":"https:\/\/www.facebook.com\/ExperienciasGarzon\/","article_modified_time":"2022-09-08T15:08:36+00:00","og_image":[{"width":1500,"height":600,"url":"https:\/\/bodegagarzon.com\/wp-content\/uploads\/2022\/08\/Packs_Agosto_3SV_WEB.png","type":"image\/png"}],"twitter_card":"summary_large_image","twitter_site":"@BodegaGarzon","twitter_misc":{"Tiempo de lectura":"1 minuto"},"schema":{"@context":"https:\/\/schema.org","@graph":[{"@type":"WebSite","@id":"https:\/\/bodegagarzon.com\/es\/#website","url":"https:\/\/bodegagarzon.com\/es\/","name":"Bodega Garz\u00f3n","description":"Exclusivos y aut\u00e9nticos vinos uruguayos","potentialAction":[{"@type":"SearchAction","target":{"@type":"EntryPoint","urlTemplate":"https:\/\/bodegagarzon.com\/es\/?s={search_term_string}"},"query-input":"required name=search_term_string"}],"inLanguage":"es"},{"@type":"ImageObject","inLanguage":"es","@id":"https:\/\/bodegagarzon.com\/es\/vino\/pack-tannat-single-vineyard-2020\/#primaryimage","url":"https:\/\/bodegagarzon.com\/wp-content\/uploads\/2022\/08\/Packs_Agosto_3SV_WEB.png","contentUrl":"https:\/\/bodegagarzon.com\/wp-content\/uploads\/2022\/08\/Packs_Agosto_3SV_WEB.png","width":1500,"height":600,"caption":"pack especial"},{"@type":"WebPage","@id":"https:\/\/bodegagarzon.com\/es\/vino\/pack-tannat-single-vineyard-2020\/#webpage","url":"https:\/\/bodegagarzon.com\/es\/vino\/pack-tannat-single-vineyard-2020\/","name":"Pack Tannat Single Vineyard 2020 - Bodega Garz\u00f3n","isPartOf":{"@id":"https:\/\/bodegagarzon.com\/es\/#website"},"primaryImageOfPage":{"@id":"https:\/\/bodegagarzon.com\/es\/vino\/pack-tannat-single-vineyard-2020\/#primaryimage"},"datePublished":"2022-08-17T14:18:25+00:00","dateModified":"2022-09-08T15:08:36+00:00","breadcrumb":{"@id":"https:\/\/bodegagarzon.com\/es\/vino\/pack-tannat-single-vineyard-2020\/#breadcrumb"},"inLanguage":"es","potentialAction":[{"@type":"ReadAction","target":["https:\/\/bodegagarzon.com\/es\/vino\/pack-tannat-single-vineyard-2020\/"]}]},{"@type":"BreadcrumbList","@id":"https:\/\/bodegagarzon.com\/es\/vino\/pack-tannat-single-vineyard-2020\/#breadcrumb","itemListElement":[{"@type":"ListItem","position":1,"name":"Tienda","item":"https:\/\/bodegagarzon.com\/es\/tienda\/"},{"@type":"ListItem","position":2,"name":"Pack Tannat Single Vineyard 2020"}]}]}},"_links":{"self":[{"href":"https:\/\/bodegagarzon.com\/es\/wp-json\/wp\/v2\/product\/69471"}],"collection":[{"href":"https:\/\/bodegagarzon.com\/es\/wp-json\/wp\/v2\/product"}],"about":[{"href":"https:\/\/bodegagarzon.com\/es\/wp-json\/wp\/v2\/types\/product"}],"replies":[{"embeddable":true,"href":"https:\/\/bodegagarzon.com\/es\/wp-json\/wp\/v2\/comments?post=69471"}],"wp:featuredmedia":[{"embeddable":true,"href":"https:\/\/bodegagarzon.com\/es\/wp-json\/wp\/v2\/media\/69473"}],"wp:attachment":[{"href":"https:\/\/bodegagarzon.com\/es\/wp-json\/wp\/v2\/media?parent=69471"}],"wp:term":[{"taxonomy":"product_cat","embeddable":true,"href":"https:\/\/bodegagarzon.com\/es\/wp-json\/wp\/v2\/product_cat?post=69471"},{"taxonomy":"product_tag","embeddable":true,"href":"https:\/\/bodegagarzon.com\/es\/wp-json\/wp\/v2\/product_tag?post=69471"},{"taxonomy":"anada","embeddable":true,"href":"https:\/\/bodegagarzon.com\/es\/wp-json\/wp\/v2\/anada?post=69471"}],"curies":[{"name":"wp","href":"https:\/\/api.w.org\/{rel}","templated":true}]}}