{"id":67989,"date":"2022-05-25T15:20:25","date_gmt":"2022-05-25T18:20:25","guid":{"rendered":"https:\/\/bodegagarzon.com\/?post_type=product&#038;p=67989"},"modified":"2025-08-07T13:31:41","modified_gmt":"2025-08-07T16:31:41","slug":"tannat-2019","status":"publish","type":"product","link":"https:\/\/bodegagarzon.com\/es\/vino\/tannat-2019\/","title":{"rendered":"Tannat 2019"},"content":{"rendered":"<p>Con una maduraci\u00f3n de entre 12 y 18 meses en barricas y toneles de roble franc\u00e9s sin tostar, este noble Tannat Single Vineyard 2017 es perfecto para acompa\u00f1ar platos regionales como el cordero local, quesos curados como el parmesano o una deliciosa cassoulet de pato confitado que permiten expresar sus notas especiadas, como as\u00ed tambi\u00e9n resulta un aliado ideal de la cocina tradicional francesa.<\/p>\n<p>&nbsp;<\/p>\n","protected":false},"excerpt":{"rendered":"<p>Con una maduraci\u00f3n de entre 12 y 18 meses en barricas y toneles de roble franc\u00e9s sin tostar, este noble Tannat Single Vineyard 2017 es perfecto para acompa\u00f1ar platos regionales como el cordero local, quesos curados como el parmesano o una deliciosa cassoulet de pato confitado que permiten expresar sus notas especiadas, como as\u00ed tambi\u00e9n resulta un aliado ideal de &#8230; <a title=\"Tannat 2019\" class=\"read-more\" href=\"https:\/\/bodegagarzon.com\/es\/vino\/tannat-2019\/\" aria-label=\"M\u00e1s en Tannat 2019\">&nbsp;<\/a><\/p>\n","protected":false},"featured_media":8644,"comment_status":"open","ping_status":"closed","template":"","meta":{"inline_featured_image":false,"generate_page_header":""},"product_cat":[49],"product_tag":[],"anada":[153],"acf":[],"yoast_head":"<!-- This site is optimized with the Yoast SEO plugin v19.1 - https:\/\/yoast.com\/wordpress\/plugins\/seo\/ -->\n<title>Tannat Single Vineyard 2019<\/title>\n<meta name=\"robots\" content=\"index, follow, max-snippet:-1, max-image-preview:large, max-video-preview:-1\" \/>\n<link rel=\"canonical\" href=\"https:\/\/bodegagarzon.com\/es\/vino\/tannat-2019\/\" \/>\n<meta property=\"og:locale\" content=\"es_ES\" \/>\n<meta property=\"og:type\" content=\"article\" \/>\n<meta property=\"og:title\" content=\"Tannat Single Vineyard 2019\" \/>\n<meta property=\"og:description\" content=\"Con una maduraci\u00f3n de entre 12 y 18 meses en barricas y toneles de roble franc\u00e9s sin tostar, este noble Tannat Single Vineyard 2017 es perfecto para acompa\u00f1ar platos regionales como el cordero local, quesos curados como el parmesano o una deliciosa cassoulet de pato confitado que permiten expresar sus notas especiadas, como as\u00ed tambi\u00e9n resulta un aliado ideal de ... &nbsp;\" \/>\n<meta property=\"og:url\" content=\"https:\/\/bodegagarzon.com\/es\/vino\/tannat-2019\/\" \/>\n<meta property=\"og:site_name\" content=\"Bodega Garz\u00f3n\" \/>\n<meta property=\"article:publisher\" content=\"https:\/\/www.facebook.com\/ExperienciasGarzon\/\" \/>\n<meta property=\"article:modified_time\" content=\"2025-08-07T16:31:41+00:00\" \/>\n<meta property=\"og:image\" content=\"https:\/\/bodegagarzon.com\/wp-content\/uploads\/2018\/07\/sv_tannat-1.png\" \/>\n\t<meta property=\"og:image:width\" content=\"223\" \/>\n\t<meta property=\"og:image:height\" content=\"563\" \/>\n\t<meta property=\"og:image:type\" content=\"image\/png\" \/>\n<meta name=\"twitter:card\" content=\"summary_large_image\" \/>\n<meta name=\"twitter:site\" content=\"@BodegaGarzon\" \/>\n<meta name=\"twitter:label1\" content=\"Tiempo de lectura\" \/>\n\t<meta name=\"twitter:data1\" content=\"1 minuto\" \/>\n<script type=\"application\/ld+json\" class=\"yoast-schema-graph\">{\"@context\":\"https:\/\/schema.org\",\"@graph\":[{\"@type\":\"WebSite\",\"@id\":\"https:\/\/bodegagarzon.com\/es\/#website\",\"url\":\"https:\/\/bodegagarzon.com\/es\/\",\"name\":\"Bodega Garz\u00f3n\",\"description\":\"Exclusivos y aut\u00e9nticos vinos uruguayos\",\"potentialAction\":[{\"@type\":\"SearchAction\",\"target\":{\"@type\":\"EntryPoint\",\"urlTemplate\":\"https:\/\/bodegagarzon.com\/es\/?s={search_term_string}\"},\"query-input\":\"required name=search_term_string\"}],\"inLanguage\":\"es\"},{\"@type\":\"ImageObject\",\"inLanguage\":\"es\",\"@id\":\"https:\/\/bodegagarzon.com\/es\/vino\/tannat-2019\/#primaryimage\",\"url\":\"https:\/\/bodegagarzon.com\/wp-content\/uploads\/2018\/07\/sv_tannat-1.png\",\"contentUrl\":\"https:\/\/bodegagarzon.com\/wp-content\/uploads\/2018\/07\/sv_tannat-1.png\",\"width\":223,\"height\":563},{\"@type\":\"WebPage\",\"@id\":\"https:\/\/bodegagarzon.com\/es\/vino\/tannat-2019\/#webpage\",\"url\":\"https:\/\/bodegagarzon.com\/es\/vino\/tannat-2019\/\",\"name\":\"Tannat Single Vineyard 2019\",\"isPartOf\":{\"@id\":\"https:\/\/bodegagarzon.com\/es\/#website\"},\"primaryImageOfPage\":{\"@id\":\"https:\/\/bodegagarzon.com\/es\/vino\/tannat-2019\/#primaryimage\"},\"datePublished\":\"2022-05-25T18:20:25+00:00\",\"dateModified\":\"2025-08-07T16:31:41+00:00\",\"breadcrumb\":{\"@id\":\"https:\/\/bodegagarzon.com\/es\/vino\/tannat-2019\/#breadcrumb\"},\"inLanguage\":\"es\",\"potentialAction\":[{\"@type\":\"ReadAction\",\"target\":[\"https:\/\/bodegagarzon.com\/es\/vino\/tannat-2019\/\"]}]},{\"@type\":\"BreadcrumbList\",\"@id\":\"https:\/\/bodegagarzon.com\/es\/vino\/tannat-2019\/#breadcrumb\",\"itemListElement\":[{\"@type\":\"ListItem\",\"position\":1,\"name\":\"Tienda\",\"item\":\"https:\/\/bodegagarzon.com\/es\/tienda\/\"},{\"@type\":\"ListItem\",\"position\":2,\"name\":\"Tannat 2019\"}]}]}<\/script>\n<!-- \/ Yoast SEO plugin. -->","yoast_head_json":{"title":"Tannat Single Vineyard 2019","robots":{"index":"index","follow":"follow","max-snippet":"max-snippet:-1","max-image-preview":"max-image-preview:large","max-video-preview":"max-video-preview:-1"},"canonical":"https:\/\/bodegagarzon.com\/es\/vino\/tannat-2019\/","og_locale":"es_ES","og_type":"article","og_title":"Tannat Single Vineyard 2019","og_description":"Con una maduraci\u00f3n de entre 12 y 18 meses en barricas y toneles de roble franc\u00e9s sin tostar, este noble Tannat Single Vineyard 2017 es perfecto para acompa\u00f1ar platos regionales como el cordero local, quesos curados como el parmesano o una deliciosa cassoulet de pato confitado que permiten expresar sus notas especiadas, como as\u00ed tambi\u00e9n resulta un aliado ideal de ... &nbsp;","og_url":"https:\/\/bodegagarzon.com\/es\/vino\/tannat-2019\/","og_site_name":"Bodega Garz\u00f3n","article_publisher":"https:\/\/www.facebook.com\/ExperienciasGarzon\/","article_modified_time":"2025-08-07T16:31:41+00:00","og_image":[{"width":223,"height":563,"url":"https:\/\/bodegagarzon.com\/wp-content\/uploads\/2018\/07\/sv_tannat-1.png","type":"image\/png"}],"twitter_card":"summary_large_image","twitter_site":"@BodegaGarzon","twitter_misc":{"Tiempo de lectura":"1 minuto"},"schema":{"@context":"https:\/\/schema.org","@graph":[{"@type":"WebSite","@id":"https:\/\/bodegagarzon.com\/es\/#website","url":"https:\/\/bodegagarzon.com\/es\/","name":"Bodega Garz\u00f3n","description":"Exclusivos y aut\u00e9nticos vinos uruguayos","potentialAction":[{"@type":"SearchAction","target":{"@type":"EntryPoint","urlTemplate":"https:\/\/bodegagarzon.com\/es\/?s={search_term_string}"},"query-input":"required name=search_term_string"}],"inLanguage":"es"},{"@type":"ImageObject","inLanguage":"es","@id":"https:\/\/bodegagarzon.com\/es\/vino\/tannat-2019\/#primaryimage","url":"https:\/\/bodegagarzon.com\/wp-content\/uploads\/2018\/07\/sv_tannat-1.png","contentUrl":"https:\/\/bodegagarzon.com\/wp-content\/uploads\/2018\/07\/sv_tannat-1.png","width":223,"height":563},{"@type":"WebPage","@id":"https:\/\/bodegagarzon.com\/es\/vino\/tannat-2019\/#webpage","url":"https:\/\/bodegagarzon.com\/es\/vino\/tannat-2019\/","name":"Tannat Single Vineyard 2019","isPartOf":{"@id":"https:\/\/bodegagarzon.com\/es\/#website"},"primaryImageOfPage":{"@id":"https:\/\/bodegagarzon.com\/es\/vino\/tannat-2019\/#primaryimage"},"datePublished":"2022-05-25T18:20:25+00:00","dateModified":"2025-08-07T16:31:41+00:00","breadcrumb":{"@id":"https:\/\/bodegagarzon.com\/es\/vino\/tannat-2019\/#breadcrumb"},"inLanguage":"es","potentialAction":[{"@type":"ReadAction","target":["https:\/\/bodegagarzon.com\/es\/vino\/tannat-2019\/"]}]},{"@type":"BreadcrumbList","@id":"https:\/\/bodegagarzon.com\/es\/vino\/tannat-2019\/#breadcrumb","itemListElement":[{"@type":"ListItem","position":1,"name":"Tienda","item":"https:\/\/bodegagarzon.com\/es\/tienda\/"},{"@type":"ListItem","position":2,"name":"Tannat 2019"}]}]}},"_links":{"self":[{"href":"https:\/\/bodegagarzon.com\/es\/wp-json\/wp\/v2\/product\/67989"}],"collection":[{"href":"https:\/\/bodegagarzon.com\/es\/wp-json\/wp\/v2\/product"}],"about":[{"href":"https:\/\/bodegagarzon.com\/es\/wp-json\/wp\/v2\/types\/product"}],"replies":[{"embeddable":true,"href":"https:\/\/bodegagarzon.com\/es\/wp-json\/wp\/v2\/comments?post=67989"}],"wp:featuredmedia":[{"embeddable":true,"href":"https:\/\/bodegagarzon.com\/es\/wp-json\/wp\/v2\/media\/8644"}],"wp:attachment":[{"href":"https:\/\/bodegagarzon.com\/es\/wp-json\/wp\/v2\/media?parent=67989"}],"wp:term":[{"taxonomy":"product_cat","embeddable":true,"href":"https:\/\/bodegagarzon.com\/es\/wp-json\/wp\/v2\/product_cat?post=67989"},{"taxonomy":"product_tag","embeddable":true,"href":"https:\/\/bodegagarzon.com\/es\/wp-json\/wp\/v2\/product_tag?post=67989"},{"taxonomy":"anada","embeddable":true,"href":"https:\/\/bodegagarzon.com\/es\/wp-json\/wp\/v2\/anada?post=67989"}],"curies":[{"name":"wp","href":"https:\/\/api.w.org\/{rel}","templated":true}]}}