{"id":66878,"date":"2022-03-30T22:51:55","date_gmt":"2022-03-31T01:51:55","guid":{"rendered":"https:\/\/bodegagarzon.com\/?post_type=product&#038;p=66878"},"modified":"2024-01-12T10:04:00","modified_gmt":"2024-01-12T13:04:00","slug":"petit-clos-cabernet-franc-2018","status":"publish","type":"product","link":"https:\/\/bodegagarzon.com\/es\/vino\/petit-clos-cabernet-franc-2018\/","title":{"rendered":"Petit Clos Cabernet Franc 2018"},"content":{"rendered":"<p>Una parcela \u00fanica, con un clon clase A, en una posici\u00f3n topogr\u00e1fica privilegiada para obtener un vino \u00fanico.<\/p>\n","protected":false},"excerpt":{"rendered":"<p>Cada uno de nuestros Petit Clos es un producto premium proveniente de la parcela m\u00e1s sobresaliente de cada variedad seleccionada por nuestro en\u00f3logo e ingeniero agr\u00f3nomo para reflejar en cada vino la m\u00e1s sublime expresi\u00f3n varietal de estos grandes exponentes de Garz\u00f3n.<\/p>\n","protected":false},"featured_media":69908,"comment_status":"open","ping_status":"closed","template":"","meta":{"inline_featured_image":false,"generate_page_header":""},"product_cat":[55],"product_tag":[],"anada":[151],"acf":[],"yoast_head":"<!-- This site is optimized with the Yoast SEO plugin v19.1 - https:\/\/yoast.com\/wordpress\/plugins\/seo\/ -->\n<title>Petit Clos 2018 - Bodega Garz\u00f3n. Comprar Vino Petit Clos 2018<\/title>\n<meta name=\"description\" content=\"Petit Clos 2018, 100% Cabernet Franc y producto de una selecci\u00f3n de los mejores frutos de nuestra parcela.\" \/>\n<meta name=\"robots\" content=\"index, follow, max-snippet:-1, max-image-preview:large, max-video-preview:-1\" \/>\n<link rel=\"canonical\" href=\"https:\/\/bodegagarzon.com\/es\/vino\/petit-clos-cabernet-franc-2018\/\" \/>\n<meta property=\"og:locale\" content=\"es_ES\" \/>\n<meta property=\"og:type\" content=\"article\" \/>\n<meta property=\"og:title\" content=\"Petit Clos 2018 - Bodega Garz\u00f3n. Comprar Vino Petit Clos 2018\" \/>\n<meta property=\"og:description\" content=\"Petit Clos 2018, 100% Cabernet Franc y producto de una selecci\u00f3n de los mejores frutos de nuestra parcela.\" \/>\n<meta property=\"og:url\" content=\"https:\/\/bodegagarzon.com\/es\/vino\/petit-clos-cabernet-franc-2018\/\" \/>\n<meta property=\"og:site_name\" content=\"Bodega Garz\u00f3n\" \/>\n<meta property=\"article:publisher\" content=\"https:\/\/www.facebook.com\/ExperienciasGarzon\/\" \/>\n<meta property=\"article:modified_time\" content=\"2024-01-12T13:04:00+00:00\" \/>\n<meta property=\"og:image\" content=\"https:\/\/bodegagarzon.com\/wp-content\/uploads\/2022\/03\/PCCF.png\" \/>\n\t<meta property=\"og:image:width\" content=\"300\" \/>\n\t<meta property=\"og:image:height\" content=\"762\" \/>\n\t<meta property=\"og:image:type\" content=\"image\/png\" \/>\n<meta name=\"twitter:card\" content=\"summary_large_image\" \/>\n<meta name=\"twitter:site\" content=\"@BodegaGarzon\" \/>\n<meta name=\"twitter:label1\" content=\"Tiempo de lectura\" \/>\n\t<meta name=\"twitter:data1\" content=\"1 minuto\" \/>\n<script type=\"application\/ld+json\" class=\"yoast-schema-graph\">{\"@context\":\"https:\/\/schema.org\",\"@graph\":[{\"@type\":\"WebSite\",\"@id\":\"https:\/\/bodegagarzon.com\/es\/#website\",\"url\":\"https:\/\/bodegagarzon.com\/es\/\",\"name\":\"Bodega Garz\u00f3n\",\"description\":\"Exclusivos y aut\u00e9nticos vinos uruguayos\",\"potentialAction\":[{\"@type\":\"SearchAction\",\"target\":{\"@type\":\"EntryPoint\",\"urlTemplate\":\"https:\/\/bodegagarzon.com\/es\/?s={search_term_string}\"},\"query-input\":\"required name=search_term_string\"}],\"inLanguage\":\"es\"},{\"@type\":\"ImageObject\",\"inLanguage\":\"es\",\"@id\":\"https:\/\/bodegagarzon.com\/es\/vino\/petit-clos-cabernet-franc-2018\/#primaryimage\",\"url\":\"https:\/\/bodegagarzon.com\/wp-content\/uploads\/2022\/03\/PCCF.png\",\"contentUrl\":\"https:\/\/bodegagarzon.com\/wp-content\/uploads\/2022\/03\/PCCF.png\",\"width\":300,\"height\":762,\"caption\":\"pccf\"},{\"@type\":\"WebPage\",\"@id\":\"https:\/\/bodegagarzon.com\/es\/vino\/petit-clos-cabernet-franc-2018\/#webpage\",\"url\":\"https:\/\/bodegagarzon.com\/es\/vino\/petit-clos-cabernet-franc-2018\/\",\"name\":\"Petit Clos 2018 - Bodega Garz\u00f3n. Comprar Vino Petit Clos 2018\",\"isPartOf\":{\"@id\":\"https:\/\/bodegagarzon.com\/es\/#website\"},\"primaryImageOfPage\":{\"@id\":\"https:\/\/bodegagarzon.com\/es\/vino\/petit-clos-cabernet-franc-2018\/#primaryimage\"},\"datePublished\":\"2022-03-31T01:51:55+00:00\",\"dateModified\":\"2024-01-12T13:04:00+00:00\",\"description\":\"Petit Clos 2018, 100% Cabernet Franc y producto de una selecci\u00f3n de los mejores frutos de nuestra parcela.\",\"breadcrumb\":{\"@id\":\"https:\/\/bodegagarzon.com\/es\/vino\/petit-clos-cabernet-franc-2018\/#breadcrumb\"},\"inLanguage\":\"es\",\"potentialAction\":[{\"@type\":\"ReadAction\",\"target\":[\"https:\/\/bodegagarzon.com\/es\/vino\/petit-clos-cabernet-franc-2018\/\"]}]},{\"@type\":\"BreadcrumbList\",\"@id\":\"https:\/\/bodegagarzon.com\/es\/vino\/petit-clos-cabernet-franc-2018\/#breadcrumb\",\"itemListElement\":[{\"@type\":\"ListItem\",\"position\":1,\"name\":\"Tienda\",\"item\":\"https:\/\/bodegagarzon.com\/es\/tienda\/\"},{\"@type\":\"ListItem\",\"position\":2,\"name\":\"Petit Clos Cabernet Franc 2018\"}]}]}<\/script>\n<!-- \/ Yoast SEO plugin. -->","yoast_head_json":{"title":"Petit Clos 2018 - Bodega Garz\u00f3n. Comprar Vino Petit Clos 2018","description":"Petit Clos 2018, 100% Cabernet Franc y producto de una selecci\u00f3n de los mejores frutos de nuestra parcela.","robots":{"index":"index","follow":"follow","max-snippet":"max-snippet:-1","max-image-preview":"max-image-preview:large","max-video-preview":"max-video-preview:-1"},"canonical":"https:\/\/bodegagarzon.com\/es\/vino\/petit-clos-cabernet-franc-2018\/","og_locale":"es_ES","og_type":"article","og_title":"Petit Clos 2018 - Bodega Garz\u00f3n. Comprar Vino Petit Clos 2018","og_description":"Petit Clos 2018, 100% Cabernet Franc y producto de una selecci\u00f3n de los mejores frutos de nuestra parcela.","og_url":"https:\/\/bodegagarzon.com\/es\/vino\/petit-clos-cabernet-franc-2018\/","og_site_name":"Bodega Garz\u00f3n","article_publisher":"https:\/\/www.facebook.com\/ExperienciasGarzon\/","article_modified_time":"2024-01-12T13:04:00+00:00","og_image":[{"width":300,"height":762,"url":"https:\/\/bodegagarzon.com\/wp-content\/uploads\/2022\/03\/PCCF.png","type":"image\/png"}],"twitter_card":"summary_large_image","twitter_site":"@BodegaGarzon","twitter_misc":{"Tiempo de lectura":"1 minuto"},"schema":{"@context":"https:\/\/schema.org","@graph":[{"@type":"WebSite","@id":"https:\/\/bodegagarzon.com\/es\/#website","url":"https:\/\/bodegagarzon.com\/es\/","name":"Bodega Garz\u00f3n","description":"Exclusivos y aut\u00e9nticos vinos uruguayos","potentialAction":[{"@type":"SearchAction","target":{"@type":"EntryPoint","urlTemplate":"https:\/\/bodegagarzon.com\/es\/?s={search_term_string}"},"query-input":"required name=search_term_string"}],"inLanguage":"es"},{"@type":"ImageObject","inLanguage":"es","@id":"https:\/\/bodegagarzon.com\/es\/vino\/petit-clos-cabernet-franc-2018\/#primaryimage","url":"https:\/\/bodegagarzon.com\/wp-content\/uploads\/2022\/03\/PCCF.png","contentUrl":"https:\/\/bodegagarzon.com\/wp-content\/uploads\/2022\/03\/PCCF.png","width":300,"height":762,"caption":"pccf"},{"@type":"WebPage","@id":"https:\/\/bodegagarzon.com\/es\/vino\/petit-clos-cabernet-franc-2018\/#webpage","url":"https:\/\/bodegagarzon.com\/es\/vino\/petit-clos-cabernet-franc-2018\/","name":"Petit Clos 2018 - Bodega Garz\u00f3n. Comprar Vino Petit Clos 2018","isPartOf":{"@id":"https:\/\/bodegagarzon.com\/es\/#website"},"primaryImageOfPage":{"@id":"https:\/\/bodegagarzon.com\/es\/vino\/petit-clos-cabernet-franc-2018\/#primaryimage"},"datePublished":"2022-03-31T01:51:55+00:00","dateModified":"2024-01-12T13:04:00+00:00","description":"Petit Clos 2018, 100% Cabernet Franc y producto de una selecci\u00f3n de los mejores frutos de nuestra parcela.","breadcrumb":{"@id":"https:\/\/bodegagarzon.com\/es\/vino\/petit-clos-cabernet-franc-2018\/#breadcrumb"},"inLanguage":"es","potentialAction":[{"@type":"ReadAction","target":["https:\/\/bodegagarzon.com\/es\/vino\/petit-clos-cabernet-franc-2018\/"]}]},{"@type":"BreadcrumbList","@id":"https:\/\/bodegagarzon.com\/es\/vino\/petit-clos-cabernet-franc-2018\/#breadcrumb","itemListElement":[{"@type":"ListItem","position":1,"name":"Tienda","item":"https:\/\/bodegagarzon.com\/es\/tienda\/"},{"@type":"ListItem","position":2,"name":"Petit Clos Cabernet Franc 2018"}]}]}},"_links":{"self":[{"href":"https:\/\/bodegagarzon.com\/es\/wp-json\/wp\/v2\/product\/66878"}],"collection":[{"href":"https:\/\/bodegagarzon.com\/es\/wp-json\/wp\/v2\/product"}],"about":[{"href":"https:\/\/bodegagarzon.com\/es\/wp-json\/wp\/v2\/types\/product"}],"replies":[{"embeddable":true,"href":"https:\/\/bodegagarzon.com\/es\/wp-json\/wp\/v2\/comments?post=66878"}],"wp:featuredmedia":[{"embeddable":true,"href":"https:\/\/bodegagarzon.com\/es\/wp-json\/wp\/v2\/media\/69908"}],"wp:attachment":[{"href":"https:\/\/bodegagarzon.com\/es\/wp-json\/wp\/v2\/media?parent=66878"}],"wp:term":[{"taxonomy":"product_cat","embeddable":true,"href":"https:\/\/bodegagarzon.com\/es\/wp-json\/wp\/v2\/product_cat?post=66878"},{"taxonomy":"product_tag","embeddable":true,"href":"https:\/\/bodegagarzon.com\/es\/wp-json\/wp\/v2\/product_tag?post=66878"},{"taxonomy":"anada","embeddable":true,"href":"https:\/\/bodegagarzon.com\/es\/wp-json\/wp\/v2\/anada?post=66878"}],"curies":[{"name":"wp","href":"https:\/\/api.w.org\/{rel}","templated":true}]}}