{"id":62315,"date":"2021-11-04T14:53:23","date_gmt":"2021-11-04T17:53:23","guid":{"rendered":"https:\/\/bodegagarzon.com\/?post_type=product&#038;p=62315"},"modified":"2021-11-30T12:39:06","modified_gmt":"2021-11-30T15:39:06","slug":"pack-black-friday-x6-2","status":"publish","type":"product","link":"https:\/\/bodegagarzon.com\/es\/vino\/pack-black-friday-x6-2\/","title":{"rendered":"Pack Black Friday x6"},"content":{"rendered":"<p>Contiene:<\/p>\n<ul>\n<li data-pm-slice=\"1 1 []\">1 Garz\u00f3n Tannat Single Vineyard.<\/li>\n<li data-pm-slice=\"1 1 []\">1 Garz\u00f3n Albari\u00f1o Single Vineyard.<\/li>\n<li>1 Garz\u00f3n Marselan Reserva.<\/li>\n<li>1 Garz\u00f3n Pinot Noir Ros\u00e9 Reserva.<\/li>\n<li>1 Garz\u00f3n Tannat de Corte Estate.<\/li>\n<li>1 Garz\u00f3n Sauvignon Blanc de Corte Estate.<\/li>\n<\/ul>\n<p><strong>Precio especial: $ 3320.<br \/>\n<\/strong><strong>30% OFF.<\/strong><\/p>\n<p>Env\u00edo gratuito.<\/p>\n<p>Pack de duraci\u00f3n limitada.<\/p>\n","protected":false},"excerpt":{"rendered":"<p>Contiene: 1 Garz\u00f3n Tannat Single Vineyard. 1 Garz\u00f3n Albari\u00f1o Single Vineyard. 1 Garz\u00f3n Marselan Reserva. 1 Garz\u00f3n Pinot Noir Ros\u00e9 Reserva. 1 Garz\u00f3n Tannat de Corte Estate. 1 Garz\u00f3n Sauvignon Blanc de Corte Estate. Precio especial: $ 3320. 30% OFF. Env\u00edo gratuito. Pack de duraci\u00f3n limitada.<\/p>\n","protected":false},"featured_media":62338,"comment_status":"open","ping_status":"closed","template":"","meta":{"inline_featured_image":false,"generate_page_header":""},"product_cat":[747],"product_tag":[],"anada":[],"acf":[],"yoast_head":"<!-- This site is optimized with the Yoast SEO plugin v19.1 - https:\/\/yoast.com\/wordpress\/plugins\/seo\/ -->\n<title>Pack Black Friday x6 - Bodega Garz\u00f3n<\/title>\n<meta name=\"robots\" content=\"index, follow, max-snippet:-1, max-image-preview:large, max-video-preview:-1\" \/>\n<link rel=\"canonical\" href=\"https:\/\/bodegagarzon.com\/es\/vino\/pack-black-friday-x6-2\/\" \/>\n<meta property=\"og:locale\" content=\"es_ES\" \/>\n<meta property=\"og:type\" content=\"article\" \/>\n<meta property=\"og:title\" content=\"Pack Black Friday x6 - Bodega Garz\u00f3n\" \/>\n<meta property=\"og:description\" content=\"Contiene: 1 Garz\u00f3n Tannat Single Vineyard. 1 Garz\u00f3n Albari\u00f1o Single Vineyard. 1 Garz\u00f3n Marselan Reserva. 1 Garz\u00f3n Pinot Noir Ros\u00e9 Reserva. 1 Garz\u00f3n Tannat de Corte Estate. 1 Garz\u00f3n Sauvignon Blanc de Corte Estate. Precio especial: $ 3320. 30% OFF. Env\u00edo gratuito. Pack de duraci\u00f3n limitada.\" \/>\n<meta property=\"og:url\" content=\"https:\/\/bodegagarzon.com\/es\/vino\/pack-black-friday-x6-2\/\" \/>\n<meta property=\"og:site_name\" content=\"Bodega Garz\u00f3n\" \/>\n<meta property=\"article:publisher\" content=\"https:\/\/www.facebook.com\/ExperienciasGarzon\/\" \/>\n<meta property=\"article:modified_time\" content=\"2021-11-30T15:39:06+00:00\" \/>\n<meta property=\"og:image\" content=\"https:\/\/bodegagarzon.com\/wp-content\/uploads\/2021\/11\/Pack_BF_X6_WEB-2.png\" \/>\n\t<meta property=\"og:image:width\" content=\"1500\" \/>\n\t<meta property=\"og:image:height\" content=\"600\" \/>\n\t<meta property=\"og:image:type\" content=\"image\/png\" \/>\n<meta name=\"twitter:card\" content=\"summary_large_image\" \/>\n<meta name=\"twitter:site\" content=\"@BodegaGarzon\" \/>\n<meta name=\"twitter:label1\" content=\"Tiempo de lectura\" \/>\n\t<meta name=\"twitter:data1\" content=\"1 minuto\" \/>\n<script type=\"application\/ld+json\" class=\"yoast-schema-graph\">{\"@context\":\"https:\/\/schema.org\",\"@graph\":[{\"@type\":\"WebSite\",\"@id\":\"https:\/\/bodegagarzon.com\/es\/#website\",\"url\":\"https:\/\/bodegagarzon.com\/es\/\",\"name\":\"Bodega Garz\u00f3n\",\"description\":\"Exclusivos y aut\u00e9nticos vinos uruguayos\",\"potentialAction\":[{\"@type\":\"SearchAction\",\"target\":{\"@type\":\"EntryPoint\",\"urlTemplate\":\"https:\/\/bodegagarzon.com\/es\/?s={search_term_string}\"},\"query-input\":\"required name=search_term_string\"}],\"inLanguage\":\"es\"},{\"@type\":\"ImageObject\",\"inLanguage\":\"es\",\"@id\":\"https:\/\/bodegagarzon.com\/es\/vino\/pack-black-friday-x6-2\/#primaryimage\",\"url\":\"https:\/\/bodegagarzon.com\/wp-content\/uploads\/2021\/11\/Pack_BF_X6_WEB-2.png\",\"contentUrl\":\"https:\/\/bodegagarzon.com\/wp-content\/uploads\/2021\/11\/Pack_BF_X6_WEB-2.png\",\"width\":1500,\"height\":600,\"caption\":\"x6\"},{\"@type\":\"WebPage\",\"@id\":\"https:\/\/bodegagarzon.com\/es\/vino\/pack-black-friday-x6-2\/#webpage\",\"url\":\"https:\/\/bodegagarzon.com\/es\/vino\/pack-black-friday-x6-2\/\",\"name\":\"Pack Black Friday x6 - Bodega Garz\u00f3n\",\"isPartOf\":{\"@id\":\"https:\/\/bodegagarzon.com\/es\/#website\"},\"primaryImageOfPage\":{\"@id\":\"https:\/\/bodegagarzon.com\/es\/vino\/pack-black-friday-x6-2\/#primaryimage\"},\"datePublished\":\"2021-11-04T17:53:23+00:00\",\"dateModified\":\"2021-11-30T15:39:06+00:00\",\"breadcrumb\":{\"@id\":\"https:\/\/bodegagarzon.com\/es\/vino\/pack-black-friday-x6-2\/#breadcrumb\"},\"inLanguage\":\"es\",\"potentialAction\":[{\"@type\":\"ReadAction\",\"target\":[\"https:\/\/bodegagarzon.com\/es\/vino\/pack-black-friday-x6-2\/\"]}]},{\"@type\":\"BreadcrumbList\",\"@id\":\"https:\/\/bodegagarzon.com\/es\/vino\/pack-black-friday-x6-2\/#breadcrumb\",\"itemListElement\":[{\"@type\":\"ListItem\",\"position\":1,\"name\":\"Tienda\",\"item\":\"https:\/\/bodegagarzon.com\/es\/tienda\/\"},{\"@type\":\"ListItem\",\"position\":2,\"name\":\"Pack Black Friday x6\"}]}]}<\/script>\n<!-- \/ Yoast SEO plugin. -->","yoast_head_json":{"title":"Pack Black Friday x6 - Bodega Garz\u00f3n","robots":{"index":"index","follow":"follow","max-snippet":"max-snippet:-1","max-image-preview":"max-image-preview:large","max-video-preview":"max-video-preview:-1"},"canonical":"https:\/\/bodegagarzon.com\/es\/vino\/pack-black-friday-x6-2\/","og_locale":"es_ES","og_type":"article","og_title":"Pack Black Friday x6 - Bodega Garz\u00f3n","og_description":"Contiene: 1 Garz\u00f3n Tannat Single Vineyard. 1 Garz\u00f3n Albari\u00f1o Single Vineyard. 1 Garz\u00f3n Marselan Reserva. 1 Garz\u00f3n Pinot Noir Ros\u00e9 Reserva. 1 Garz\u00f3n Tannat de Corte Estate. 1 Garz\u00f3n Sauvignon Blanc de Corte Estate. Precio especial: $ 3320. 30% OFF. Env\u00edo gratuito. Pack de duraci\u00f3n limitada.","og_url":"https:\/\/bodegagarzon.com\/es\/vino\/pack-black-friday-x6-2\/","og_site_name":"Bodega Garz\u00f3n","article_publisher":"https:\/\/www.facebook.com\/ExperienciasGarzon\/","article_modified_time":"2021-11-30T15:39:06+00:00","og_image":[{"width":1500,"height":600,"url":"https:\/\/bodegagarzon.com\/wp-content\/uploads\/2021\/11\/Pack_BF_X6_WEB-2.png","type":"image\/png"}],"twitter_card":"summary_large_image","twitter_site":"@BodegaGarzon","twitter_misc":{"Tiempo de lectura":"1 minuto"},"schema":{"@context":"https:\/\/schema.org","@graph":[{"@type":"WebSite","@id":"https:\/\/bodegagarzon.com\/es\/#website","url":"https:\/\/bodegagarzon.com\/es\/","name":"Bodega Garz\u00f3n","description":"Exclusivos y aut\u00e9nticos vinos uruguayos","potentialAction":[{"@type":"SearchAction","target":{"@type":"EntryPoint","urlTemplate":"https:\/\/bodegagarzon.com\/es\/?s={search_term_string}"},"query-input":"required name=search_term_string"}],"inLanguage":"es"},{"@type":"ImageObject","inLanguage":"es","@id":"https:\/\/bodegagarzon.com\/es\/vino\/pack-black-friday-x6-2\/#primaryimage","url":"https:\/\/bodegagarzon.com\/wp-content\/uploads\/2021\/11\/Pack_BF_X6_WEB-2.png","contentUrl":"https:\/\/bodegagarzon.com\/wp-content\/uploads\/2021\/11\/Pack_BF_X6_WEB-2.png","width":1500,"height":600,"caption":"x6"},{"@type":"WebPage","@id":"https:\/\/bodegagarzon.com\/es\/vino\/pack-black-friday-x6-2\/#webpage","url":"https:\/\/bodegagarzon.com\/es\/vino\/pack-black-friday-x6-2\/","name":"Pack Black Friday x6 - Bodega Garz\u00f3n","isPartOf":{"@id":"https:\/\/bodegagarzon.com\/es\/#website"},"primaryImageOfPage":{"@id":"https:\/\/bodegagarzon.com\/es\/vino\/pack-black-friday-x6-2\/#primaryimage"},"datePublished":"2021-11-04T17:53:23+00:00","dateModified":"2021-11-30T15:39:06+00:00","breadcrumb":{"@id":"https:\/\/bodegagarzon.com\/es\/vino\/pack-black-friday-x6-2\/#breadcrumb"},"inLanguage":"es","potentialAction":[{"@type":"ReadAction","target":["https:\/\/bodegagarzon.com\/es\/vino\/pack-black-friday-x6-2\/"]}]},{"@type":"BreadcrumbList","@id":"https:\/\/bodegagarzon.com\/es\/vino\/pack-black-friday-x6-2\/#breadcrumb","itemListElement":[{"@type":"ListItem","position":1,"name":"Tienda","item":"https:\/\/bodegagarzon.com\/es\/tienda\/"},{"@type":"ListItem","position":2,"name":"Pack Black Friday x6"}]}]}},"_links":{"self":[{"href":"https:\/\/bodegagarzon.com\/es\/wp-json\/wp\/v2\/product\/62315"}],"collection":[{"href":"https:\/\/bodegagarzon.com\/es\/wp-json\/wp\/v2\/product"}],"about":[{"href":"https:\/\/bodegagarzon.com\/es\/wp-json\/wp\/v2\/types\/product"}],"replies":[{"embeddable":true,"href":"https:\/\/bodegagarzon.com\/es\/wp-json\/wp\/v2\/comments?post=62315"}],"wp:featuredmedia":[{"embeddable":true,"href":"https:\/\/bodegagarzon.com\/es\/wp-json\/wp\/v2\/media\/62338"}],"wp:attachment":[{"href":"https:\/\/bodegagarzon.com\/es\/wp-json\/wp\/v2\/media?parent=62315"}],"wp:term":[{"taxonomy":"product_cat","embeddable":true,"href":"https:\/\/bodegagarzon.com\/es\/wp-json\/wp\/v2\/product_cat?post=62315"},{"taxonomy":"product_tag","embeddable":true,"href":"https:\/\/bodegagarzon.com\/es\/wp-json\/wp\/v2\/product_tag?post=62315"},{"taxonomy":"anada","embeddable":true,"href":"https:\/\/bodegagarzon.com\/es\/wp-json\/wp\/v2\/anada?post=62315"}],"curies":[{"name":"wp","href":"https:\/\/api.w.org\/{rel}","templated":true}]}}