{"id":50124,"date":"2020-12-08T13:07:08","date_gmt":"2020-12-08T16:07:08","guid":{"rendered":"https:\/\/bodegagarzon.com\/?post_type=product&#038;p=50124"},"modified":"2021-01-04T22:23:50","modified_gmt":"2021-01-05T01:23:50","slug":"pack-navidad-3-botellas","status":"publish","type":"product","link":"https:\/\/bodegagarzon.com\/es\/vino\/pack-navidad-3-botellas\/","title":{"rendered":"Pack Navidad 3 botellas"},"content":{"rendered":"<p>Contiene:<\/p>\n<ul>\n<li>1 Garz\u00f3n Albari\u00f1o Reserva 2020.<\/li>\n<li>1 Garz\u00f3n Tannat de Corte Estate 2019.<\/li>\n<li>1 Garz\u00f3n Brut Ros\u00e9 Espumante.<\/li>\n<\/ul>\n<p><strong>Precio especial: $u 1.730. <\/strong><\/p>\n<p>Env\u00edo gratuito.<\/p>\n<p>Pack de duraci\u00f3n limitada.<\/p>\n","protected":false},"excerpt":{"rendered":"<p>Contiene: 1 Garz\u00f3n Albari\u00f1o Reserva 2020. 1 Garz\u00f3n Tannat de Corte Estate 2019. 1 Garz\u00f3n Brut Ros\u00e9 Espumante. Precio especial: $u 1.730. Env\u00edo gratuito. Pack de duraci\u00f3n limitada.<\/p>\n","protected":false},"featured_media":50125,"comment_status":"open","ping_status":"closed","template":"","meta":{"inline_featured_image":false,"generate_page_header":""},"product_cat":[747],"product_tag":[],"anada":[],"acf":[],"yoast_head":"<!-- This site is optimized with the Yoast SEO plugin v19.1 - https:\/\/yoast.com\/wordpress\/plugins\/seo\/ -->\n<title>Pack Navidad 3 botellas - Bodega Garz\u00f3n<\/title>\n<meta name=\"description\" content=\"Pack Navidad 3 botellas: Albari\u00f1o, Tannat y Brut Ros\u00e9. Precio especial: $u 1.730. Env\u00edo gratuito. Pack de duraci\u00f3n limitada.\" \/>\n<meta name=\"robots\" content=\"index, follow, max-snippet:-1, max-image-preview:large, max-video-preview:-1\" \/>\n<link rel=\"canonical\" href=\"https:\/\/bodegagarzon.com\/es\/vino\/pack-navidad-3-botellas\/\" \/>\n<meta property=\"og:locale\" content=\"es_ES\" \/>\n<meta property=\"og:type\" content=\"article\" \/>\n<meta property=\"og:title\" content=\"Pack Navidad 3 botellas - Bodega Garz\u00f3n\" \/>\n<meta property=\"og:description\" content=\"Pack Navidad 3 botellas: Albari\u00f1o, Tannat y Brut Ros\u00e9. Precio especial: $u 1.730. Env\u00edo gratuito. Pack de duraci\u00f3n limitada.\" \/>\n<meta property=\"og:url\" content=\"https:\/\/bodegagarzon.com\/es\/vino\/pack-navidad-3-botellas\/\" \/>\n<meta property=\"og:site_name\" content=\"Bodega Garz\u00f3n\" \/>\n<meta property=\"article:publisher\" content=\"https:\/\/www.facebook.com\/ExperienciasGarzon\/\" \/>\n<meta property=\"article:modified_time\" content=\"2021-01-05T01:23:50+00:00\" \/>\n<meta property=\"og:image\" content=\"https:\/\/bodegagarzon.com\/wp-content\/uploads\/2020\/12\/Pack_Navidad_Pack_x3_Web.jpg\" \/>\n\t<meta property=\"og:image:width\" content=\"1500\" \/>\n\t<meta property=\"og:image:height\" content=\"600\" \/>\n\t<meta property=\"og:image:type\" content=\"image\/jpeg\" \/>\n<meta name=\"twitter:card\" content=\"summary_large_image\" \/>\n<meta name=\"twitter:site\" content=\"@BodegaGarzon\" \/>\n<script type=\"application\/ld+json\" class=\"yoast-schema-graph\">{\"@context\":\"https:\/\/schema.org\",\"@graph\":[{\"@type\":\"WebSite\",\"@id\":\"https:\/\/bodegagarzon.com\/es\/#website\",\"url\":\"https:\/\/bodegagarzon.com\/es\/\",\"name\":\"Bodega Garz\u00f3n\",\"description\":\"Exclusivos y aut\u00e9nticos vinos uruguayos\",\"potentialAction\":[{\"@type\":\"SearchAction\",\"target\":{\"@type\":\"EntryPoint\",\"urlTemplate\":\"https:\/\/bodegagarzon.com\/es\/?s={search_term_string}\"},\"query-input\":\"required name=search_term_string\"}],\"inLanguage\":\"es\"},{\"@type\":\"ImageObject\",\"inLanguage\":\"es\",\"@id\":\"https:\/\/bodegagarzon.com\/es\/vino\/pack-navidad-3-botellas\/#primaryimage\",\"url\":\"https:\/\/bodegagarzon.com\/wp-content\/uploads\/2020\/12\/Pack_Navidad_Pack_x3_Web.jpg\",\"contentUrl\":\"https:\/\/bodegagarzon.com\/wp-content\/uploads\/2020\/12\/Pack_Navidad_Pack_x3_Web.jpg\",\"width\":1500,\"height\":600,\"caption\":\"pack navidad\"},{\"@type\":\"WebPage\",\"@id\":\"https:\/\/bodegagarzon.com\/es\/vino\/pack-navidad-3-botellas\/#webpage\",\"url\":\"https:\/\/bodegagarzon.com\/es\/vino\/pack-navidad-3-botellas\/\",\"name\":\"Pack Navidad 3 botellas - Bodega Garz\u00f3n\",\"isPartOf\":{\"@id\":\"https:\/\/bodegagarzon.com\/es\/#website\"},\"primaryImageOfPage\":{\"@id\":\"https:\/\/bodegagarzon.com\/es\/vino\/pack-navidad-3-botellas\/#primaryimage\"},\"datePublished\":\"2020-12-08T16:07:08+00:00\",\"dateModified\":\"2021-01-05T01:23:50+00:00\",\"description\":\"Pack Navidad 3 botellas: Albari\u00f1o, Tannat y Brut Ros\u00e9. Precio especial: $u 1.730. Env\u00edo gratuito. Pack de duraci\u00f3n limitada.\",\"breadcrumb\":{\"@id\":\"https:\/\/bodegagarzon.com\/es\/vino\/pack-navidad-3-botellas\/#breadcrumb\"},\"inLanguage\":\"es\",\"potentialAction\":[{\"@type\":\"ReadAction\",\"target\":[\"https:\/\/bodegagarzon.com\/es\/vino\/pack-navidad-3-botellas\/\"]}]},{\"@type\":\"BreadcrumbList\",\"@id\":\"https:\/\/bodegagarzon.com\/es\/vino\/pack-navidad-3-botellas\/#breadcrumb\",\"itemListElement\":[{\"@type\":\"ListItem\",\"position\":1,\"name\":\"Tienda\",\"item\":\"https:\/\/bodegagarzon.com\/es\/tienda\/\"},{\"@type\":\"ListItem\",\"position\":2,\"name\":\"Pack Navidad 3 botellas\"}]}]}<\/script>\n<!-- \/ Yoast SEO plugin. -->","yoast_head_json":{"title":"Pack Navidad 3 botellas - Bodega Garz\u00f3n","description":"Pack Navidad 3 botellas: Albari\u00f1o, Tannat y Brut Ros\u00e9. Precio especial: $u 1.730. Env\u00edo gratuito. Pack de duraci\u00f3n limitada.","robots":{"index":"index","follow":"follow","max-snippet":"max-snippet:-1","max-image-preview":"max-image-preview:large","max-video-preview":"max-video-preview:-1"},"canonical":"https:\/\/bodegagarzon.com\/es\/vino\/pack-navidad-3-botellas\/","og_locale":"es_ES","og_type":"article","og_title":"Pack Navidad 3 botellas - Bodega Garz\u00f3n","og_description":"Pack Navidad 3 botellas: Albari\u00f1o, Tannat y Brut Ros\u00e9. Precio especial: $u 1.730. Env\u00edo gratuito. Pack de duraci\u00f3n limitada.","og_url":"https:\/\/bodegagarzon.com\/es\/vino\/pack-navidad-3-botellas\/","og_site_name":"Bodega Garz\u00f3n","article_publisher":"https:\/\/www.facebook.com\/ExperienciasGarzon\/","article_modified_time":"2021-01-05T01:23:50+00:00","og_image":[{"width":1500,"height":600,"url":"https:\/\/bodegagarzon.com\/wp-content\/uploads\/2020\/12\/Pack_Navidad_Pack_x3_Web.jpg","type":"image\/jpeg"}],"twitter_card":"summary_large_image","twitter_site":"@BodegaGarzon","schema":{"@context":"https:\/\/schema.org","@graph":[{"@type":"WebSite","@id":"https:\/\/bodegagarzon.com\/es\/#website","url":"https:\/\/bodegagarzon.com\/es\/","name":"Bodega Garz\u00f3n","description":"Exclusivos y aut\u00e9nticos vinos uruguayos","potentialAction":[{"@type":"SearchAction","target":{"@type":"EntryPoint","urlTemplate":"https:\/\/bodegagarzon.com\/es\/?s={search_term_string}"},"query-input":"required name=search_term_string"}],"inLanguage":"es"},{"@type":"ImageObject","inLanguage":"es","@id":"https:\/\/bodegagarzon.com\/es\/vino\/pack-navidad-3-botellas\/#primaryimage","url":"https:\/\/bodegagarzon.com\/wp-content\/uploads\/2020\/12\/Pack_Navidad_Pack_x3_Web.jpg","contentUrl":"https:\/\/bodegagarzon.com\/wp-content\/uploads\/2020\/12\/Pack_Navidad_Pack_x3_Web.jpg","width":1500,"height":600,"caption":"pack navidad"},{"@type":"WebPage","@id":"https:\/\/bodegagarzon.com\/es\/vino\/pack-navidad-3-botellas\/#webpage","url":"https:\/\/bodegagarzon.com\/es\/vino\/pack-navidad-3-botellas\/","name":"Pack Navidad 3 botellas - Bodega Garz\u00f3n","isPartOf":{"@id":"https:\/\/bodegagarzon.com\/es\/#website"},"primaryImageOfPage":{"@id":"https:\/\/bodegagarzon.com\/es\/vino\/pack-navidad-3-botellas\/#primaryimage"},"datePublished":"2020-12-08T16:07:08+00:00","dateModified":"2021-01-05T01:23:50+00:00","description":"Pack Navidad 3 botellas: Albari\u00f1o, Tannat y Brut Ros\u00e9. Precio especial: $u 1.730. Env\u00edo gratuito. Pack de duraci\u00f3n limitada.","breadcrumb":{"@id":"https:\/\/bodegagarzon.com\/es\/vino\/pack-navidad-3-botellas\/#breadcrumb"},"inLanguage":"es","potentialAction":[{"@type":"ReadAction","target":["https:\/\/bodegagarzon.com\/es\/vino\/pack-navidad-3-botellas\/"]}]},{"@type":"BreadcrumbList","@id":"https:\/\/bodegagarzon.com\/es\/vino\/pack-navidad-3-botellas\/#breadcrumb","itemListElement":[{"@type":"ListItem","position":1,"name":"Tienda","item":"https:\/\/bodegagarzon.com\/es\/tienda\/"},{"@type":"ListItem","position":2,"name":"Pack Navidad 3 botellas"}]}]}},"_links":{"self":[{"href":"https:\/\/bodegagarzon.com\/es\/wp-json\/wp\/v2\/product\/50124"}],"collection":[{"href":"https:\/\/bodegagarzon.com\/es\/wp-json\/wp\/v2\/product"}],"about":[{"href":"https:\/\/bodegagarzon.com\/es\/wp-json\/wp\/v2\/types\/product"}],"replies":[{"embeddable":true,"href":"https:\/\/bodegagarzon.com\/es\/wp-json\/wp\/v2\/comments?post=50124"}],"wp:featuredmedia":[{"embeddable":true,"href":"https:\/\/bodegagarzon.com\/es\/wp-json\/wp\/v2\/media\/50125"}],"wp:attachment":[{"href":"https:\/\/bodegagarzon.com\/es\/wp-json\/wp\/v2\/media?parent=50124"}],"wp:term":[{"taxonomy":"product_cat","embeddable":true,"href":"https:\/\/bodegagarzon.com\/es\/wp-json\/wp\/v2\/product_cat?post=50124"},{"taxonomy":"product_tag","embeddable":true,"href":"https:\/\/bodegagarzon.com\/es\/wp-json\/wp\/v2\/product_tag?post=50124"},{"taxonomy":"anada","embeddable":true,"href":"https:\/\/bodegagarzon.com\/es\/wp-json\/wp\/v2\/anada?post=50124"}],"curies":[{"name":"wp","href":"https:\/\/api.w.org\/{rel}","templated":true}]}}