{"id":46357,"date":"2020-11-06T13:29:00","date_gmt":"2020-11-06T16:29:00","guid":{"rendered":"https:\/\/bodegagarzon.com\/?post_type=product&#038;p=46357"},"modified":"2020-12-01T14:06:27","modified_gmt":"2020-12-01T17:06:27","slug":"pack-black-friday-x6","status":"publish","type":"product","link":"https:\/\/bodegagarzon.com\/es\/vino\/pack-black-friday-x6\/","title":{"rendered":"Packs Black Friday"},"content":{"rendered":"<p>Contiene:<\/p>\n<ul>\n<li>1 Garz\u00f3n Tannat Single Vineyard 2018.<\/li>\n<li>1 Garz\u00f3n Merlot Single Vineyard 2017.<\/li>\n<li>1 Garz\u00f3n Albari\u00f1o Reserva 2020.<\/li>\n<li>1 Garz\u00f3n Cabernet Franc Reserva 2019.<\/li>\n<li>1 Garz\u00f3n Tannat de Corte 2019.<\/li>\n<li>1 Garz\u00f3n Pinot Ros\u00e9 de Corte 2020.<\/li>\n<\/ul>\n<p><strong>Precio especial: $u 3.600. <\/strong><\/p>\n<p>Env\u00edo gratuito. Pack de duraci\u00f3n limitada.<\/p>\n<p>&nbsp;<\/p>\n","protected":false},"excerpt":{"rendered":"<p>Contiene: 1 Garz\u00f3n Tannat Single Vineyard 2018. 1 Garz\u00f3n Merlot Single Vineyard 2017. 1 Garz\u00f3n Albari\u00f1o Reserva 2020. 1 Garz\u00f3n Cabernet Franc Reserva 2019. 1 Garz\u00f3n Tannat de Corte 2019. 1 Garz\u00f3n Pinot Ros\u00e9 de Corte 2020. Precio especial: $u 3.600. Env\u00edo gratuito. Pack de duraci\u00f3n limitada. &nbsp;<\/p>\n","protected":false},"featured_media":48749,"comment_status":"open","ping_status":"closed","template":"","meta":{"inline_featured_image":false,"generate_page_header":""},"product_cat":[747],"product_tag":[],"anada":[],"acf":[],"yoast_head":"<!-- This site is optimized with the Yoast SEO plugin v19.1 - https:\/\/yoast.com\/wordpress\/plugins\/seo\/ -->\n<title>Packs Black Friday - Bodega Garz\u00f3n<\/title>\n<meta name=\"robots\" content=\"index, follow, max-snippet:-1, max-image-preview:large, max-video-preview:-1\" \/>\n<link rel=\"canonical\" href=\"https:\/\/bodegagarzon.com\/es\/vino\/pack-black-friday-x6\/\" \/>\n<meta property=\"og:locale\" content=\"es_ES\" \/>\n<meta property=\"og:type\" content=\"article\" \/>\n<meta property=\"og:title\" content=\"Packs Black Friday - Bodega Garz\u00f3n\" \/>\n<meta property=\"og:description\" content=\"Contiene: 1 Garz\u00f3n Tannat Single Vineyard 2018. 1 Garz\u00f3n Merlot Single Vineyard 2017. 1 Garz\u00f3n Albari\u00f1o Reserva 2020. 1 Garz\u00f3n Cabernet Franc Reserva 2019. 1 Garz\u00f3n Tannat de Corte 2019. 1 Garz\u00f3n Pinot Ros\u00e9 de Corte 2020. Precio especial: $u 3.600. Env\u00edo gratuito. Pack de duraci\u00f3n limitada. &nbsp;\" \/>\n<meta property=\"og:url\" content=\"https:\/\/bodegagarzon.com\/es\/vino\/pack-black-friday-x6\/\" \/>\n<meta property=\"og:site_name\" content=\"Bodega Garz\u00f3n\" \/>\n<meta property=\"article:publisher\" content=\"https:\/\/www.facebook.com\/ExperienciasGarzon\/\" \/>\n<meta property=\"article:modified_time\" content=\"2020-12-01T17:06:27+00:00\" \/>\n<meta property=\"og:image\" content=\"https:\/\/bodegagarzon.com\/wp-content\/uploads\/2020\/11\/Banner-web_Black-Friday-1-1.jpg\" \/>\n\t<meta property=\"og:image:width\" content=\"1500\" \/>\n\t<meta property=\"og:image:height\" content=\"600\" \/>\n\t<meta property=\"og:image:type\" content=\"image\/jpeg\" \/>\n<meta name=\"twitter:card\" content=\"summary_large_image\" \/>\n<meta name=\"twitter:site\" content=\"@BodegaGarzon\" \/>\n<script type=\"application\/ld+json\" class=\"yoast-schema-graph\">{\"@context\":\"https:\/\/schema.org\",\"@graph\":[{\"@type\":\"WebSite\",\"@id\":\"https:\/\/bodegagarzon.com\/es\/#website\",\"url\":\"https:\/\/bodegagarzon.com\/es\/\",\"name\":\"Bodega Garz\u00f3n\",\"description\":\"Exclusivos y aut\u00e9nticos vinos uruguayos\",\"potentialAction\":[{\"@type\":\"SearchAction\",\"target\":{\"@type\":\"EntryPoint\",\"urlTemplate\":\"https:\/\/bodegagarzon.com\/es\/?s={search_term_string}\"},\"query-input\":\"required name=search_term_string\"}],\"inLanguage\":\"es\"},{\"@type\":\"ImageObject\",\"inLanguage\":\"es\",\"@id\":\"https:\/\/bodegagarzon.com\/es\/vino\/pack-black-friday-x6\/#primaryimage\",\"url\":\"https:\/\/bodegagarzon.com\/wp-content\/uploads\/2020\/11\/Banner-web_Black-Friday-1-1.jpg\",\"contentUrl\":\"https:\/\/bodegagarzon.com\/wp-content\/uploads\/2020\/11\/Banner-web_Black-Friday-1-1.jpg\",\"width\":1500,\"height\":600,\"caption\":\"Banner web_Black Friday-x6\"},{\"@type\":\"WebPage\",\"@id\":\"https:\/\/bodegagarzon.com\/es\/vino\/pack-black-friday-x6\/#webpage\",\"url\":\"https:\/\/bodegagarzon.com\/es\/vino\/pack-black-friday-x6\/\",\"name\":\"Packs Black Friday - Bodega Garz\u00f3n\",\"isPartOf\":{\"@id\":\"https:\/\/bodegagarzon.com\/es\/#website\"},\"primaryImageOfPage\":{\"@id\":\"https:\/\/bodegagarzon.com\/es\/vino\/pack-black-friday-x6\/#primaryimage\"},\"datePublished\":\"2020-11-06T16:29:00+00:00\",\"dateModified\":\"2020-12-01T17:06:27+00:00\",\"breadcrumb\":{\"@id\":\"https:\/\/bodegagarzon.com\/es\/vino\/pack-black-friday-x6\/#breadcrumb\"},\"inLanguage\":\"es\",\"potentialAction\":[{\"@type\":\"ReadAction\",\"target\":[\"https:\/\/bodegagarzon.com\/es\/vino\/pack-black-friday-x6\/\"]}]},{\"@type\":\"BreadcrumbList\",\"@id\":\"https:\/\/bodegagarzon.com\/es\/vino\/pack-black-friday-x6\/#breadcrumb\",\"itemListElement\":[{\"@type\":\"ListItem\",\"position\":1,\"name\":\"Tienda\",\"item\":\"https:\/\/bodegagarzon.com\/es\/tienda\/\"},{\"@type\":\"ListItem\",\"position\":2,\"name\":\"Packs Black Friday\"}]}]}<\/script>\n<!-- \/ Yoast SEO plugin. -->","yoast_head_json":{"title":"Packs Black Friday - Bodega Garz\u00f3n","robots":{"index":"index","follow":"follow","max-snippet":"max-snippet:-1","max-image-preview":"max-image-preview:large","max-video-preview":"max-video-preview:-1"},"canonical":"https:\/\/bodegagarzon.com\/es\/vino\/pack-black-friday-x6\/","og_locale":"es_ES","og_type":"article","og_title":"Packs Black Friday - Bodega Garz\u00f3n","og_description":"Contiene: 1 Garz\u00f3n Tannat Single Vineyard 2018. 1 Garz\u00f3n Merlot Single Vineyard 2017. 1 Garz\u00f3n Albari\u00f1o Reserva 2020. 1 Garz\u00f3n Cabernet Franc Reserva 2019. 1 Garz\u00f3n Tannat de Corte 2019. 1 Garz\u00f3n Pinot Ros\u00e9 de Corte 2020. Precio especial: $u 3.600. Env\u00edo gratuito. Pack de duraci\u00f3n limitada. &nbsp;","og_url":"https:\/\/bodegagarzon.com\/es\/vino\/pack-black-friday-x6\/","og_site_name":"Bodega Garz\u00f3n","article_publisher":"https:\/\/www.facebook.com\/ExperienciasGarzon\/","article_modified_time":"2020-12-01T17:06:27+00:00","og_image":[{"width":1500,"height":600,"url":"https:\/\/bodegagarzon.com\/wp-content\/uploads\/2020\/11\/Banner-web_Black-Friday-1-1.jpg","type":"image\/jpeg"}],"twitter_card":"summary_large_image","twitter_site":"@BodegaGarzon","schema":{"@context":"https:\/\/schema.org","@graph":[{"@type":"WebSite","@id":"https:\/\/bodegagarzon.com\/es\/#website","url":"https:\/\/bodegagarzon.com\/es\/","name":"Bodega Garz\u00f3n","description":"Exclusivos y aut\u00e9nticos vinos uruguayos","potentialAction":[{"@type":"SearchAction","target":{"@type":"EntryPoint","urlTemplate":"https:\/\/bodegagarzon.com\/es\/?s={search_term_string}"},"query-input":"required name=search_term_string"}],"inLanguage":"es"},{"@type":"ImageObject","inLanguage":"es","@id":"https:\/\/bodegagarzon.com\/es\/vino\/pack-black-friday-x6\/#primaryimage","url":"https:\/\/bodegagarzon.com\/wp-content\/uploads\/2020\/11\/Banner-web_Black-Friday-1-1.jpg","contentUrl":"https:\/\/bodegagarzon.com\/wp-content\/uploads\/2020\/11\/Banner-web_Black-Friday-1-1.jpg","width":1500,"height":600,"caption":"Banner web_Black Friday-x6"},{"@type":"WebPage","@id":"https:\/\/bodegagarzon.com\/es\/vino\/pack-black-friday-x6\/#webpage","url":"https:\/\/bodegagarzon.com\/es\/vino\/pack-black-friday-x6\/","name":"Packs Black Friday - Bodega Garz\u00f3n","isPartOf":{"@id":"https:\/\/bodegagarzon.com\/es\/#website"},"primaryImageOfPage":{"@id":"https:\/\/bodegagarzon.com\/es\/vino\/pack-black-friday-x6\/#primaryimage"},"datePublished":"2020-11-06T16:29:00+00:00","dateModified":"2020-12-01T17:06:27+00:00","breadcrumb":{"@id":"https:\/\/bodegagarzon.com\/es\/vino\/pack-black-friday-x6\/#breadcrumb"},"inLanguage":"es","potentialAction":[{"@type":"ReadAction","target":["https:\/\/bodegagarzon.com\/es\/vino\/pack-black-friday-x6\/"]}]},{"@type":"BreadcrumbList","@id":"https:\/\/bodegagarzon.com\/es\/vino\/pack-black-friday-x6\/#breadcrumb","itemListElement":[{"@type":"ListItem","position":1,"name":"Tienda","item":"https:\/\/bodegagarzon.com\/es\/tienda\/"},{"@type":"ListItem","position":2,"name":"Packs Black Friday"}]}]}},"_links":{"self":[{"href":"https:\/\/bodegagarzon.com\/es\/wp-json\/wp\/v2\/product\/46357"}],"collection":[{"href":"https:\/\/bodegagarzon.com\/es\/wp-json\/wp\/v2\/product"}],"about":[{"href":"https:\/\/bodegagarzon.com\/es\/wp-json\/wp\/v2\/types\/product"}],"replies":[{"embeddable":true,"href":"https:\/\/bodegagarzon.com\/es\/wp-json\/wp\/v2\/comments?post=46357"}],"wp:featuredmedia":[{"embeddable":true,"href":"https:\/\/bodegagarzon.com\/es\/wp-json\/wp\/v2\/media\/48749"}],"wp:attachment":[{"href":"https:\/\/bodegagarzon.com\/es\/wp-json\/wp\/v2\/media?parent=46357"}],"wp:term":[{"taxonomy":"product_cat","embeddable":true,"href":"https:\/\/bodegagarzon.com\/es\/wp-json\/wp\/v2\/product_cat?post=46357"},{"taxonomy":"product_tag","embeddable":true,"href":"https:\/\/bodegagarzon.com\/es\/wp-json\/wp\/v2\/product_tag?post=46357"},{"taxonomy":"anada","embeddable":true,"href":"https:\/\/bodegagarzon.com\/es\/wp-json\/wp\/v2\/anada?post=46357"}],"curies":[{"name":"wp","href":"https:\/\/api.w.org\/{rel}","templated":true}]}}