{"id":40103,"date":"2020-05-22T16:16:34","date_gmt":"2020-05-22T19:16:34","guid":{"rendered":"https:\/\/bodegagarzon.com\/?post_type=product&#038;p=40103"},"modified":"2020-08-05T17:47:50","modified_gmt":"2020-08-05T20:47:50","slug":"pack-francis-mallmann","status":"publish","type":"product","link":"https:\/\/bodegagarzon.com\/es\/vino\/pack-francis-mallmann\/","title":{"rendered":"Pack Francis Mallmann"},"content":{"rendered":"<p>Contiene:<\/p>\n<ul>\n<li>1 Garz\u00f3n Tannat Single Vineyard 2018.<\/li>\n<li>1 Garz\u00f3n Petit Verdot Single Vineyard 2017.<\/li>\n<\/ul>\n<p><strong>Precio Pack: $u 2.035.<\/strong><\/p>\n<p class=\"v1MsoNormal\">Precio especial.<br \/>\nPack de duraci\u00f3n limitada.<u><\/u><\/p>\n<p>&nbsp;<\/p>\n","protected":false},"excerpt":{"rendered":"<p>Contiene: 1 Garz\u00f3n Tannat Single Vineyard 2018. 1 Garz\u00f3n Petit Verdot Single Vineyard 2017. Precio Pack: $u 2.035. Precio especial. Pack de duraci\u00f3n limitada. &nbsp;<\/p>\n","protected":false},"featured_media":40217,"comment_status":"open","ping_status":"closed","template":"","meta":{"inline_featured_image":false,"generate_page_header":""},"product_cat":[747],"product_tag":[],"anada":[],"acf":[],"yoast_head":"<!-- This site is optimized with the Yoast SEO plugin v19.1 - https:\/\/yoast.com\/wordpress\/plugins\/seo\/ -->\n<title>Pack Francis Mallmann de Bodega Garz\u00f3n, disfrutalo<\/title>\n<meta name=\"description\" content=\"Disfrut\u00e1 del Pack Francis Mallmann de Bodega Garz\u00f3n, dos vinos premiados elegidos por uno de los chefs m\u00e1s reconocidos del mundo.\" \/>\n<meta name=\"robots\" content=\"index, follow, max-snippet:-1, max-image-preview:large, max-video-preview:-1\" \/>\n<link rel=\"canonical\" href=\"https:\/\/bodegagarzon.com\/es\/vino\/pack-francis-mallmann\/\" \/>\n<meta property=\"og:locale\" content=\"es_ES\" \/>\n<meta property=\"og:type\" content=\"article\" \/>\n<meta property=\"og:title\" content=\"Pack Francis Mallmann de Bodega Garz\u00f3n, disfrutalo\" \/>\n<meta property=\"og:description\" content=\"Disfrut\u00e1 del Pack Francis Mallmann de Bodega Garz\u00f3n, dos vinos premiados elegidos por uno de los chefs m\u00e1s reconocidos del mundo.\" \/>\n<meta property=\"og:url\" content=\"https:\/\/bodegagarzon.com\/es\/vino\/pack-francis-mallmann\/\" \/>\n<meta property=\"og:site_name\" content=\"Bodega Garz\u00f3n\" \/>\n<meta property=\"article:publisher\" content=\"https:\/\/www.facebook.com\/ExperienciasGarzon\/\" \/>\n<meta property=\"article:modified_time\" content=\"2020-08-05T20:47:50+00:00\" \/>\n<meta property=\"og:image\" content=\"https:\/\/bodegagarzon.com\/wp-content\/uploads\/2020\/05\/Pack_Mallmann_WEB-3.png\" \/>\n\t<meta property=\"og:image:width\" content=\"1500\" \/>\n\t<meta property=\"og:image:height\" content=\"600\" \/>\n\t<meta property=\"og:image:type\" content=\"image\/png\" \/>\n<meta name=\"twitter:card\" content=\"summary_large_image\" \/>\n<meta name=\"twitter:site\" content=\"@BodegaGarzon\" \/>\n<script type=\"application\/ld+json\" class=\"yoast-schema-graph\">{\"@context\":\"https:\/\/schema.org\",\"@graph\":[{\"@type\":\"WebSite\",\"@id\":\"https:\/\/bodegagarzon.com\/es\/#website\",\"url\":\"https:\/\/bodegagarzon.com\/es\/\",\"name\":\"Bodega Garz\u00f3n\",\"description\":\"Exclusivos y aut\u00e9nticos vinos uruguayos\",\"potentialAction\":[{\"@type\":\"SearchAction\",\"target\":{\"@type\":\"EntryPoint\",\"urlTemplate\":\"https:\/\/bodegagarzon.com\/es\/?s={search_term_string}\"},\"query-input\":\"required name=search_term_string\"}],\"inLanguage\":\"es\"},{\"@type\":\"ImageObject\",\"inLanguage\":\"es\",\"@id\":\"https:\/\/bodegagarzon.com\/es\/vino\/pack-francis-mallmann\/#primaryimage\",\"url\":\"https:\/\/bodegagarzon.com\/wp-content\/uploads\/2020\/05\/Pack_Mallmann_WEB-3.png\",\"contentUrl\":\"https:\/\/bodegagarzon.com\/wp-content\/uploads\/2020\/05\/Pack_Mallmann_WEB-3.png\",\"width\":1500,\"height\":600,\"caption\":\"pack francis mallmann\"},{\"@type\":\"WebPage\",\"@id\":\"https:\/\/bodegagarzon.com\/es\/vino\/pack-francis-mallmann\/#webpage\",\"url\":\"https:\/\/bodegagarzon.com\/es\/vino\/pack-francis-mallmann\/\",\"name\":\"Pack Francis Mallmann de Bodega Garz\u00f3n, disfrutalo\",\"isPartOf\":{\"@id\":\"https:\/\/bodegagarzon.com\/es\/#website\"},\"primaryImageOfPage\":{\"@id\":\"https:\/\/bodegagarzon.com\/es\/vino\/pack-francis-mallmann\/#primaryimage\"},\"datePublished\":\"2020-05-22T19:16:34+00:00\",\"dateModified\":\"2020-08-05T20:47:50+00:00\",\"description\":\"Disfrut\u00e1 del Pack Francis Mallmann de Bodega Garz\u00f3n, dos vinos premiados elegidos por uno de los chefs m\u00e1s reconocidos del mundo.\",\"breadcrumb\":{\"@id\":\"https:\/\/bodegagarzon.com\/es\/vino\/pack-francis-mallmann\/#breadcrumb\"},\"inLanguage\":\"es\",\"potentialAction\":[{\"@type\":\"ReadAction\",\"target\":[\"https:\/\/bodegagarzon.com\/es\/vino\/pack-francis-mallmann\/\"]}]},{\"@type\":\"BreadcrumbList\",\"@id\":\"https:\/\/bodegagarzon.com\/es\/vino\/pack-francis-mallmann\/#breadcrumb\",\"itemListElement\":[{\"@type\":\"ListItem\",\"position\":1,\"name\":\"Tienda\",\"item\":\"https:\/\/bodegagarzon.com\/es\/tienda\/\"},{\"@type\":\"ListItem\",\"position\":2,\"name\":\"Pack Francis Mallmann\"}]}]}<\/script>\n<!-- \/ Yoast SEO plugin. -->","yoast_head_json":{"title":"Pack Francis Mallmann de Bodega Garz\u00f3n, disfrutalo","description":"Disfrut\u00e1 del Pack Francis Mallmann de Bodega Garz\u00f3n, dos vinos premiados elegidos por uno de los chefs m\u00e1s reconocidos del mundo.","robots":{"index":"index","follow":"follow","max-snippet":"max-snippet:-1","max-image-preview":"max-image-preview:large","max-video-preview":"max-video-preview:-1"},"canonical":"https:\/\/bodegagarzon.com\/es\/vino\/pack-francis-mallmann\/","og_locale":"es_ES","og_type":"article","og_title":"Pack Francis Mallmann de Bodega Garz\u00f3n, disfrutalo","og_description":"Disfrut\u00e1 del Pack Francis Mallmann de Bodega Garz\u00f3n, dos vinos premiados elegidos por uno de los chefs m\u00e1s reconocidos del mundo.","og_url":"https:\/\/bodegagarzon.com\/es\/vino\/pack-francis-mallmann\/","og_site_name":"Bodega Garz\u00f3n","article_publisher":"https:\/\/www.facebook.com\/ExperienciasGarzon\/","article_modified_time":"2020-08-05T20:47:50+00:00","og_image":[{"width":1500,"height":600,"url":"https:\/\/bodegagarzon.com\/wp-content\/uploads\/2020\/05\/Pack_Mallmann_WEB-3.png","type":"image\/png"}],"twitter_card":"summary_large_image","twitter_site":"@BodegaGarzon","schema":{"@context":"https:\/\/schema.org","@graph":[{"@type":"WebSite","@id":"https:\/\/bodegagarzon.com\/es\/#website","url":"https:\/\/bodegagarzon.com\/es\/","name":"Bodega Garz\u00f3n","description":"Exclusivos y aut\u00e9nticos vinos uruguayos","potentialAction":[{"@type":"SearchAction","target":{"@type":"EntryPoint","urlTemplate":"https:\/\/bodegagarzon.com\/es\/?s={search_term_string}"},"query-input":"required name=search_term_string"}],"inLanguage":"es"},{"@type":"ImageObject","inLanguage":"es","@id":"https:\/\/bodegagarzon.com\/es\/vino\/pack-francis-mallmann\/#primaryimage","url":"https:\/\/bodegagarzon.com\/wp-content\/uploads\/2020\/05\/Pack_Mallmann_WEB-3.png","contentUrl":"https:\/\/bodegagarzon.com\/wp-content\/uploads\/2020\/05\/Pack_Mallmann_WEB-3.png","width":1500,"height":600,"caption":"pack francis mallmann"},{"@type":"WebPage","@id":"https:\/\/bodegagarzon.com\/es\/vino\/pack-francis-mallmann\/#webpage","url":"https:\/\/bodegagarzon.com\/es\/vino\/pack-francis-mallmann\/","name":"Pack Francis Mallmann de Bodega Garz\u00f3n, disfrutalo","isPartOf":{"@id":"https:\/\/bodegagarzon.com\/es\/#website"},"primaryImageOfPage":{"@id":"https:\/\/bodegagarzon.com\/es\/vino\/pack-francis-mallmann\/#primaryimage"},"datePublished":"2020-05-22T19:16:34+00:00","dateModified":"2020-08-05T20:47:50+00:00","description":"Disfrut\u00e1 del Pack Francis Mallmann de Bodega Garz\u00f3n, dos vinos premiados elegidos por uno de los chefs m\u00e1s reconocidos del mundo.","breadcrumb":{"@id":"https:\/\/bodegagarzon.com\/es\/vino\/pack-francis-mallmann\/#breadcrumb"},"inLanguage":"es","potentialAction":[{"@type":"ReadAction","target":["https:\/\/bodegagarzon.com\/es\/vino\/pack-francis-mallmann\/"]}]},{"@type":"BreadcrumbList","@id":"https:\/\/bodegagarzon.com\/es\/vino\/pack-francis-mallmann\/#breadcrumb","itemListElement":[{"@type":"ListItem","position":1,"name":"Tienda","item":"https:\/\/bodegagarzon.com\/es\/tienda\/"},{"@type":"ListItem","position":2,"name":"Pack Francis Mallmann"}]}]}},"_links":{"self":[{"href":"https:\/\/bodegagarzon.com\/es\/wp-json\/wp\/v2\/product\/40103"}],"collection":[{"href":"https:\/\/bodegagarzon.com\/es\/wp-json\/wp\/v2\/product"}],"about":[{"href":"https:\/\/bodegagarzon.com\/es\/wp-json\/wp\/v2\/types\/product"}],"replies":[{"embeddable":true,"href":"https:\/\/bodegagarzon.com\/es\/wp-json\/wp\/v2\/comments?post=40103"}],"wp:featuredmedia":[{"embeddable":true,"href":"https:\/\/bodegagarzon.com\/es\/wp-json\/wp\/v2\/media\/40217"}],"wp:attachment":[{"href":"https:\/\/bodegagarzon.com\/es\/wp-json\/wp\/v2\/media?parent=40103"}],"wp:term":[{"taxonomy":"product_cat","embeddable":true,"href":"https:\/\/bodegagarzon.com\/es\/wp-json\/wp\/v2\/product_cat?post=40103"},{"taxonomy":"product_tag","embeddable":true,"href":"https:\/\/bodegagarzon.com\/es\/wp-json\/wp\/v2\/product_tag?post=40103"},{"taxonomy":"anada","embeddable":true,"href":"https:\/\/bodegagarzon.com\/es\/wp-json\/wp\/v2\/anada?post=40103"}],"curies":[{"name":"wp","href":"https:\/\/api.w.org\/{rel}","templated":true}]}}