{"id":29699,"date":"2019-07-25T19:10:43","date_gmt":"2019-07-25T22:10:43","guid":{"rendered":"https:\/\/bodegagarzon.com\/?post_type=product&#038;p=29699"},"modified":"2025-08-07T13:33:51","modified_gmt":"2025-08-07T16:33:51","slug":"cabernet-franc-2018","status":"publish","type":"product","link":"https:\/\/bodegagarzon.com\/es\/vino\/cabernet-franc-2018\/","title":{"rendered":"Cabernet Franc 2018"},"content":{"rendered":"<p>&nbsp;<\/p>\n<p>&nbsp;<\/p>\n<p>&nbsp;<\/p>\n","protected":false},"excerpt":{"rendered":"<p>&nbsp;<\/p>\n<p>&nbsp;<\/p>\n<p>&nbsp;<\/p>\n","protected":false},"featured_media":10736,"comment_status":"open","ping_status":"closed","template":"","meta":{"inline_featured_image":false,"generate_page_header":""},"product_cat":[48],"product_tag":[],"anada":[231],"acf":[],"yoast_head":"<!-- This site is optimized with the Yoast SEO plugin v19.1 - https:\/\/yoast.com\/wordpress\/plugins\/seo\/ -->\n<title>Cabernet Franc Reserva 2018 - Bodega Garz\u00f3n. Comprar Vino Cabernet Franc Reserva 2018<\/title>\n<meta name=\"description\" content=\"Ac\u00e1 podr\u00e1s comprar el vino Cabernet Franc Reserva de la cosecha de 2018 que Bodega Garz\u00f3n produce en sus excelentes vi\u00f1edos de Punta del Este.\" \/>\n<meta name=\"robots\" content=\"index, follow, max-snippet:-1, max-image-preview:large, max-video-preview:-1\" \/>\n<link rel=\"canonical\" href=\"https:\/\/bodegagarzon.com\/es\/vino\/cabernet-franc-2018\/\" \/>\n<meta property=\"og:locale\" content=\"es_ES\" \/>\n<meta property=\"og:type\" content=\"article\" \/>\n<meta property=\"og:title\" content=\"Cabernet Franc Reserva 2018 - Bodega Garz\u00f3n. Comprar Vino Cabernet Franc Reserva 2018\" \/>\n<meta property=\"og:description\" content=\"Ac\u00e1 podr\u00e1s comprar el vino Cabernet Franc Reserva de la cosecha de 2018 que Bodega Garz\u00f3n produce en sus excelentes vi\u00f1edos de Punta del Este.\" \/>\n<meta property=\"og:url\" content=\"https:\/\/bodegagarzon.com\/es\/vino\/cabernet-franc-2018\/\" \/>\n<meta property=\"og:site_name\" content=\"Bodega Garz\u00f3n\" \/>\n<meta property=\"article:publisher\" content=\"https:\/\/www.facebook.com\/ExperienciasGarzon\/\" \/>\n<meta property=\"article:modified_time\" content=\"2025-08-07T16:33:51+00:00\" \/>\n<meta property=\"og:image\" content=\"https:\/\/bodegagarzon.com\/wp-content\/uploads\/2018\/08\/resreva_cabernet.png\" \/>\n\t<meta property=\"og:image:width\" content=\"300\" \/>\n\t<meta property=\"og:image:height\" content=\"762\" \/>\n\t<meta property=\"og:image:type\" content=\"image\/png\" \/>\n<meta name=\"twitter:card\" content=\"summary_large_image\" \/>\n<meta name=\"twitter:site\" content=\"@BodegaGarzon\" \/>\n<script type=\"application\/ld+json\" class=\"yoast-schema-graph\">{\"@context\":\"https:\/\/schema.org\",\"@graph\":[{\"@type\":\"WebSite\",\"@id\":\"https:\/\/bodegagarzon.com\/es\/#website\",\"url\":\"https:\/\/bodegagarzon.com\/es\/\",\"name\":\"Bodega Garz\u00f3n\",\"description\":\"Exclusivos y aut\u00e9nticos vinos uruguayos\",\"potentialAction\":[{\"@type\":\"SearchAction\",\"target\":{\"@type\":\"EntryPoint\",\"urlTemplate\":\"https:\/\/bodegagarzon.com\/es\/?s={search_term_string}\"},\"query-input\":\"required name=search_term_string\"}],\"inLanguage\":\"es\"},{\"@type\":\"ImageObject\",\"inLanguage\":\"es\",\"@id\":\"https:\/\/bodegagarzon.com\/es\/vino\/cabernet-franc-2018\/#primaryimage\",\"url\":\"https:\/\/bodegagarzon.com\/wp-content\/uploads\/2018\/08\/resreva_cabernet.png\",\"contentUrl\":\"https:\/\/bodegagarzon.com\/wp-content\/uploads\/2018\/08\/resreva_cabernet.png\",\"width\":300,\"height\":762,\"caption\":\"Reserva Cabernet Franc\"},{\"@type\":\"WebPage\",\"@id\":\"https:\/\/bodegagarzon.com\/es\/vino\/cabernet-franc-2018\/#webpage\",\"url\":\"https:\/\/bodegagarzon.com\/es\/vino\/cabernet-franc-2018\/\",\"name\":\"Cabernet Franc Reserva 2018 - Bodega Garz\u00f3n. Comprar Vino Cabernet Franc Reserva 2018\",\"isPartOf\":{\"@id\":\"https:\/\/bodegagarzon.com\/es\/#website\"},\"primaryImageOfPage\":{\"@id\":\"https:\/\/bodegagarzon.com\/es\/vino\/cabernet-franc-2018\/#primaryimage\"},\"datePublished\":\"2019-07-25T22:10:43+00:00\",\"dateModified\":\"2025-08-07T16:33:51+00:00\",\"description\":\"Ac\u00e1 podr\u00e1s comprar el vino Cabernet Franc Reserva de la cosecha de 2018 que Bodega Garz\u00f3n produce en sus excelentes vi\u00f1edos de Punta del Este.\",\"breadcrumb\":{\"@id\":\"https:\/\/bodegagarzon.com\/es\/vino\/cabernet-franc-2018\/#breadcrumb\"},\"inLanguage\":\"es\",\"potentialAction\":[{\"@type\":\"ReadAction\",\"target\":[\"https:\/\/bodegagarzon.com\/es\/vino\/cabernet-franc-2018\/\"]}]},{\"@type\":\"BreadcrumbList\",\"@id\":\"https:\/\/bodegagarzon.com\/es\/vino\/cabernet-franc-2018\/#breadcrumb\",\"itemListElement\":[{\"@type\":\"ListItem\",\"position\":1,\"name\":\"Tienda\",\"item\":\"https:\/\/bodegagarzon.com\/es\/tienda\/\"},{\"@type\":\"ListItem\",\"position\":2,\"name\":\"Cabernet Franc 2018\"}]}]}<\/script>\n<!-- \/ Yoast SEO plugin. -->","yoast_head_json":{"title":"Cabernet Franc Reserva 2018 - Bodega Garz\u00f3n. Comprar Vino Cabernet Franc Reserva 2018","description":"Ac\u00e1 podr\u00e1s comprar el vino Cabernet Franc Reserva de la cosecha de 2018 que Bodega Garz\u00f3n produce en sus excelentes vi\u00f1edos de Punta del Este.","robots":{"index":"index","follow":"follow","max-snippet":"max-snippet:-1","max-image-preview":"max-image-preview:large","max-video-preview":"max-video-preview:-1"},"canonical":"https:\/\/bodegagarzon.com\/es\/vino\/cabernet-franc-2018\/","og_locale":"es_ES","og_type":"article","og_title":"Cabernet Franc Reserva 2018 - Bodega Garz\u00f3n. Comprar Vino Cabernet Franc Reserva 2018","og_description":"Ac\u00e1 podr\u00e1s comprar el vino Cabernet Franc Reserva de la cosecha de 2018 que Bodega Garz\u00f3n produce en sus excelentes vi\u00f1edos de Punta del Este.","og_url":"https:\/\/bodegagarzon.com\/es\/vino\/cabernet-franc-2018\/","og_site_name":"Bodega Garz\u00f3n","article_publisher":"https:\/\/www.facebook.com\/ExperienciasGarzon\/","article_modified_time":"2025-08-07T16:33:51+00:00","og_image":[{"width":300,"height":762,"url":"https:\/\/bodegagarzon.com\/wp-content\/uploads\/2018\/08\/resreva_cabernet.png","type":"image\/png"}],"twitter_card":"summary_large_image","twitter_site":"@BodegaGarzon","schema":{"@context":"https:\/\/schema.org","@graph":[{"@type":"WebSite","@id":"https:\/\/bodegagarzon.com\/es\/#website","url":"https:\/\/bodegagarzon.com\/es\/","name":"Bodega Garz\u00f3n","description":"Exclusivos y aut\u00e9nticos vinos uruguayos","potentialAction":[{"@type":"SearchAction","target":{"@type":"EntryPoint","urlTemplate":"https:\/\/bodegagarzon.com\/es\/?s={search_term_string}"},"query-input":"required name=search_term_string"}],"inLanguage":"es"},{"@type":"ImageObject","inLanguage":"es","@id":"https:\/\/bodegagarzon.com\/es\/vino\/cabernet-franc-2018\/#primaryimage","url":"https:\/\/bodegagarzon.com\/wp-content\/uploads\/2018\/08\/resreva_cabernet.png","contentUrl":"https:\/\/bodegagarzon.com\/wp-content\/uploads\/2018\/08\/resreva_cabernet.png","width":300,"height":762,"caption":"Reserva Cabernet Franc"},{"@type":"WebPage","@id":"https:\/\/bodegagarzon.com\/es\/vino\/cabernet-franc-2018\/#webpage","url":"https:\/\/bodegagarzon.com\/es\/vino\/cabernet-franc-2018\/","name":"Cabernet Franc Reserva 2018 - Bodega Garz\u00f3n. Comprar Vino Cabernet Franc Reserva 2018","isPartOf":{"@id":"https:\/\/bodegagarzon.com\/es\/#website"},"primaryImageOfPage":{"@id":"https:\/\/bodegagarzon.com\/es\/vino\/cabernet-franc-2018\/#primaryimage"},"datePublished":"2019-07-25T22:10:43+00:00","dateModified":"2025-08-07T16:33:51+00:00","description":"Ac\u00e1 podr\u00e1s comprar el vino Cabernet Franc Reserva de la cosecha de 2018 que Bodega Garz\u00f3n produce en sus excelentes vi\u00f1edos de Punta del Este.","breadcrumb":{"@id":"https:\/\/bodegagarzon.com\/es\/vino\/cabernet-franc-2018\/#breadcrumb"},"inLanguage":"es","potentialAction":[{"@type":"ReadAction","target":["https:\/\/bodegagarzon.com\/es\/vino\/cabernet-franc-2018\/"]}]},{"@type":"BreadcrumbList","@id":"https:\/\/bodegagarzon.com\/es\/vino\/cabernet-franc-2018\/#breadcrumb","itemListElement":[{"@type":"ListItem","position":1,"name":"Tienda","item":"https:\/\/bodegagarzon.com\/es\/tienda\/"},{"@type":"ListItem","position":2,"name":"Cabernet Franc 2018"}]}]}},"_links":{"self":[{"href":"https:\/\/bodegagarzon.com\/es\/wp-json\/wp\/v2\/product\/29699"}],"collection":[{"href":"https:\/\/bodegagarzon.com\/es\/wp-json\/wp\/v2\/product"}],"about":[{"href":"https:\/\/bodegagarzon.com\/es\/wp-json\/wp\/v2\/types\/product"}],"replies":[{"embeddable":true,"href":"https:\/\/bodegagarzon.com\/es\/wp-json\/wp\/v2\/comments?post=29699"}],"wp:featuredmedia":[{"embeddable":true,"href":"https:\/\/bodegagarzon.com\/es\/wp-json\/wp\/v2\/media\/10736"}],"wp:attachment":[{"href":"https:\/\/bodegagarzon.com\/es\/wp-json\/wp\/v2\/media?parent=29699"}],"wp:term":[{"taxonomy":"product_cat","embeddable":true,"href":"https:\/\/bodegagarzon.com\/es\/wp-json\/wp\/v2\/product_cat?post=29699"},{"taxonomy":"product_tag","embeddable":true,"href":"https:\/\/bodegagarzon.com\/es\/wp-json\/wp\/v2\/product_tag?post=29699"},{"taxonomy":"anada","embeddable":true,"href":"https:\/\/bodegagarzon.com\/es\/wp-json\/wp\/v2\/anada?post=29699"}],"curies":[{"name":"wp","href":"https:\/\/api.w.org\/{rel}","templated":true}]}}