{"id":21733,"date":"2018-12-14T16:15:24","date_gmt":"2018-12-14T19:15:24","guid":{"rendered":"https:\/\/bodegagarzon.com\/?post_type=product&#038;p=21733"},"modified":"2019-02-06T17:59:19","modified_gmt":"2019-02-06T20:59:19","slug":"pack-fiestas","status":"publish","type":"product","link":"https:\/\/bodegagarzon.com\/es\/vino\/pack-fiestas\/","title":{"rendered":"Pack Fiestas"},"content":{"rendered":"<p style=\"font-weight: 400\">Contiene:<\/p>\n<ul>\n<li style=\"font-weight: 400\">1 Garz\u00f3n Sparkling Brut Ros\u00e9<\/li>\n<li>1 Garz\u00f3n Sparkling Extra Brut<\/li>\n<li style=\"font-weight: 400\">1 Garz\u00f3n Reserva Albari\u00f1o<\/li>\n<li>1 Garz\u00f3n Reserva Cabernet Franc<\/li>\n<li style=\"font-weight: 400\">1 Garz\u00f3n Estate Pinot Noir Ros\u00e9<\/li>\n<li style=\"font-weight: 400\">1 Garz\u00f3n Estate Sauvignon Blanc<\/li>\n<\/ul>\n<p>Env\u00edo gratuito.<\/p>\n","protected":false},"excerpt":{"rendered":"<p style=\"font-weight: 400\">Contiene:<\/p>\n<ul>\n<li style=\"font-weight: 400\">1 Garz\u00f3n Sparkling Brut Ros\u00e9<\/li>\n<li>1 Garz\u00f3n Sparkling Extra Brut<\/li>\n<li style=\"font-weight: 400\">1 Garz\u00f3n Reserva Albari\u00f1o<\/li>\n<li>1 Garz\u00f3n Reserva Cabernet Franc<\/li>\n<li style=\"font-weight: 400\">1 Garz\u00f3n Estate Pinot Noir Ros\u00e9<\/li>\n<li style=\"font-weight: 400\">1 Garz\u00f3n Estate Sauvignon Blanc<\/li>\n<\/ul>\n<p>Env\u00edo gratuito.<\/p>\n","protected":false},"featured_media":22099,"comment_status":"open","ping_status":"closed","template":"","meta":{"inline_featured_image":false,"generate_page_header":""},"product_cat":[747],"product_tag":[],"anada":[],"acf":[],"yoast_head":"<!-- This site is optimized with the Yoast SEO plugin v19.1 - https:\/\/yoast.com\/wordpress\/plugins\/seo\/ -->\n<title>Pack Fiestas - Bodega Garz\u00f3n Pack Fiestas Garz\u00f3n<\/title>\n<meta name=\"description\" content=\"Celebr\u00e1 estas fiestas con un pack especial de Bodega Garz\u00f3n que incluye seis vinos especiales para degustar en este fin de a\u00f1o.\" \/>\n<meta name=\"robots\" content=\"index, follow, max-snippet:-1, max-image-preview:large, max-video-preview:-1\" \/>\n<link rel=\"canonical\" href=\"https:\/\/bodegagarzon.com\/es\/vino\/pack-fiestas\/\" \/>\n<meta property=\"og:locale\" content=\"es_ES\" \/>\n<meta property=\"og:type\" content=\"article\" \/>\n<meta property=\"og:title\" content=\"Pack Fiestas - Bodega Garz\u00f3n Pack Fiestas Garz\u00f3n\" \/>\n<meta property=\"og:description\" content=\"Celebr\u00e1 estas fiestas con un pack especial de Bodega Garz\u00f3n que incluye seis vinos especiales para degustar en este fin de a\u00f1o.\" \/>\n<meta property=\"og:url\" content=\"https:\/\/bodegagarzon.com\/es\/vino\/pack-fiestas\/\" \/>\n<meta property=\"og:site_name\" content=\"Bodega Garz\u00f3n\" \/>\n<meta property=\"article:publisher\" content=\"https:\/\/www.facebook.com\/ExperienciasGarzon\/\" \/>\n<meta property=\"article:modified_time\" content=\"2019-02-06T20:59:19+00:00\" \/>\n<meta property=\"og:image\" content=\"https:\/\/bodegagarzon.com\/wp-content\/uploads\/2018\/12\/Pack-Fiestas-1000x600.png\" \/>\n\t<meta property=\"og:image:width\" content=\"1000\" \/>\n\t<meta property=\"og:image:height\" content=\"600\" \/>\n\t<meta property=\"og:image:type\" content=\"image\/png\" \/>\n<meta name=\"twitter:card\" content=\"summary_large_image\" \/>\n<meta name=\"twitter:site\" content=\"@BodegaGarzon\" \/>\n<script type=\"application\/ld+json\" class=\"yoast-schema-graph\">{\"@context\":\"https:\/\/schema.org\",\"@graph\":[{\"@type\":\"WebSite\",\"@id\":\"https:\/\/bodegagarzon.com\/es\/#website\",\"url\":\"https:\/\/bodegagarzon.com\/es\/\",\"name\":\"Bodega Garz\u00f3n\",\"description\":\"Exclusivos y aut\u00e9nticos vinos uruguayos\",\"potentialAction\":[{\"@type\":\"SearchAction\",\"target\":{\"@type\":\"EntryPoint\",\"urlTemplate\":\"https:\/\/bodegagarzon.com\/es\/?s={search_term_string}\"},\"query-input\":\"required name=search_term_string\"}],\"inLanguage\":\"es\"},{\"@type\":\"ImageObject\",\"inLanguage\":\"es\",\"@id\":\"https:\/\/bodegagarzon.com\/es\/vino\/pack-fiestas\/#primaryimage\",\"url\":\"https:\/\/bodegagarzon.com\/wp-content\/uploads\/2018\/12\/Pack-Fiestas-1000x600.png\",\"contentUrl\":\"https:\/\/bodegagarzon.com\/wp-content\/uploads\/2018\/12\/Pack-Fiestas-1000x600.png\",\"width\":1000,\"height\":600},{\"@type\":\"WebPage\",\"@id\":\"https:\/\/bodegagarzon.com\/es\/vino\/pack-fiestas\/#webpage\",\"url\":\"https:\/\/bodegagarzon.com\/es\/vino\/pack-fiestas\/\",\"name\":\"Pack Fiestas - Bodega Garz\u00f3n Pack Fiestas Garz\u00f3n\",\"isPartOf\":{\"@id\":\"https:\/\/bodegagarzon.com\/es\/#website\"},\"primaryImageOfPage\":{\"@id\":\"https:\/\/bodegagarzon.com\/es\/vino\/pack-fiestas\/#primaryimage\"},\"datePublished\":\"2018-12-14T19:15:24+00:00\",\"dateModified\":\"2019-02-06T20:59:19+00:00\",\"description\":\"Celebr\u00e1 estas fiestas con un pack especial de Bodega Garz\u00f3n que incluye seis vinos especiales para degustar en este fin de a\u00f1o.\",\"breadcrumb\":{\"@id\":\"https:\/\/bodegagarzon.com\/es\/vino\/pack-fiestas\/#breadcrumb\"},\"inLanguage\":\"es\",\"potentialAction\":[{\"@type\":\"ReadAction\",\"target\":[\"https:\/\/bodegagarzon.com\/es\/vino\/pack-fiestas\/\"]}]},{\"@type\":\"BreadcrumbList\",\"@id\":\"https:\/\/bodegagarzon.com\/es\/vino\/pack-fiestas\/#breadcrumb\",\"itemListElement\":[{\"@type\":\"ListItem\",\"position\":1,\"name\":\"Tienda\",\"item\":\"https:\/\/bodegagarzon.com\/es\/tienda\/\"},{\"@type\":\"ListItem\",\"position\":2,\"name\":\"Pack Fiestas\"}]}]}<\/script>\n<!-- \/ Yoast SEO plugin. -->","yoast_head_json":{"title":"Pack Fiestas - Bodega Garz\u00f3n Pack Fiestas Garz\u00f3n","description":"Celebr\u00e1 estas fiestas con un pack especial de Bodega Garz\u00f3n que incluye seis vinos especiales para degustar en este fin de a\u00f1o.","robots":{"index":"index","follow":"follow","max-snippet":"max-snippet:-1","max-image-preview":"max-image-preview:large","max-video-preview":"max-video-preview:-1"},"canonical":"https:\/\/bodegagarzon.com\/es\/vino\/pack-fiestas\/","og_locale":"es_ES","og_type":"article","og_title":"Pack Fiestas - Bodega Garz\u00f3n Pack Fiestas Garz\u00f3n","og_description":"Celebr\u00e1 estas fiestas con un pack especial de Bodega Garz\u00f3n que incluye seis vinos especiales para degustar en este fin de a\u00f1o.","og_url":"https:\/\/bodegagarzon.com\/es\/vino\/pack-fiestas\/","og_site_name":"Bodega Garz\u00f3n","article_publisher":"https:\/\/www.facebook.com\/ExperienciasGarzon\/","article_modified_time":"2019-02-06T20:59:19+00:00","og_image":[{"width":1000,"height":600,"url":"https:\/\/bodegagarzon.com\/wp-content\/uploads\/2018\/12\/Pack-Fiestas-1000x600.png","type":"image\/png"}],"twitter_card":"summary_large_image","twitter_site":"@BodegaGarzon","schema":{"@context":"https:\/\/schema.org","@graph":[{"@type":"WebSite","@id":"https:\/\/bodegagarzon.com\/es\/#website","url":"https:\/\/bodegagarzon.com\/es\/","name":"Bodega Garz\u00f3n","description":"Exclusivos y aut\u00e9nticos vinos uruguayos","potentialAction":[{"@type":"SearchAction","target":{"@type":"EntryPoint","urlTemplate":"https:\/\/bodegagarzon.com\/es\/?s={search_term_string}"},"query-input":"required name=search_term_string"}],"inLanguage":"es"},{"@type":"ImageObject","inLanguage":"es","@id":"https:\/\/bodegagarzon.com\/es\/vino\/pack-fiestas\/#primaryimage","url":"https:\/\/bodegagarzon.com\/wp-content\/uploads\/2018\/12\/Pack-Fiestas-1000x600.png","contentUrl":"https:\/\/bodegagarzon.com\/wp-content\/uploads\/2018\/12\/Pack-Fiestas-1000x600.png","width":1000,"height":600},{"@type":"WebPage","@id":"https:\/\/bodegagarzon.com\/es\/vino\/pack-fiestas\/#webpage","url":"https:\/\/bodegagarzon.com\/es\/vino\/pack-fiestas\/","name":"Pack Fiestas - Bodega Garz\u00f3n Pack Fiestas Garz\u00f3n","isPartOf":{"@id":"https:\/\/bodegagarzon.com\/es\/#website"},"primaryImageOfPage":{"@id":"https:\/\/bodegagarzon.com\/es\/vino\/pack-fiestas\/#primaryimage"},"datePublished":"2018-12-14T19:15:24+00:00","dateModified":"2019-02-06T20:59:19+00:00","description":"Celebr\u00e1 estas fiestas con un pack especial de Bodega Garz\u00f3n que incluye seis vinos especiales para degustar en este fin de a\u00f1o.","breadcrumb":{"@id":"https:\/\/bodegagarzon.com\/es\/vino\/pack-fiestas\/#breadcrumb"},"inLanguage":"es","potentialAction":[{"@type":"ReadAction","target":["https:\/\/bodegagarzon.com\/es\/vino\/pack-fiestas\/"]}]},{"@type":"BreadcrumbList","@id":"https:\/\/bodegagarzon.com\/es\/vino\/pack-fiestas\/#breadcrumb","itemListElement":[{"@type":"ListItem","position":1,"name":"Tienda","item":"https:\/\/bodegagarzon.com\/es\/tienda\/"},{"@type":"ListItem","position":2,"name":"Pack Fiestas"}]}]}},"_links":{"self":[{"href":"https:\/\/bodegagarzon.com\/es\/wp-json\/wp\/v2\/product\/21733"}],"collection":[{"href":"https:\/\/bodegagarzon.com\/es\/wp-json\/wp\/v2\/product"}],"about":[{"href":"https:\/\/bodegagarzon.com\/es\/wp-json\/wp\/v2\/types\/product"}],"replies":[{"embeddable":true,"href":"https:\/\/bodegagarzon.com\/es\/wp-json\/wp\/v2\/comments?post=21733"}],"wp:featuredmedia":[{"embeddable":true,"href":"https:\/\/bodegagarzon.com\/es\/wp-json\/wp\/v2\/media\/22099"}],"wp:attachment":[{"href":"https:\/\/bodegagarzon.com\/es\/wp-json\/wp\/v2\/media?parent=21733"}],"wp:term":[{"taxonomy":"product_cat","embeddable":true,"href":"https:\/\/bodegagarzon.com\/es\/wp-json\/wp\/v2\/product_cat?post=21733"},{"taxonomy":"product_tag","embeddable":true,"href":"https:\/\/bodegagarzon.com\/es\/wp-json\/wp\/v2\/product_tag?post=21733"},{"taxonomy":"anada","embeddable":true,"href":"https:\/\/bodegagarzon.com\/es\/wp-json\/wp\/v2\/anada?post=21733"}],"curies":[{"name":"wp","href":"https:\/\/api.w.org\/{rel}","templated":true}]}}