{"id":12519,"date":"2015-08-21T16:38:09","date_gmt":"2015-08-21T16:38:09","guid":{"rendered":"https:\/\/bodegagarzon.com\/?post_type=product&#038;p=12519"},"modified":"2019-02-06T18:02:16","modified_gmt":"2019-02-06T21:02:16","slug":"single-vineyard-tannat-2015","status":"publish","type":"product","link":"https:\/\/bodegagarzon.com\/es\/vino\/single-vineyard-tannat-2015\/","title":{"rendered":"Tannat 2015"},"content":{"rendered":"<p>De color p\u00farpura intenso, este potente Tannat se presenta elegante en nariz, con aromas que recuerdan a frutos rojos como cerezas y fresas, ciruelas negras, tabaco y chocolate negro sobre un fondo especiado. En boca es jugoso y fresco, presenta un cuerpo envolvente con una sensaci\u00f3n muy agradable y un final largo y vibrante.<\/p>\n","protected":false},"excerpt":{"rendered":"<p>De color p\u00farpura intenso, este potente Tannat se presenta elegante en nariz, con aromas que recuerdan a frutos rojos como cerezas y fresas, ciruelas negras, tabaco y chocolate negro sobre un fondo especiado. En boca es jugoso y fresco, presenta un cuerpo envolvente con una sensaci\u00f3n muy agradable y un final largo y vibrante.<\/p>\n","protected":false},"featured_media":8644,"comment_status":"open","ping_status":"closed","template":"","meta":{"inline_featured_image":false,"generate_page_header":""},"product_cat":[49],"product_tag":[],"anada":[153],"acf":[],"yoast_head":"<!-- This site is optimized with the Yoast SEO plugin v19.1 - https:\/\/yoast.com\/wordpress\/plugins\/seo\/ -->\n<title>Tannat Single Vineyard 2015 - Bodega Garz\u00f3n. Comprar Vino Tannat Single Vineyard 2015<\/title>\n<meta name=\"description\" content=\"Ac\u00e1 podr\u00e1s comprar el vino Tannat Single Vineyard de la cosecha de 2015 que Bodega Garz\u00f3n produce en sus excelentes vi\u00f1edos de Punta del Este.\" \/>\n<meta name=\"robots\" content=\"index, follow, max-snippet:-1, max-image-preview:large, max-video-preview:-1\" \/>\n<link rel=\"canonical\" href=\"https:\/\/bodegagarzon.com\/es\/vino\/single-vineyard-tannat-2015\/\" \/>\n<meta property=\"og:locale\" content=\"es_ES\" \/>\n<meta property=\"og:type\" content=\"article\" \/>\n<meta property=\"og:title\" content=\"Tannat Single Vineyard 2015 - Bodega Garz\u00f3n. Comprar Vino Tannat Single Vineyard 2015\" \/>\n<meta property=\"og:description\" content=\"Ac\u00e1 podr\u00e1s comprar el vino Tannat Single Vineyard de la cosecha de 2015 que Bodega Garz\u00f3n produce en sus excelentes vi\u00f1edos de Punta del Este.\" \/>\n<meta property=\"og:url\" content=\"https:\/\/bodegagarzon.com\/es\/vino\/single-vineyard-tannat-2015\/\" \/>\n<meta property=\"og:site_name\" content=\"Bodega Garz\u00f3n\" \/>\n<meta property=\"article:publisher\" content=\"https:\/\/www.facebook.com\/ExperienciasGarzon\/\" \/>\n<meta property=\"article:modified_time\" content=\"2019-02-06T21:02:16+00:00\" \/>\n<meta property=\"og:image\" content=\"https:\/\/bodegagarzon.com\/wp-content\/uploads\/2018\/07\/sv_tannat-1.png\" \/>\n\t<meta property=\"og:image:width\" content=\"223\" \/>\n\t<meta property=\"og:image:height\" content=\"563\" \/>\n\t<meta property=\"og:image:type\" content=\"image\/png\" \/>\n<meta name=\"twitter:card\" content=\"summary_large_image\" \/>\n<meta name=\"twitter:site\" content=\"@BodegaGarzon\" \/>\n<script type=\"application\/ld+json\" class=\"yoast-schema-graph\">{\"@context\":\"https:\/\/schema.org\",\"@graph\":[{\"@type\":\"WebSite\",\"@id\":\"https:\/\/bodegagarzon.com\/es\/#website\",\"url\":\"https:\/\/bodegagarzon.com\/es\/\",\"name\":\"Bodega Garz\u00f3n\",\"description\":\"Exclusivos y aut\u00e9nticos vinos uruguayos\",\"potentialAction\":[{\"@type\":\"SearchAction\",\"target\":{\"@type\":\"EntryPoint\",\"urlTemplate\":\"https:\/\/bodegagarzon.com\/es\/?s={search_term_string}\"},\"query-input\":\"required name=search_term_string\"}],\"inLanguage\":\"es\"},{\"@type\":\"ImageObject\",\"inLanguage\":\"es\",\"@id\":\"https:\/\/bodegagarzon.com\/es\/vino\/single-vineyard-tannat-2015\/#primaryimage\",\"url\":\"https:\/\/bodegagarzon.com\/wp-content\/uploads\/2018\/07\/sv_tannat-1.png\",\"contentUrl\":\"https:\/\/bodegagarzon.com\/wp-content\/uploads\/2018\/07\/sv_tannat-1.png\",\"width\":223,\"height\":563},{\"@type\":\"WebPage\",\"@id\":\"https:\/\/bodegagarzon.com\/es\/vino\/single-vineyard-tannat-2015\/#webpage\",\"url\":\"https:\/\/bodegagarzon.com\/es\/vino\/single-vineyard-tannat-2015\/\",\"name\":\"Tannat Single Vineyard 2015 - Bodega Garz\u00f3n. Comprar Vino Tannat Single Vineyard 2015\",\"isPartOf\":{\"@id\":\"https:\/\/bodegagarzon.com\/es\/#website\"},\"primaryImageOfPage\":{\"@id\":\"https:\/\/bodegagarzon.com\/es\/vino\/single-vineyard-tannat-2015\/#primaryimage\"},\"datePublished\":\"2015-08-21T16:38:09+00:00\",\"dateModified\":\"2019-02-06T21:02:16+00:00\",\"description\":\"Ac\u00e1 podr\u00e1s comprar el vino Tannat Single Vineyard de la cosecha de 2015 que Bodega Garz\u00f3n produce en sus excelentes vi\u00f1edos de Punta del Este.\",\"breadcrumb\":{\"@id\":\"https:\/\/bodegagarzon.com\/es\/vino\/single-vineyard-tannat-2015\/#breadcrumb\"},\"inLanguage\":\"es\",\"potentialAction\":[{\"@type\":\"ReadAction\",\"target\":[\"https:\/\/bodegagarzon.com\/es\/vino\/single-vineyard-tannat-2015\/\"]}]},{\"@type\":\"BreadcrumbList\",\"@id\":\"https:\/\/bodegagarzon.com\/es\/vino\/single-vineyard-tannat-2015\/#breadcrumb\",\"itemListElement\":[{\"@type\":\"ListItem\",\"position\":1,\"name\":\"Tienda\",\"item\":\"https:\/\/bodegagarzon.com\/es\/tienda\/\"},{\"@type\":\"ListItem\",\"position\":2,\"name\":\"Tannat 2015\"}]}]}<\/script>\n<!-- \/ Yoast SEO plugin. -->","yoast_head_json":{"title":"Tannat Single Vineyard 2015 - Bodega Garz\u00f3n. Comprar Vino Tannat Single Vineyard 2015","description":"Ac\u00e1 podr\u00e1s comprar el vino Tannat Single Vineyard de la cosecha de 2015 que Bodega Garz\u00f3n produce en sus excelentes vi\u00f1edos de Punta del Este.","robots":{"index":"index","follow":"follow","max-snippet":"max-snippet:-1","max-image-preview":"max-image-preview:large","max-video-preview":"max-video-preview:-1"},"canonical":"https:\/\/bodegagarzon.com\/es\/vino\/single-vineyard-tannat-2015\/","og_locale":"es_ES","og_type":"article","og_title":"Tannat Single Vineyard 2015 - Bodega Garz\u00f3n. Comprar Vino Tannat Single Vineyard 2015","og_description":"Ac\u00e1 podr\u00e1s comprar el vino Tannat Single Vineyard de la cosecha de 2015 que Bodega Garz\u00f3n produce en sus excelentes vi\u00f1edos de Punta del Este.","og_url":"https:\/\/bodegagarzon.com\/es\/vino\/single-vineyard-tannat-2015\/","og_site_name":"Bodega Garz\u00f3n","article_publisher":"https:\/\/www.facebook.com\/ExperienciasGarzon\/","article_modified_time":"2019-02-06T21:02:16+00:00","og_image":[{"width":223,"height":563,"url":"https:\/\/bodegagarzon.com\/wp-content\/uploads\/2018\/07\/sv_tannat-1.png","type":"image\/png"}],"twitter_card":"summary_large_image","twitter_site":"@BodegaGarzon","schema":{"@context":"https:\/\/schema.org","@graph":[{"@type":"WebSite","@id":"https:\/\/bodegagarzon.com\/es\/#website","url":"https:\/\/bodegagarzon.com\/es\/","name":"Bodega Garz\u00f3n","description":"Exclusivos y aut\u00e9nticos vinos uruguayos","potentialAction":[{"@type":"SearchAction","target":{"@type":"EntryPoint","urlTemplate":"https:\/\/bodegagarzon.com\/es\/?s={search_term_string}"},"query-input":"required name=search_term_string"}],"inLanguage":"es"},{"@type":"ImageObject","inLanguage":"es","@id":"https:\/\/bodegagarzon.com\/es\/vino\/single-vineyard-tannat-2015\/#primaryimage","url":"https:\/\/bodegagarzon.com\/wp-content\/uploads\/2018\/07\/sv_tannat-1.png","contentUrl":"https:\/\/bodegagarzon.com\/wp-content\/uploads\/2018\/07\/sv_tannat-1.png","width":223,"height":563},{"@type":"WebPage","@id":"https:\/\/bodegagarzon.com\/es\/vino\/single-vineyard-tannat-2015\/#webpage","url":"https:\/\/bodegagarzon.com\/es\/vino\/single-vineyard-tannat-2015\/","name":"Tannat Single Vineyard 2015 - Bodega Garz\u00f3n. Comprar Vino Tannat Single Vineyard 2015","isPartOf":{"@id":"https:\/\/bodegagarzon.com\/es\/#website"},"primaryImageOfPage":{"@id":"https:\/\/bodegagarzon.com\/es\/vino\/single-vineyard-tannat-2015\/#primaryimage"},"datePublished":"2015-08-21T16:38:09+00:00","dateModified":"2019-02-06T21:02:16+00:00","description":"Ac\u00e1 podr\u00e1s comprar el vino Tannat Single Vineyard de la cosecha de 2015 que Bodega Garz\u00f3n produce en sus excelentes vi\u00f1edos de Punta del Este.","breadcrumb":{"@id":"https:\/\/bodegagarzon.com\/es\/vino\/single-vineyard-tannat-2015\/#breadcrumb"},"inLanguage":"es","potentialAction":[{"@type":"ReadAction","target":["https:\/\/bodegagarzon.com\/es\/vino\/single-vineyard-tannat-2015\/"]}]},{"@type":"BreadcrumbList","@id":"https:\/\/bodegagarzon.com\/es\/vino\/single-vineyard-tannat-2015\/#breadcrumb","itemListElement":[{"@type":"ListItem","position":1,"name":"Tienda","item":"https:\/\/bodegagarzon.com\/es\/tienda\/"},{"@type":"ListItem","position":2,"name":"Tannat 2015"}]}]}},"_links":{"self":[{"href":"https:\/\/bodegagarzon.com\/es\/wp-json\/wp\/v2\/product\/12519"}],"collection":[{"href":"https:\/\/bodegagarzon.com\/es\/wp-json\/wp\/v2\/product"}],"about":[{"href":"https:\/\/bodegagarzon.com\/es\/wp-json\/wp\/v2\/types\/product"}],"replies":[{"embeddable":true,"href":"https:\/\/bodegagarzon.com\/es\/wp-json\/wp\/v2\/comments?post=12519"}],"wp:featuredmedia":[{"embeddable":true,"href":"https:\/\/bodegagarzon.com\/es\/wp-json\/wp\/v2\/media\/8644"}],"wp:attachment":[{"href":"https:\/\/bodegagarzon.com\/es\/wp-json\/wp\/v2\/media?parent=12519"}],"wp:term":[{"taxonomy":"product_cat","embeddable":true,"href":"https:\/\/bodegagarzon.com\/es\/wp-json\/wp\/v2\/product_cat?post=12519"},{"taxonomy":"product_tag","embeddable":true,"href":"https:\/\/bodegagarzon.com\/es\/wp-json\/wp\/v2\/product_tag?post=12519"},{"taxonomy":"anada","embeddable":true,"href":"https:\/\/bodegagarzon.com\/es\/wp-json\/wp\/v2\/anada?post=12519"}],"curies":[{"name":"wp","href":"https:\/\/api.w.org\/{rel}","templated":true}]}}