{"id":29,"date":"2018-07-06T09:20:46","date_gmt":"2018-07-06T09:20:46","guid":{"rendered":"https:\/\/bodegagarzon.com\/?page_id=29"},"modified":"2023-03-30T11:36:11","modified_gmt":"2023-03-30T14:36:11","slug":"bodega","status":"publish","type":"page","link":"https:\/\/bodegagarzon.com\/es\/bodega\/","title":{"rendered":"Bodega"},"content":{"rendered":"","protected":false},"excerpt":{"rendered":"","protected":false},"author":1,"featured_media":0,"parent":0,"menu_order":0,"comment_status":"closed","ping_status":"closed","template":"template-bodega.php","meta":{"inline_featured_image":false,"generate_page_header":""},"acf":[],"yoast_head":"<!-- This site is optimized with the Yoast SEO plugin v19.1 - https:\/\/yoast.com\/wordpress\/plugins\/seo\/ -->\n<title>Bodega de Vino en Punta del Este Uruguay - Bodega Garz\u00f3n<\/title>\n<meta name=\"description\" content=\"Podr\u00e1s conocer la Bodega Garz\u00f3n ubicada en Punta del Este, la cu\u00e1l cuenta con una extensi\u00f3n de 19.050 m\u00b2 y ser\u00e1 la primera bodega sustentable fuera de Norte Am\u00e9rica.\" \/>\n<meta name=\"robots\" content=\"index, follow, max-snippet:-1, max-image-preview:large, max-video-preview:-1\" \/>\n<link rel=\"canonical\" href=\"https:\/\/bodegagarzon.com\/es\/bodega\/\" \/>\n<meta property=\"og:locale\" content=\"es_ES\" \/>\n<meta property=\"og:type\" content=\"article\" \/>\n<meta property=\"og:title\" content=\"Bodega de Vino en Punta del Este Uruguay - Bodega Garz\u00f3n\" \/>\n<meta property=\"og:description\" content=\"Podr\u00e1s conocer la Bodega Garz\u00f3n ubicada en Punta del Este, la cu\u00e1l cuenta con una extensi\u00f3n de 19.050 m\u00b2 y ser\u00e1 la primera bodega sustentable fuera de Norte Am\u00e9rica.\" \/>\n<meta property=\"og:url\" content=\"https:\/\/bodegagarzon.com\/es\/bodega\/\" \/>\n<meta property=\"og:site_name\" content=\"Bodega Garz\u00f3n\" \/>\n<meta property=\"article:publisher\" content=\"https:\/\/www.facebook.com\/ExperienciasGarzon\/\" \/>\n<meta property=\"article:modified_time\" content=\"2023-03-30T14:36:11+00:00\" \/>\n<meta name=\"twitter:card\" content=\"summary_large_image\" \/>\n<meta name=\"twitter:site\" content=\"@BodegaGarzon\" \/>\n<script type=\"application\/ld+json\" class=\"yoast-schema-graph\">{\"@context\":\"https:\/\/schema.org\",\"@graph\":[{\"@type\":\"WebSite\",\"@id\":\"https:\/\/bodegagarzon.com\/es\/#website\",\"url\":\"https:\/\/bodegagarzon.com\/es\/\",\"name\":\"Bodega Garz\u00f3n\",\"description\":\"Exclusivos y aut\u00e9nticos vinos uruguayos\",\"potentialAction\":[{\"@type\":\"SearchAction\",\"target\":{\"@type\":\"EntryPoint\",\"urlTemplate\":\"https:\/\/bodegagarzon.com\/es\/?s={search_term_string}\"},\"query-input\":\"required name=search_term_string\"}],\"inLanguage\":\"es\"},{\"@type\":\"WebPage\",\"@id\":\"https:\/\/bodegagarzon.com\/es\/bodega\/#webpage\",\"url\":\"https:\/\/bodegagarzon.com\/es\/bodega\/\",\"name\":\"Bodega de Vino en Punta del Este Uruguay - Bodega Garz\u00f3n\",\"isPartOf\":{\"@id\":\"https:\/\/bodegagarzon.com\/es\/#website\"},\"datePublished\":\"2018-07-06T09:20:46+00:00\",\"dateModified\":\"2023-03-30T14:36:11+00:00\",\"description\":\"Podr\u00e1s conocer la Bodega Garz\u00f3n ubicada en Punta del Este, la cu\u00e1l cuenta con una extensi\u00f3n de 19.050 m\u00b2 y ser\u00e1 la primera bodega sustentable fuera de Norte Am\u00e9rica.\",\"breadcrumb\":{\"@id\":\"https:\/\/bodegagarzon.com\/es\/bodega\/#breadcrumb\"},\"inLanguage\":\"es\",\"potentialAction\":[{\"@type\":\"ReadAction\",\"target\":[\"https:\/\/bodegagarzon.com\/es\/bodega\/\"]}]},{\"@type\":\"BreadcrumbList\",\"@id\":\"https:\/\/bodegagarzon.com\/es\/bodega\/#breadcrumb\",\"itemListElement\":[{\"@type\":\"ListItem\",\"position\":1,\"name\":\"Bodega\"}]}]}<\/script>\n<!-- \/ Yoast SEO plugin. -->","yoast_head_json":{"title":"Bodega de Vino en Punta del Este Uruguay - Bodega Garz\u00f3n","description":"Podr\u00e1s conocer la Bodega Garz\u00f3n ubicada en Punta del Este, la cu\u00e1l cuenta con una extensi\u00f3n de 19.050 m\u00b2 y ser\u00e1 la primera bodega sustentable fuera de Norte Am\u00e9rica.","robots":{"index":"index","follow":"follow","max-snippet":"max-snippet:-1","max-image-preview":"max-image-preview:large","max-video-preview":"max-video-preview:-1"},"canonical":"https:\/\/bodegagarzon.com\/es\/bodega\/","og_locale":"es_ES","og_type":"article","og_title":"Bodega de Vino en Punta del Este Uruguay - Bodega Garz\u00f3n","og_description":"Podr\u00e1s conocer la Bodega Garz\u00f3n ubicada en Punta del Este, la cu\u00e1l cuenta con una extensi\u00f3n de 19.050 m\u00b2 y ser\u00e1 la primera bodega sustentable fuera de Norte Am\u00e9rica.","og_url":"https:\/\/bodegagarzon.com\/es\/bodega\/","og_site_name":"Bodega Garz\u00f3n","article_publisher":"https:\/\/www.facebook.com\/ExperienciasGarzon\/","article_modified_time":"2023-03-30T14:36:11+00:00","twitter_card":"summary_large_image","twitter_site":"@BodegaGarzon","schema":{"@context":"https:\/\/schema.org","@graph":[{"@type":"WebSite","@id":"https:\/\/bodegagarzon.com\/es\/#website","url":"https:\/\/bodegagarzon.com\/es\/","name":"Bodega Garz\u00f3n","description":"Exclusivos y aut\u00e9nticos vinos uruguayos","potentialAction":[{"@type":"SearchAction","target":{"@type":"EntryPoint","urlTemplate":"https:\/\/bodegagarzon.com\/es\/?s={search_term_string}"},"query-input":"required name=search_term_string"}],"inLanguage":"es"},{"@type":"WebPage","@id":"https:\/\/bodegagarzon.com\/es\/bodega\/#webpage","url":"https:\/\/bodegagarzon.com\/es\/bodega\/","name":"Bodega de Vino en Punta del Este Uruguay - Bodega Garz\u00f3n","isPartOf":{"@id":"https:\/\/bodegagarzon.com\/es\/#website"},"datePublished":"2018-07-06T09:20:46+00:00","dateModified":"2023-03-30T14:36:11+00:00","description":"Podr\u00e1s conocer la Bodega Garz\u00f3n ubicada en Punta del Este, la cu\u00e1l cuenta con una extensi\u00f3n de 19.050 m\u00b2 y ser\u00e1 la primera bodega sustentable fuera de Norte Am\u00e9rica.","breadcrumb":{"@id":"https:\/\/bodegagarzon.com\/es\/bodega\/#breadcrumb"},"inLanguage":"es","potentialAction":[{"@type":"ReadAction","target":["https:\/\/bodegagarzon.com\/es\/bodega\/"]}]},{"@type":"BreadcrumbList","@id":"https:\/\/bodegagarzon.com\/es\/bodega\/#breadcrumb","itemListElement":[{"@type":"ListItem","position":1,"name":"Bodega"}]}]}},"_links":{"self":[{"href":"https:\/\/bodegagarzon.com\/es\/wp-json\/wp\/v2\/pages\/29"}],"collection":[{"href":"https:\/\/bodegagarzon.com\/es\/wp-json\/wp\/v2\/pages"}],"about":[{"href":"https:\/\/bodegagarzon.com\/es\/wp-json\/wp\/v2\/types\/page"}],"author":[{"embeddable":true,"href":"https:\/\/bodegagarzon.com\/es\/wp-json\/wp\/v2\/users\/1"}],"replies":[{"embeddable":true,"href":"https:\/\/bodegagarzon.com\/es\/wp-json\/wp\/v2\/comments?post=29"}],"version-history":[{"count":4,"href":"https:\/\/bodegagarzon.com\/es\/wp-json\/wp\/v2\/pages\/29\/revisions"}],"predecessor-version":[{"id":74155,"href":"https:\/\/bodegagarzon.com\/es\/wp-json\/wp\/v2\/pages\/29\/revisions\/74155"}],"wp:attachment":[{"href":"https:\/\/bodegagarzon.com\/es\/wp-json\/wp\/v2\/media?parent=29"}],"curies":[{"name":"wp","href":"https:\/\/api.w.org\/{rel}","templated":true}]}}