{"id":17328,"date":"2018-09-07T11:38:46","date_gmt":"2018-09-07T11:38:46","guid":{"rendered":"https:\/\/bodegagarzon.com\/?page_id=17328"},"modified":"2018-09-07T11:38:46","modified_gmt":"2018-09-07T11:38:46","slug":"terminos-y-condiciones","status":"publish","type":"page","link":"https:\/\/bodegagarzon.com\/es\/terminos-y-condiciones\/","title":{"rendered":"T\u00e9rminos y condiciones"},"content":{"rendered":"<h2 id=\"venta\"><a href=\"#venta\" name=\"venta\"><\/a>VENTA<\/h2>\n<p>La operaci\u00f3n de bodegagarzon.com se encuentra ubicada en la Rep\u00fablica Oriental del Uruguay.<\/p>\n<p>Las ventas realizadas en nuestra tienda online se limitan exclusivamente al territorio de la Rep\u00fablica Oriental del Uruguay.<\/p>\n<p>Venta exclusiva a mayores de 18 a\u00f1os.<\/p>\n<p>Los precios se expresan en pesos uruguayos.<\/p>\n<p>La venta m\u00ednima es de dos cajas de 6 vinos cada una. Las cajas son cerradas (un solo tipo de vino por caja, 6 botellas de un mismo producto), sin perjuicio de que las dos cajas puedan ser de diferentes variedades cada una por ejemplo una caja de Tannat Garz\u00f3n y una caja de Albari\u00f1o Garz\u00f3n componen una venta m\u00ednima de dos cajas.<\/p>\n<p>Las ventas que realiza Bodega Garz\u00f3n son con factura a consumidor final, aunque el usurario pudiese solicitar con previo aviso que se le facture a una determinada raz\u00f3n social.<\/p>\n<h2 id=\"entrega\"><a href=\"#entrega\" name=\"entrega\"><\/a>ENTREGA<\/h2>\n<p>Las entregas para los departamentos de Montevideo, Maldonado y Rocha son con env\u00edo gratuito y las realiza directamente Bodega Garz\u00f3n en un plazo de 72 hs h\u00e1biles luego de recibida la compra y confirmado el pago de la misma.<\/p>\n<p>Las entregas en otros departamentos las realiza El Correo Uruguayo y los plazos de entrega comienzan a regir una vez recibida la compra y confirmado el pago de la misma, de acuerdo al cuadro a continuaci\u00f3n:<\/p>\n<table class=\"table table-stripped\">\n<thead>\n<tr>\n<th>Departamento<\/th>\n<th>Envi\u00f3 Est\u00e1ndar<\/th>\n<th>Env\u00edo Prioritario<\/th>\n<\/tr>\n<\/thead>\n<tbody>\n<tr>\n<td>Artigas<\/td>\n<td>72 hs<\/td>\n<td>48 hs<\/td>\n<\/tr>\n<tr>\n<td>Canelones<\/td>\n<td>72 hs<\/td>\n<td>48 hs<\/td>\n<\/tr>\n<tr>\n<td>Cerro Largo<\/td>\n<td>72 hs<\/td>\n<td>48 hs<\/td>\n<\/tr>\n<tr>\n<td>Colonia<\/td>\n<td>72 hs<\/td>\n<td>48 hs<\/td>\n<\/tr>\n<tr>\n<td>Durazno<\/td>\n<td>72 hs<\/td>\n<td>48 hs<\/td>\n<\/tr>\n<tr>\n<td>Flores<\/td>\n<td>72 hs<\/td>\n<td>48 hs<\/td>\n<\/tr>\n<tr>\n<td>Florida<\/td>\n<td>72 hs<\/td>\n<td>48 hs<\/td>\n<\/tr>\n<tr>\n<td>Lavalleja<\/td>\n<td>72 hs<\/td>\n<td>48 hs<\/td>\n<\/tr>\n<tr>\n<td>Paysand\u00fa<\/td>\n<td>72 hs<\/td>\n<td>48 hs<\/td>\n<\/tr>\n<tr>\n<td>R\u00edo Negro<\/td>\n<td>72 hs<\/td>\n<td>48 hs<\/td>\n<\/tr>\n<tr>\n<td>Rivera<\/td>\n<td>72 hs<\/td>\n<td>48 hs<\/td>\n<\/tr>\n<tr>\n<td>Salto<\/td>\n<td>72 hs<\/td>\n<td>48 hs<\/td>\n<\/tr>\n<tr>\n<td>San Jos\u00e9<\/td>\n<td>72 hs<\/td>\n<td>48 hs<\/td>\n<\/tr>\n<tr>\n<td>Soriano<\/td>\n<td>72 hs<\/td>\n<td>48 hs<\/td>\n<\/tr>\n<tr>\n<td>Tacuaremb\u00f3<\/td>\n<td>72 hs<\/td>\n<td>48 hs<\/td>\n<\/tr>\n<tr>\n<td>Treinta y Tres<\/td>\n<td>72 hs<\/td>\n<td>48 hs<\/td>\n<\/tr>\n<\/tbody>\n<\/table>\n<p>Para los departamentos con costo de env\u00edo se computar\u00e1 el precio de 1 env\u00edo para las compras entre 2 y 4 cajas.<\/p>\n<p>Compras entre 5 y 8 cajas abonan 2 costos de env\u00edo, entre 9 y 12 cajas 3 costos de env\u00edo, entre 13 y 16 cajas abonan 4 costos de env\u00edos, entre 17 y 20 cajas 5 costos de env\u00edo, entre 21 y 24 cajas 6 costos de env\u00edo, entre 25 y 28 cajas 7 costos de env\u00edo, entre 29 y 32 cajas 8 costos de env\u00edo, entre 33 y 36 cajas 9 costos de env\u00edo. Para ventas superiores a 36 cajas consultar costos de env\u00edo a nuestro departamento comercial al tel 42 24 17 59 \u2013 int 2822 de Lunes a Viernes de 8 a 17 hs.<\/p>\n<p>Las \u00f3rdenes de pedidos en Bodega Garz\u00f3n cierran a las 12 hrs de cada d\u00eda h\u00e1bil.<\/p>\n<p>Esto implica que cualquier pedido recibido luego de dicho horario comenzar\u00e1 a cumplir su margen de entrega a partir del d\u00eda h\u00e1bil siguiente.<\/p>\n<p>No se realizan entregas los d\u00edas S\u00e1bados, Domingos o feriados.<\/p>\n<p>No se aseguran ni coordinan horarios fijos ni aproximados de entrega.<\/p>\n<h2 id=\"cientes-usuarios\"><a href=\"#cientes-usuarios\" name=\"cientes-usuarios\"><\/a>CLIENTES-USUARIOS<\/h2>\n<p>Al utilizar los servicios de nuestra empresa, el cliente (en tanto usuario de la plataforma electr\u00f3nica) se compromete a proporcionar los datos ciertos y necesarios para crear una cuenta, as\u00ed como de restringir el acceso a terceros al dispositivo desde donde accede a nuestra p\u00e1gina. El usuario deber\u00e1 tomar todos los recaudos necesarios y a su alcance a efectos de asegurar y salvaguardar su contrase\u00f1a, siendo de entera responsabilidad del usuario el manejo de su contrase\u00f1a, as\u00ed como la puesta en conocimiento de terceros, o la utilizaci\u00f3n de la misma de manera indebida. Es de total responsabilidad del usuario comprobar que los datos que facilita a la empresa son correctos y completos, y que cuenta con la capacidad legal requerida por la ley para perfeccionar v\u00e1lidamente las presentes operaciones, siendo asimismo necesario informar de forma inmediata cuando tenga lugar cualquier actualizaci\u00f3n y\/o modificaci\u00f3n de los datos aportados. El usuario puede acceder a su informaci\u00f3n personal y editarla, as\u00ed como verificar su historial de pedidos desde la secci\u00f3n Mi Cuenta.<\/p>\n<p>Bodega Garz\u00f3n se reserva el derecho a denegar el acceso a un usuario a sus servicios, as\u00ed como de cancelar cualquier cuenta y\/o a eliminar o modificar cualquier contenido en caso de que el usuario incumpliera la legislaci\u00f3n aplicable o proporcionar\u00e1 datos falsos para realizar su compra.<\/p>\n<h2 id=\"forma-de-pago\"><a href=\"#forma-de-pago\" name=\"forma-de-pago\"><\/a>FORMA DE PAGO<\/h2>\n<p>Se acepta como forma de pago las Tarjetas de Cr\u00e9dito Visa y Mastercard, as\u00ed como la cancelaci\u00f3n del pago a trav\u00e9s de la red de cobranza Abitab.<\/p>\n<p>Las transacciones realizadas en bodegagarzon.com son verificadas en l\u00ednea al momento de realizar su compra, a trav\u00e9s del re-direccionamiento desde nuestra p\u00e1gina a los sitios seguros de las tarjetas de cr\u00e9dito operantes (en caso de verse impedido de concretar su compra por este medio, debe ponerse en contacto con la tarjeta de cr\u00e9dito o el banco emisor de la tarjeta).<\/p>\n<p>Bodega Garz\u00f3n no tiene acceso a informaci\u00f3n de sus tarjetas de cr\u00e9dito ya que las operaciones con las mismas se realizan a trav\u00e9s del re direccionamiento a las procesadoras First Data (Mastercar) y Visanet (VISA), con el fin de bridarle transacciones seguras.<\/p>\n<p>El plazo para hacer efectivo el pago, en el caso de Abitab , una vez confirmada la compra en l\u00ednea es de 24 hs h\u00e1biles, luego de las cuales caducar\u00e1 el ticket de pago Abitab.<\/p>\n<p>Los pagos realizados a trav\u00e9s de Abitab pueden reflejarse hasta 24 hs luego de realizados los mismos, por lo cual si opta por este medio de pago es conveniente informe del pago realizado a Bodega Garz\u00f3n a trav\u00e9s del 4224 17 59 int 2822 del forma tal de agilizar la expedici\u00f3n de su compra.<\/p>\n<h2 id=\"cambios-y-devoluciones\"><a href=\"#cambios-y-devoluciones\" name=\"cambios-y-devoluciones\"><\/a>CAMBIOS Y DEVOLUCIONES<\/h2>\n<p>Debido a la naturaleza de nuestros productos y para asegurarnos de ofrecerle un producto de excelente calidad, se aceptar\u00e1n devoluciones o cambios f\u00edsicos solamente en los siguientes casos:<\/p>\n<ol>\n<li>Cuando los art\u00edculos se encuentren sin abrir, con su sellado original.<\/li>\n<li>Cuando los art\u00edculos recibidos tengan alg\u00fan desperfecto de f\u00e1brica<\/li>\n<li>Cuando los art\u00edculos sean distintos a los especificados en su pedido.<\/li>\n<\/ol>\n<p>Se dispondr\u00e1 de un plazo de 5 d\u00edas h\u00e1biles desde la fecha de recepci\u00f3n del pedido para devolverlo o realizar un cambio.<\/p>\n<p>Para realizar un cambio o devoluci\u00f3n se deber\u00e1 contactarnos. Visite nuestra p\u00e1gina de Contactos para ver nuestros n\u00fameros telef\u00f3nicos y horarios de operaci\u00f3n. Despu\u00e9s de ponerse en contacto con nosotros le proporcionaremos las instrucciones de devoluci\u00f3n para su producto.<\/p>\n<p>Todos los art\u00edculos deben estar en su empaque original y en condiciones perfectas. Nos reservamos el derecho de rechazar cualquier devoluci\u00f3n, reembolso o intercambios que no est\u00e9n razonablemente en estas condiciones.<\/p>\n<p>Ning\u00fan cargo de pagos es reembolsable. Usted es responsable por los costos de env\u00edo y seguro para la devoluci\u00f3n. A todos los reembolsos a una tarjeta de cr\u00e9dito o a una cuenta PayPal les ser\u00e1 deducido una tarifa de 4% por reabastecimiento. Si usted ha solicitado un cambio de producto, nos reservamos el derecho, a nuestra entera discreci\u00f3n, de encontrar un reemplazo aceptable o el reembolso de su dinero de acuerdo a los t\u00e9rminos anteriores si un intercambio adecuado no est\u00e1 disponible.<\/p>\n<h2 dir=\"ltr\"> <\/h2>\n<p><span style=\"font-size: 11pt; font-family: 'Trebuchet MS'; color: #000000; background-color: transparent; font-weight: 400; font-style: normal; font-variant: normal; text-decoration: none; vertical-align: baseline; white-space: pre-wrap;\"> <\/span><\/p>\n","protected":false},"excerpt":{"rendered":"<p>VENTA La operaci\u00f3n de bodegagarzon.com se encuentra ubicada en la Rep\u00fablica Oriental del Uruguay. Las ventas realizadas en nuestra tienda online se limitan exclusivamente al territorio de la Rep\u00fablica Oriental del Uruguay. Venta exclusiva a mayores de 18 a\u00f1os. Los precios se expresan en pesos uruguayos. La venta m\u00ednima es de dos cajas de 6 vinos cada una. Las cajas &#8230; <a title=\"T\u00e9rminos y condiciones\" class=\"read-more\" href=\"https:\/\/bodegagarzon.com\/es\/terminos-y-condiciones\/\" aria-label=\"M\u00e1s en T\u00e9rminos y condiciones\">&nbsp;<\/a><\/p>\n","protected":false},"author":1,"featured_media":0,"parent":0,"menu_order":0,"comment_status":"closed","ping_status":"closed","template":"","meta":{"inline_featured_image":false,"generate_page_header":""},"acf":[],"yoast_head":"<!-- This site is optimized with the Yoast SEO plugin v19.1 - https:\/\/yoast.com\/wordpress\/plugins\/seo\/ -->\n<title>T\u00e9rminos y condiciones - Bodega Garz\u00f3n<\/title>\n<meta name=\"description\" content=\"T\u00e9rminos y condiciones en Bodega Garz\u00f3n. Descubre m\u00e1s en nuestra web BodegaGarzon.com\" \/>\n<meta name=\"robots\" content=\"index, follow, max-snippet:-1, max-image-preview:large, max-video-preview:-1\" \/>\n<link rel=\"canonical\" href=\"https:\/\/bodegagarzon.com\/es\/terminos-y-condiciones\/\" \/>\n<meta property=\"og:locale\" content=\"es_ES\" \/>\n<meta property=\"og:type\" content=\"article\" \/>\n<meta property=\"og:title\" content=\"T\u00e9rminos y condiciones - Bodega Garz\u00f3n\" \/>\n<meta property=\"og:description\" content=\"T\u00e9rminos y condiciones en Bodega Garz\u00f3n. Descubre m\u00e1s en nuestra web BodegaGarzon.com\" \/>\n<meta property=\"og:url\" content=\"https:\/\/bodegagarzon.com\/es\/terminos-y-condiciones\/\" \/>\n<meta property=\"og:site_name\" content=\"Bodega Garz\u00f3n\" \/>\n<meta property=\"article:publisher\" content=\"https:\/\/www.facebook.com\/ExperienciasGarzon\/\" \/>\n<meta name=\"twitter:card\" content=\"summary_large_image\" \/>\n<meta name=\"twitter:site\" content=\"@BodegaGarzon\" \/>\n<meta name=\"twitter:label1\" content=\"Tiempo de lectura\" \/>\n\t<meta name=\"twitter:data1\" content=\"6 minutos\" \/>\n<script type=\"application\/ld+json\" class=\"yoast-schema-graph\">{\"@context\":\"https:\/\/schema.org\",\"@graph\":[{\"@type\":\"WebSite\",\"@id\":\"https:\/\/bodegagarzon.com\/es\/#website\",\"url\":\"https:\/\/bodegagarzon.com\/es\/\",\"name\":\"Bodega Garz\u00f3n\",\"description\":\"Exclusivos y aut\u00e9nticos vinos uruguayos\",\"potentialAction\":[{\"@type\":\"SearchAction\",\"target\":{\"@type\":\"EntryPoint\",\"urlTemplate\":\"https:\/\/bodegagarzon.com\/es\/?s={search_term_string}\"},\"query-input\":\"required name=search_term_string\"}],\"inLanguage\":\"es\"},{\"@type\":\"WebPage\",\"@id\":\"https:\/\/bodegagarzon.com\/es\/terminos-y-condiciones\/#webpage\",\"url\":\"https:\/\/bodegagarzon.com\/es\/terminos-y-condiciones\/\",\"name\":\"T\u00e9rminos y condiciones - Bodega Garz\u00f3n\",\"isPartOf\":{\"@id\":\"https:\/\/bodegagarzon.com\/es\/#website\"},\"datePublished\":\"2018-09-07T11:38:46+00:00\",\"dateModified\":\"2018-09-07T11:38:46+00:00\",\"description\":\"T\u00e9rminos y condiciones en Bodega Garz\u00f3n. Descubre m\u00e1s en nuestra web BodegaGarzon.com\",\"breadcrumb\":{\"@id\":\"https:\/\/bodegagarzon.com\/es\/terminos-y-condiciones\/#breadcrumb\"},\"inLanguage\":\"es\",\"potentialAction\":[{\"@type\":\"ReadAction\",\"target\":[\"https:\/\/bodegagarzon.com\/es\/terminos-y-condiciones\/\"]}]},{\"@type\":\"BreadcrumbList\",\"@id\":\"https:\/\/bodegagarzon.com\/es\/terminos-y-condiciones\/#breadcrumb\",\"itemListElement\":[{\"@type\":\"ListItem\",\"position\":1,\"name\":\"T\u00e9rminos y condiciones\"}]}]}<\/script>\n<!-- \/ Yoast SEO plugin. -->","yoast_head_json":{"title":"T\u00e9rminos y condiciones - Bodega Garz\u00f3n","description":"T\u00e9rminos y condiciones en Bodega Garz\u00f3n. Descubre m\u00e1s en nuestra web BodegaGarzon.com","robots":{"index":"index","follow":"follow","max-snippet":"max-snippet:-1","max-image-preview":"max-image-preview:large","max-video-preview":"max-video-preview:-1"},"canonical":"https:\/\/bodegagarzon.com\/es\/terminos-y-condiciones\/","og_locale":"es_ES","og_type":"article","og_title":"T\u00e9rminos y condiciones - Bodega Garz\u00f3n","og_description":"T\u00e9rminos y condiciones en Bodega Garz\u00f3n. Descubre m\u00e1s en nuestra web BodegaGarzon.com","og_url":"https:\/\/bodegagarzon.com\/es\/terminos-y-condiciones\/","og_site_name":"Bodega Garz\u00f3n","article_publisher":"https:\/\/www.facebook.com\/ExperienciasGarzon\/","twitter_card":"summary_large_image","twitter_site":"@BodegaGarzon","twitter_misc":{"Tiempo de lectura":"6 minutos"},"schema":{"@context":"https:\/\/schema.org","@graph":[{"@type":"WebSite","@id":"https:\/\/bodegagarzon.com\/es\/#website","url":"https:\/\/bodegagarzon.com\/es\/","name":"Bodega Garz\u00f3n","description":"Exclusivos y aut\u00e9nticos vinos uruguayos","potentialAction":[{"@type":"SearchAction","target":{"@type":"EntryPoint","urlTemplate":"https:\/\/bodegagarzon.com\/es\/?s={search_term_string}"},"query-input":"required name=search_term_string"}],"inLanguage":"es"},{"@type":"WebPage","@id":"https:\/\/bodegagarzon.com\/es\/terminos-y-condiciones\/#webpage","url":"https:\/\/bodegagarzon.com\/es\/terminos-y-condiciones\/","name":"T\u00e9rminos y condiciones - Bodega Garz\u00f3n","isPartOf":{"@id":"https:\/\/bodegagarzon.com\/es\/#website"},"datePublished":"2018-09-07T11:38:46+00:00","dateModified":"2018-09-07T11:38:46+00:00","description":"T\u00e9rminos y condiciones en Bodega Garz\u00f3n. Descubre m\u00e1s en nuestra web BodegaGarzon.com","breadcrumb":{"@id":"https:\/\/bodegagarzon.com\/es\/terminos-y-condiciones\/#breadcrumb"},"inLanguage":"es","potentialAction":[{"@type":"ReadAction","target":["https:\/\/bodegagarzon.com\/es\/terminos-y-condiciones\/"]}]},{"@type":"BreadcrumbList","@id":"https:\/\/bodegagarzon.com\/es\/terminos-y-condiciones\/#breadcrumb","itemListElement":[{"@type":"ListItem","position":1,"name":"T\u00e9rminos y condiciones"}]}]}},"_links":{"self":[{"href":"https:\/\/bodegagarzon.com\/es\/wp-json\/wp\/v2\/pages\/17328"}],"collection":[{"href":"https:\/\/bodegagarzon.com\/es\/wp-json\/wp\/v2\/pages"}],"about":[{"href":"https:\/\/bodegagarzon.com\/es\/wp-json\/wp\/v2\/types\/page"}],"author":[{"embeddable":true,"href":"https:\/\/bodegagarzon.com\/es\/wp-json\/wp\/v2\/users\/1"}],"replies":[{"embeddable":true,"href":"https:\/\/bodegagarzon.com\/es\/wp-json\/wp\/v2\/comments?post=17328"}],"version-history":[{"count":0,"href":"https:\/\/bodegagarzon.com\/es\/wp-json\/wp\/v2\/pages\/17328\/revisions"}],"wp:attachment":[{"href":"https:\/\/bodegagarzon.com\/es\/wp-json\/wp\/v2\/media?parent=17328"}],"curies":[{"name":"wp","href":"https:\/\/api.w.org\/{rel}","templated":true}]}}