{"id":11011,"date":"2018-08-20T10:34:06","date_gmt":"2018-08-20T10:34:06","guid":{"rendered":"https:\/\/bodegagarzon.com\/?page_id=11011"},"modified":"2019-08-06T06:15:19","modified_gmt":"2019-08-06T09:15:19","slug":"tourism-experiences-garzon","status":"publish","type":"page","link":"https:\/\/bodegagarzon.com\/en\/tourism-experiences-garzon\/","title":{"rendered":"Enotourism"},"content":{"rendered":"","protected":false},"excerpt":{"rendered":"","protected":false},"author":1,"featured_media":0,"parent":0,"menu_order":0,"comment_status":"closed","ping_status":"closed","template":"template-enoturismo.php","meta":{"inline_featured_image":false,"generate_page_header":""},"acf":[],"yoast_head":"<!-- This site is optimized with the Yoast SEO plugin v19.1 - https:\/\/yoast.com\/wordpress\/plugins\/seo\/ -->\n<title>The Wine Experience Uruguay - Bodega Garz\u00f3n<\/title>\n<meta name=\"description\" content=\"Enotourism at Bodega Garz\u00f3n. Enjoy the Garz\u00f3n Experiences. A unique opportunity to combine the best wines in an incredible natural environment.\" \/>\n<meta name=\"robots\" content=\"index, follow, max-snippet:-1, max-image-preview:large, max-video-preview:-1\" \/>\n<link rel=\"canonical\" href=\"https:\/\/bodegagarzon.com\/en\/tourism-experiences-garzon\/\" \/>\n<meta property=\"og:locale\" content=\"en_US\" \/>\n<meta property=\"og:type\" content=\"article\" \/>\n<meta property=\"og:title\" content=\"The Wine Experience Uruguay - Bodega Garz\u00f3n\" \/>\n<meta property=\"og:description\" content=\"Enotourism at Bodega Garz\u00f3n. Enjoy the Garz\u00f3n Experiences. A unique opportunity to combine the best wines in an incredible natural environment.\" \/>\n<meta property=\"og:url\" content=\"https:\/\/bodegagarzon.com\/en\/tourism-experiences-garzon\/\" \/>\n<meta property=\"og:site_name\" content=\"Bodega Garz\u00f3n\" \/>\n<meta property=\"article:publisher\" content=\"https:\/\/www.facebook.com\/ExperienciasGarzon\/\" \/>\n<meta property=\"article:modified_time\" content=\"2019-08-06T09:15:19+00:00\" \/>\n<meta name=\"twitter:card\" content=\"summary_large_image\" \/>\n<meta name=\"twitter:site\" content=\"@BodegaGarzon\" \/>\n<script type=\"application\/ld+json\" class=\"yoast-schema-graph\">{\"@context\":\"https:\/\/schema.org\",\"@graph\":[{\"@type\":\"WebSite\",\"@id\":\"https:\/\/bodegagarzon.com\/es\/#website\",\"url\":\"https:\/\/bodegagarzon.com\/es\/\",\"name\":\"Bodega Garz\u00f3n\",\"description\":\"Exclusivos y aut\u00e9nticos vinos uruguayos\",\"potentialAction\":[{\"@type\":\"SearchAction\",\"target\":{\"@type\":\"EntryPoint\",\"urlTemplate\":\"https:\/\/bodegagarzon.com\/es\/?s={search_term_string}\"},\"query-input\":\"required name=search_term_string\"}],\"inLanguage\":\"en-US\"},{\"@type\":\"WebPage\",\"@id\":\"https:\/\/bodegagarzon.com\/en\/tourism-experiences-garzon\/#webpage\",\"url\":\"https:\/\/bodegagarzon.com\/en\/tourism-experiences-garzon\/\",\"name\":\"The Wine Experience Uruguay - Bodega Garz\u00f3n\",\"isPartOf\":{\"@id\":\"https:\/\/bodegagarzon.com\/es\/#website\"},\"datePublished\":\"2018-08-20T10:34:06+00:00\",\"dateModified\":\"2019-08-06T09:15:19+00:00\",\"description\":\"Enotourism at Bodega Garz\u00f3n. Enjoy the Garz\u00f3n Experiences. A unique opportunity to combine the best wines in an incredible natural environment.\",\"breadcrumb\":{\"@id\":\"https:\/\/bodegagarzon.com\/en\/tourism-experiences-garzon\/#breadcrumb\"},\"inLanguage\":\"en-US\",\"potentialAction\":[{\"@type\":\"ReadAction\",\"target\":[\"https:\/\/bodegagarzon.com\/en\/tourism-experiences-garzon\/\"]}]},{\"@type\":\"BreadcrumbList\",\"@id\":\"https:\/\/bodegagarzon.com\/en\/tourism-experiences-garzon\/#breadcrumb\",\"itemListElement\":[{\"@type\":\"ListItem\",\"position\":1,\"name\":\"Enotourism\"}]}]}<\/script>\n<!-- \/ Yoast SEO plugin. -->","yoast_head_json":{"title":"The Wine Experience Uruguay - Bodega Garz\u00f3n","description":"Enotourism at Bodega Garz\u00f3n. Enjoy the Garz\u00f3n Experiences. A unique opportunity to combine the best wines in an incredible natural environment.","robots":{"index":"index","follow":"follow","max-snippet":"max-snippet:-1","max-image-preview":"max-image-preview:large","max-video-preview":"max-video-preview:-1"},"canonical":"https:\/\/bodegagarzon.com\/en\/tourism-experiences-garzon\/","og_locale":"en_US","og_type":"article","og_title":"The Wine Experience Uruguay - Bodega Garz\u00f3n","og_description":"Enotourism at Bodega Garz\u00f3n. Enjoy the Garz\u00f3n Experiences. A unique opportunity to combine the best wines in an incredible natural environment.","og_url":"https:\/\/bodegagarzon.com\/en\/tourism-experiences-garzon\/","og_site_name":"Bodega Garz\u00f3n","article_publisher":"https:\/\/www.facebook.com\/ExperienciasGarzon\/","article_modified_time":"2019-08-06T09:15:19+00:00","twitter_card":"summary_large_image","twitter_site":"@BodegaGarzon","schema":{"@context":"https:\/\/schema.org","@graph":[{"@type":"WebSite","@id":"https:\/\/bodegagarzon.com\/es\/#website","url":"https:\/\/bodegagarzon.com\/es\/","name":"Bodega Garz\u00f3n","description":"Exclusivos y aut\u00e9nticos vinos uruguayos","potentialAction":[{"@type":"SearchAction","target":{"@type":"EntryPoint","urlTemplate":"https:\/\/bodegagarzon.com\/es\/?s={search_term_string}"},"query-input":"required name=search_term_string"}],"inLanguage":"en-US"},{"@type":"WebPage","@id":"https:\/\/bodegagarzon.com\/en\/tourism-experiences-garzon\/#webpage","url":"https:\/\/bodegagarzon.com\/en\/tourism-experiences-garzon\/","name":"The Wine Experience Uruguay - Bodega Garz\u00f3n","isPartOf":{"@id":"https:\/\/bodegagarzon.com\/es\/#website"},"datePublished":"2018-08-20T10:34:06+00:00","dateModified":"2019-08-06T09:15:19+00:00","description":"Enotourism at Bodega Garz\u00f3n. Enjoy the Garz\u00f3n Experiences. A unique opportunity to combine the best wines in an incredible natural environment.","breadcrumb":{"@id":"https:\/\/bodegagarzon.com\/en\/tourism-experiences-garzon\/#breadcrumb"},"inLanguage":"en-US","potentialAction":[{"@type":"ReadAction","target":["https:\/\/bodegagarzon.com\/en\/tourism-experiences-garzon\/"]}]},{"@type":"BreadcrumbList","@id":"https:\/\/bodegagarzon.com\/en\/tourism-experiences-garzon\/#breadcrumb","itemListElement":[{"@type":"ListItem","position":1,"name":"Enotourism"}]}]}},"_links":{"self":[{"href":"https:\/\/bodegagarzon.com\/en\/wp-json\/wp\/v2\/pages\/11011"}],"collection":[{"href":"https:\/\/bodegagarzon.com\/en\/wp-json\/wp\/v2\/pages"}],"about":[{"href":"https:\/\/bodegagarzon.com\/en\/wp-json\/wp\/v2\/types\/page"}],"author":[{"embeddable":true,"href":"https:\/\/bodegagarzon.com\/en\/wp-json\/wp\/v2\/users\/1"}],"replies":[{"embeddable":true,"href":"https:\/\/bodegagarzon.com\/en\/wp-json\/wp\/v2\/comments?post=11011"}],"version-history":[{"count":1,"href":"https:\/\/bodegagarzon.com\/en\/wp-json\/wp\/v2\/pages\/11011\/revisions"}],"predecessor-version":[{"id":30397,"href":"https:\/\/bodegagarzon.com\/en\/wp-json\/wp\/v2\/pages\/11011\/revisions\/30397"}],"wp:attachment":[{"href":"https:\/\/bodegagarzon.com\/en\/wp-json\/wp\/v2\/media?parent=11011"}],"curies":[{"name":"wp","href":"https:\/\/api.w.org\/{rel}","templated":true}]}}